{"id":10102,"date":"2025-12-07T15:26:38","date_gmt":"2025-12-07T12:26:38","guid":{"rendered":"https:\/\/www.univ-chlef.dz\/ft\/?page_id=10102"},"modified":"2025-12-07T15:28:51","modified_gmt":"2025-12-07T12:28:51","slug":"travaux-dirige-materiaux-et-introduction-a-la-haute-tension","status":"publish","type":"page","link":"https:\/\/ft.univ-chlef.dz\/?page_id=10102","title":{"rendered":"Travaux Dirig\u00e9 Mat\u00e9riaux et Introduction \u00e0 La Haute Tension"},"content":{"rendered":"<ul>\n<li>\n<h3><strong><span style=\"color: #ff0000;\">R\u00e9dig\u00e9 par :\u00a0<\/span>Dr. MOSTEFAOUI Mohamed<\/strong><\/h3>\n<\/li>\n<li>\n<h3><strong><span style=\"color: #ff0000;\">E-mail\u00a0:<\/span>\u00a0<span class=\"gI\"><span class=\"qu\" tabindex=\"-1\" role=\"gridcell\" translate=\"no\"><span class=\"go\">m.mostefaoui@univ-chlef.dz<\/span><\/span><\/span><\/strong><\/h3>\n<\/li>\n<li>\n<h3><strong><span style=\"color: #ff0000;\">Destin\u00e9 pour Etudiants niveau\u00a0:<\/span> Licence 3 &#8211; Electrotechnique<\/strong><\/h3>\n<ul>\n<li>\n<h3><strong>T\u00e9l\u00e9charger le polycope\u00a0<span style=\"color: #0000ff;\"><a style=\"color: #0000ff;\" href=\"https:\/\/ft.univ-chlef.dz\/wp-content\/uploads\/2025\/12\/plycopie-TD-L3-Enregistre-automatiquement-1.pdf\">ici<\/a><\/span><\/strong><\/h3>\n<\/li>\n<\/ul>\n<\/li>\n<\/ul>\n","protected":false},"excerpt":{"rendered":"<p>R\u00e9dig\u00e9 par :\u00a0Dr. MOSTEFAOUI Mohamed E-mail\u00a0:\u00a0m.mostefaoui@univ-chlef.dz Destin\u00e9 pour Etudiants niveau\u00a0: Licence 3 &#8211; Electrotechnique T\u00e9l\u00e9charger le polycope\u00a0ici<\/p>\n","protected":false},"author":1,"featured_media":0,"parent":0,"menu_order":0,"comment_status":"closed","ping_status":"closed","template":"","meta":{"_uag_custom_page_level_css":"","site-sidebar-layout":"default","site-content-layout":"","ast-site-content-layout":"default","site-content-style":"default","site-sidebar-style":"default","ast-global-header-display":"","ast-banner-title-visibility":"","ast-main-header-display":"","ast-hfb-above-header-display":"","ast-hfb-below-header-display":"","ast-hfb-mobile-header-display":"","site-post-title":"","ast-breadcrumbs-content":"","ast-featured-img":"","footer-sml-layout":"","ast-disable-related-posts":"","theme-transparent-header-meta":"","adv-header-id-meta":"","stick-header-meta":"","header-above-stick-meta":"","header-main-stick-meta":"","header-below-stick-meta":"","astra-migrate-meta-layouts":"default","ast-page-background-enabled":"default","ast-page-background-meta":{"desktop":{"background-color":"var(--ast-global-color-5)","background-image":"","background-repeat":"repeat","background-position":"center center","background-size":"auto","background-attachment":"scroll","background-type":"","background-media":"","overlay-type":"","overlay-color":"","overlay-opacity":"","overlay-gradient":""},"tablet":{"background-color":"","background-image":"","background-repeat":"repeat","background-position":"center center","background-size":"auto","background-attachment":"scroll","background-type":"","background-media":"","overlay-type":"","overlay-color":"","overlay-opacity":"","overlay-gradient":""},"mobile":{"background-color":"","background-image":"","background-repeat":"repeat","background-position":"center center","background-size":"auto","background-attachment":"scroll","background-type":"","background-media":"","overlay-type":"","overlay-color":"","overlay-opacity":"","overlay-gradient":""}},"ast-content-background-meta":{"desktop":{"background-color":"var(--ast-global-color-4)","background-image":"","background-repeat":"repeat","background-position":"center center","background-size":"auto","background-attachment":"scroll","background-type":"","background-media":"","overlay-type":"","overlay-color":"","overlay-opacity":"","overlay-gradient":""},"tablet":{"background-color":"var(--ast-global-color-4)","background-image":"","background-repeat":"repeat","background-position":"center center","background-size":"auto","background-attachment":"scroll","background-type":"","background-media":"","overlay-type":"","overlay-color":"","overlay-opacity":"","overlay-gradient":""},"mobile":{"background-color":"var(--ast-global-color-4)","background-image":"","background-repeat":"repeat","background-position":"center center","background-size":"auto","background-attachment":"scroll","background-type":"","background-media":"","overlay-type":"","overlay-color":"","overlay-opacity":"","overlay-gradient":""}},"footnotes":""},"class_list":["post-10102","page","type-page","status-publish","hentry"],"uagb_featured_image_src":{"full":false,"thumbnail":false,"medium":false,"medium_large":false,"large":false,"1536x1536":false,"2048x2048":false},"uagb_author_info":{"display_name":"zouatenia mhamed","author_link":"https:\/\/ft.univ-chlef.dz\/?author=1"},"uagb_comment_info":0,"uagb_excerpt":"R\u00e9dig\u00e9 par :\u00a0Dr. MOSTEFAOUI Mohamed E-mail\u00a0:\u00a0m.mostefaoui@univ-chlef.dz Destin\u00e9 pour Etudiants niveau\u00a0: Licence 3 &#8211; Electrotechnique T\u00e9l\u00e9charger le polycope\u00a0ici","_links":{"self":[{"href":"https:\/\/ft.univ-chlef.dz\/index.php?rest_route=\/wp\/v2\/pages\/10102","targetHints":{"allow":["GET"]}}],"collection":[{"href":"https:\/\/ft.univ-chlef.dz\/index.php?rest_route=\/wp\/v2\/pages"}],"about":[{"href":"https:\/\/ft.univ-chlef.dz\/index.php?rest_route=\/wp\/v2\/types\/page"}],"author":[{"embeddable":true,"href":"https:\/\/ft.univ-chlef.dz\/index.php?rest_route=\/wp\/v2\/users\/1"}],"replies":[{"embeddable":true,"href":"https:\/\/ft.univ-chlef.dz\/index.php?rest_route=%2Fwp%2Fv2%2Fcomments&post=10102"}],"version-history":[{"count":0,"href":"https:\/\/ft.univ-chlef.dz\/index.php?rest_route=\/wp\/v2\/pages\/10102\/revisions"}],"wp:attachment":[{"href":"https:\/\/ft.univ-chlef.dz\/index.php?rest_route=%2Fwp%2Fv2%2Fmedia&parent=10102"}],"curies":[{"name":"wp","href":"https:\/\/api.w.org\/{rel}","templated":true}]}}