{"id":10330,"date":"2026-01-29T10:51:27","date_gmt":"2026-01-29T07:51:27","guid":{"rendered":"https:\/\/ft.univ-chlef.dz\/?page_id=10330"},"modified":"2026-01-29T11:08:30","modified_gmt":"2026-01-29T08:08:30","slug":"ingenieur-detat","status":"publish","type":"page","link":"https:\/\/ft.univ-chlef.dz\/?page_id=10330","title":{"rendered":"Ing\u00e9nieur d&rsquo;\u00e9tat"},"content":{"rendered":"<ol>\n<li><strong><a href=\"https:\/\/ft.univ-chlef.dz\/wp-content\/uploads\/2026\/01\/TCT_TM-genie-des-procedes.pdf\">Tronc commun \u2013 Parcours Ing\u00e9nieur d\u2019\u00e9tat \u2013 Fili\u00e8re: G\u00e9nie des proc\u00e9d\u00e9s<\/a><\/strong><\/li>\n<li><strong><a href=\"https:\/\/ft.univ-chlef.dz\/wp-content\/uploads\/2026\/01\/TCT-TM-groupe-_Genie-electrique_.pdf\">Tronc commun \u2013 Parcours Ing\u00e9nieur d\u2019\u00e9tat \u2013 Fili\u00e8re: Groupe des fili\u00e8res du \u00ab G\u00e9nie \u00e9lectrique \u00bb : \u00c9lectrotechnique, \u00e9lectrom\u00e9canique, t\u00e9l\u00e9communications, \u00e9lectronique, automatique<\/a><\/strong><\/li>\n<li><strong><a href=\"https:\/\/ft.univ-chlef.dz\/wp-content\/uploads\/2026\/01\/TCT-TM-Genie-Mecanique_.pdf\">Tronc commun \u2013 Parcours Ing\u00e9nieur d\u2019\u00e9tat \u2013 Fili\u00e8re:G\u00e9nie m\u00e9canique<\/a><\/strong><\/li>\n<li><strong><a href=\"https:\/\/ft.univ-chlef.dz\/wp-content\/uploads\/2026\/01\/Arrete-N\u00b0-711-programme-FB-Ing-2.pdf\">Ing\u00e9nieur d&rsquo;\u00e9tat: Domaine: Sciences et Technologies<\/a><\/strong><\/li>\n<li><strong><a href=\"https:\/\/ft.univ-chlef.dz\/wp-content\/uploads\/2026\/01\/canevas-ingenieur-TM-GT.docx\">Ing\u00e9niorat d&rsquo;\u00e9tat: Fili\u00e8re: G\u00e9nie des Proc\u00e9d\u00e9s &#8211; Sp\u00e9cialit\u00e9: G\u00e9nie Textile<\/a>\u00a0<\/strong><\/li>\n<li><strong><a href=\"https:\/\/ft.univ-chlef.dz\/wp-content\/uploads\/2026\/01\/reseaux-electriques-et-production-denergie-MAJ-2025.docx\">Ing\u00e9niorat d&rsquo;\u00e9tat: Fili\u00e8re: Electrotechnique &#8211; Sp\u00e9cialit\u00e9: R\u00e9seaux \u00e9lectriques et production \u00a0d\u2019\u00e9nergie<\/a><\/strong><em><em><br \/><\/em><\/em><em>\u00a0<\/em><\/li>\n<\/ol>\n\n\n<p><\/p>\n","protected":false},"excerpt":{"rendered":"<p>Tronc commun \u2013 Parcours Ing\u00e9nieur d\u2019\u00e9tat \u2013 Fili\u00e8re: G\u00e9nie des proc\u00e9d\u00e9s Tronc commun \u2013 Parcours Ing\u00e9nieur d\u2019\u00e9tat \u2013 Fili\u00e8re: Groupe [&hellip;]<\/p>\n","protected":false},"author":8,"featured_media":0,"parent":0,"menu_order":0,"comment_status":"closed","ping_status":"closed","template":"","meta":{"_uag_custom_page_level_css":"","site-sidebar-layout":"default","site-content-layout":"","ast-site-content-layout":"default","site-content-style":"default","site-sidebar-style":"default","ast-global-header-display":"","ast-banner-title-visibility":"","ast-main-header-display":"","ast-hfb-above-header-display":"","ast-hfb-below-header-display":"","ast-hfb-mobile-header-display":"","site-post-title":"","ast-breadcrumbs-content":"","ast-featured-img":"","footer-sml-layout":"","ast-disable-related-posts":"","theme-transparent-header-meta":"","adv-header-id-meta":"","stick-header-meta":"","header-above-stick-meta":"","header-main-stick-meta":"","header-below-stick-meta":"","astra-migrate-meta-layouts":"default","ast-page-background-enabled":"default","ast-page-background-meta":{"desktop":{"background-color":"var(--ast-global-color-5)","background-image":"","background-repeat":"repeat","background-position":"center center","background-size":"auto","background-attachment":"scroll","background-type":"","background-media":"","overlay-type":"","overlay-color":"","overlay-opacity":"","overlay-gradient":""},"tablet":{"background-color":"","background-image":"","background-repeat":"repeat","background-position":"center center","background-size":"auto","background-attachment":"scroll","background-type":"","background-media":"","overlay-type":"","overlay-color":"","overlay-opacity":"","overlay-gradient":""},"mobile":{"background-color":"","background-image":"","background-repeat":"repeat","background-position":"center center","background-size":"auto","background-attachment":"scroll","background-type":"","background-media":"","overlay-type":"","overlay-color":"","overlay-opacity":"","overlay-gradient":""}},"ast-content-background-meta":{"desktop":{"background-color":"var(--ast-global-color-4)","background-image":"","background-repeat":"repeat","background-position":"center center","background-size":"auto","background-attachment":"scroll","background-type":"","background-media":"","overlay-type":"","overlay-color":"","overlay-opacity":"","overlay-gradient":""},"tablet":{"background-color":"var(--ast-global-color-4)","background-image":"","background-repeat":"repeat","background-position":"center center","background-size":"auto","background-attachment":"scroll","background-type":"","background-media":"","overlay-type":"","overlay-color":"","overlay-opacity":"","overlay-gradient":""},"mobile":{"background-color":"var(--ast-global-color-4)","background-image":"","background-repeat":"repeat","background-position":"center center","background-size":"auto","background-attachment":"scroll","background-type":"","background-media":"","overlay-type":"","overlay-color":"","overlay-opacity":"","overlay-gradient":""}},"footnotes":""},"class_list":["post-10330","page","type-page","status-publish","hentry"],"uagb_featured_image_src":{"full":false,"thumbnail":false,"medium":false,"medium_large":false,"large":false,"1536x1536":false,"2048x2048":false},"uagb_author_info":{"display_name":"bekhada kaddourtahri","author_link":"https:\/\/ft.univ-chlef.dz\/?author=8"},"uagb_comment_info":0,"uagb_excerpt":"Tronc commun \u2013 Parcours Ing\u00e9nieur d\u2019\u00e9tat \u2013 Fili\u00e8re: G\u00e9nie des proc\u00e9d\u00e9s Tronc commun \u2013 Parcours Ing\u00e9nieur d\u2019\u00e9tat \u2013 Fili\u00e8re: Groupe [&hellip;]","_links":{"self":[{"href":"https:\/\/ft.univ-chlef.dz\/index.php?rest_route=\/wp\/v2\/pages\/10330","targetHints":{"allow":["GET"]}}],"collection":[{"href":"https:\/\/ft.univ-chlef.dz\/index.php?rest_route=\/wp\/v2\/pages"}],"about":[{"href":"https:\/\/ft.univ-chlef.dz\/index.php?rest_route=\/wp\/v2\/types\/page"}],"author":[{"embeddable":true,"href":"https:\/\/ft.univ-chlef.dz\/index.php?rest_route=\/wp\/v2\/users\/8"}],"replies":[{"embeddable":true,"href":"https:\/\/ft.univ-chlef.dz\/index.php?rest_route=%2Fwp%2Fv2%2Fcomments&post=10330"}],"version-history":[{"count":12,"href":"https:\/\/ft.univ-chlef.dz\/index.php?rest_route=\/wp\/v2\/pages\/10330\/revisions"}],"predecessor-version":[{"id":10351,"href":"https:\/\/ft.univ-chlef.dz\/index.php?rest_route=\/wp\/v2\/pages\/10330\/revisions\/10351"}],"wp:attachment":[{"href":"https:\/\/ft.univ-chlef.dz\/index.php?rest_route=%2Fwp%2Fv2%2Fmedia&parent=10330"}],"curies":[{"name":"wp","href":"https:\/\/api.w.org\/{rel}","templated":true}]}}