{"id":180,"date":"2017-01-11T00:26:30","date_gmt":"2017-01-10T21:26:30","guid":{"rendered":"http:\/\/www.univ-chlef.dz\/FSEI\/?page_id=180"},"modified":"2019-11-05T18:32:35","modified_gmt":"2019-11-05T15:32:35","slug":"secretariat-general","status":"publish","type":"page","link":"https:\/\/ft.univ-chlef.dz\/?page_id=180","title":{"rendered":"Secr\u00e9tariat G\u00e9n\u00e9ral"},"content":{"rendered":"<p>Le bureau du secr\u00e9tariat g\u00e9n\u00e9ral contribue \u00e0 la continuit\u00e9 et au d\u00e9veloppement de la facult\u00e9, il est charg\u00e9 :<\/p>\n<ul>\n<li>D\u2019assurer la gestion des carri\u00e8res des personnels de la facult\u00e9.<\/li>\n<li>D\u2019assurer la gestion et la conservation des archives et de la documentation de la facult\u00e9.<\/li>\n<li>De pr\u00e9parer le projet de budget de la facult\u00e9 et d\u2019en assurer l\u2019ex\u00e9cution.<\/li>\n<li>De promouvoir avec les structures concern\u00e9es du rectorat les activit\u00e9s scientifiques, culturelles et sportives au profit des \u00e9tudiants.<\/li>\n<li>De g\u00e9rer les moyens meubles et immeubles de la\u00a0facult\u00e9 et de veiller<br \/>\n\u00e0 leur entretien et \u00e0 leur maintenance.<\/li>\n<li>D\u2019assurer la mise en \u0153uvre du plan de s\u00fbret\u00e9 interne\u00a0de la facult\u00e9.<\/li>\n<\/ul>\n<p>Le secr\u00e9tariat g\u00e9n\u00e9ral de la facult\u00e9 auquel est rattach\u00e9 le bureau de s\u00fbret\u00e9 interne, comprend les services suivants :<\/p>\n<p><strong>\u00a0<\/strong><\/p>\n<p><strong>Le service des personnels<\/strong><\/p>\n<ul>\n<li>La section des personnels enseignants.<\/li>\n<li>La section des personnels administratifs, techniques\u00a0et agents de service.<\/li>\n<\/ul>\n<p><strong>\u00a0<\/strong><\/p>\n<p><strong>Le service du budget et de la comptabilit\u00e9<\/strong><\/p>\n<ul>\n<li>La section du budget,<\/li>\n<li>La section de la comptabilit\u00e9.<\/li>\n<\/ul>\n<p><strong>Le service de l\u2019animation, scientifique, culturelle et sportive<\/strong><\/p>\n<p><strong>Le service des moyens et de la maintenance<\/strong><\/p>\n<ul>\n<li>La section des moyens.<\/li>\n<li>La section maintenance<\/li>\n<\/ul>\n<p><strong>\u00a0<\/strong><\/p>\n<p><strong>Contact\u00a0:<\/strong><\/p>\n<p><strong><span style=\"font-family: tahoma, arial, helvetica, sans-serif; font-size: 10pt; color: #0000ff;\">M. ANIOUR Djamel<\/span><\/strong><br \/>\n<span style=\"font-family: tahoma, arial, helvetica, sans-serif; font-size: 10pt;\">T\u00e9l\/Fax : 027 72 57 77<\/span><br \/>\n<span style=\"font-family: tahoma, arial, helvetica, sans-serif; font-size: 10pt;\">Mail :\u00a0<\/span><\/p>\n<p><span style=\"font-family: tahoma, arial, helvetica, sans-serif; font-size: 10pt;\">Adresse :\u00a0Universit\u00e9 Hassiba Benbouali de Chlef<\/span><br \/>\n<span style=\"font-family: tahoma, arial, helvetica, sans-serif; font-size: 10pt;\">Facult\u00e9 de T\u00e9chnologie Chlef &#8211; Alg\u00e9rie<\/span><\/p>\n","protected":false},"excerpt":{"rendered":"<p>Le bureau du secr\u00e9tariat g\u00e9n\u00e9ral contribue \u00e0 la continuit\u00e9 et au d\u00e9veloppement de la facult\u00e9, il est charg\u00e9 : D\u2019assurer [&hellip;]<\/p>\n","protected":false},"author":1,"featured_media":0,"parent":0,"menu_order":0,"comment_status":"closed","ping_status":"closed","template":"","meta":{"_uag_custom_page_level_css":"","site-sidebar-layout":"default","site-content-layout":"","ast-site-content-layout":"default","site-content-style":"default","site-sidebar-style":"default","ast-global-header-display":"","ast-banner-title-visibility":"","ast-main-header-display":"","ast-hfb-above-header-display":"","ast-hfb-below-header-display":"","ast-hfb-mobile-header-display":"","site-post-title":"","ast-breadcrumbs-content":"","ast-featured-img":"","footer-sml-layout":"","ast-disable-related-posts":"","theme-transparent-header-meta":"","adv-header-id-meta":"","stick-header-meta":"","header-above-stick-meta":"","header-main-stick-meta":"","header-below-stick-meta":"","astra-migrate-meta-layouts":"default","ast-page-background-enabled":"default","ast-page-background-meta":{"desktop":{"background-color":"var(--ast-global-color-5)","background-image":"","background-repeat":"repeat","background-position":"center center","background-size":"auto","background-attachment":"scroll","background-type":"","background-media":"","overlay-type":"","overlay-color":"","overlay-opacity":"","overlay-gradient":""},"tablet":{"background-color":"","background-image":"","background-repeat":"repeat","background-position":"center center","background-size":"auto","background-attachment":"scroll","background-type":"","background-media":"","overlay-type":"","overlay-color":"","overlay-opacity":"","overlay-gradient":""},"mobile":{"background-color":"","background-image":"","background-repeat":"repeat","background-position":"center center","background-size":"auto","background-attachment":"scroll","background-type":"","background-media":"","overlay-type":"","overlay-color":"","overlay-opacity":"","overlay-gradient":""}},"ast-content-background-meta":{"desktop":{"background-color":"var(--ast-global-color-4)","background-image":"","background-repeat":"repeat","background-position":"center center","background-size":"auto","background-attachment":"scroll","background-type":"","background-media":"","overlay-type":"","overlay-color":"","overlay-opacity":"","overlay-gradient":""},"tablet":{"background-color":"var(--ast-global-color-4)","background-image":"","background-repeat":"repeat","background-position":"center center","background-size":"auto","background-attachment":"scroll","background-type":"","background-media":"","overlay-type":"","overlay-color":"","overlay-opacity":"","overlay-gradient":""},"mobile":{"background-color":"var(--ast-global-color-4)","background-image":"","background-repeat":"repeat","background-position":"center center","background-size":"auto","background-attachment":"scroll","background-type":"","background-media":"","overlay-type":"","overlay-color":"","overlay-opacity":"","overlay-gradient":""}},"footnotes":""},"class_list":["post-180","page","type-page","status-publish","hentry"],"uagb_featured_image_src":{"full":false,"thumbnail":false,"medium":false,"medium_large":false,"large":false,"1536x1536":false,"2048x2048":false},"uagb_author_info":{"display_name":"zouatenia mhamed","author_link":"https:\/\/ft.univ-chlef.dz\/?author=1"},"uagb_comment_info":0,"uagb_excerpt":"Le bureau du secr\u00e9tariat g\u00e9n\u00e9ral contribue \u00e0 la continuit\u00e9 et au d\u00e9veloppement de la facult\u00e9, il est charg\u00e9 : D\u2019assurer [&hellip;]","_links":{"self":[{"href":"https:\/\/ft.univ-chlef.dz\/index.php?rest_route=\/wp\/v2\/pages\/180","targetHints":{"allow":["GET"]}}],"collection":[{"href":"https:\/\/ft.univ-chlef.dz\/index.php?rest_route=\/wp\/v2\/pages"}],"about":[{"href":"https:\/\/ft.univ-chlef.dz\/index.php?rest_route=\/wp\/v2\/types\/page"}],"author":[{"embeddable":true,"href":"https:\/\/ft.univ-chlef.dz\/index.php?rest_route=\/wp\/v2\/users\/1"}],"replies":[{"embeddable":true,"href":"https:\/\/ft.univ-chlef.dz\/index.php?rest_route=%2Fwp%2Fv2%2Fcomments&post=180"}],"version-history":[{"count":0,"href":"https:\/\/ft.univ-chlef.dz\/index.php?rest_route=\/wp\/v2\/pages\/180\/revisions"}],"wp:attachment":[{"href":"https:\/\/ft.univ-chlef.dz\/index.php?rest_route=%2Fwp%2Fv2%2Fmedia&parent=180"}],"curies":[{"name":"wp","href":"https:\/\/api.w.org\/{rel}","templated":true}]}}