{"id":187,"date":"2017-01-11T01:09:39","date_gmt":"2017-01-10T22:09:39","guid":{"rendered":"http:\/\/www.univ-chlef.dz\/FSEI\/?page_id=187"},"modified":"2020-09-16T14:43:27","modified_gmt":"2020-09-16T11:43:27","slug":"le-doyen","status":"publish","type":"page","link":"https:\/\/ft.univ-chlef.dz\/?page_id=187","title":{"rendered":"Le Doyen"},"content":{"rendered":"<p><strong><span style=\"color: #ff0000; font-size: 18pt;\">Contact :<\/span><img loading=\"lazy\" decoding=\"async\" class=\"wp-image-1849 alignleft\" src=\"https:\/\/ft.univ-chlef.dz\/wp-content\/uploads\/2019\/11\/doyenne.jpg\" alt=\"\" width=\"128\" height=\"155\" srcset=\"https:\/\/ft.univ-chlef.dz\/wp-content\/uploads\/2019\/11\/doyenne.jpg 403w, https:\/\/ft.univ-chlef.dz\/wp-content\/uploads\/2019\/11\/doyenne-248x300.jpg 248w\" sizes=\"auto, (max-width: 128px) 100vw, 128px\" \/><\/strong><\/p>\n<p><span style=\"color: #0000ff;\">Doyenne de la facult\u00e9<\/span><strong>: Dr.Ing. FARES Chahinez\u00a0 <\/strong><br \/><span style=\"color: #0000ff;\">T\u00e9l\/Fax :<\/span> 027 72 17 94<br \/><span style=\"color: #0000ff;\">Email :<\/span><span style=\"color: #000000;\"><strong> c.fares@univ-chlef.dz<\/strong><\/span><br \/><span style=\"color: #0000ff;\">Site Web<\/span><strong> :<\/strong> <a href=\"https:\/\/ft.univ-chlef.dz\/\" target=\"_blank\" rel=\"noopener noreferrer\"><strong><span style=\"color: #000000;\">www.univ-chlef.dz\/ft<\/span><\/strong><\/a><\/p>\n<p>\u00a0<\/p>\n<p><span style=\"color: #ff0000; font-family: book antiqua, palatino, serif; font-size: 14pt;\"><strong>Mot de la doyenne de la facult\u00e9 de Technologie<\/strong><\/span><\/p>\n<p style=\"text-align: left;\"><span style=\"color: #000000; font-family: book antiqua, palatino, serif;\">Bienvenue, \u00e0 toute la communaut\u00e9 universitaire\u00a0sur la plateforme virtuelle <strong>de <span style=\"color: #ff0000;\">la Facult\u00e9 de Technologie <\/span><\/strong>de l\u2019Universit\u00e9 de Hassiba Benbouali de Chlef, lieu de connaissances, et d\u2019innovation.<\/span><\/p>\n<p style=\"text-align: left;\"><span style=\"color: #000000; font-family: book antiqua, palatino, serif;\">La Facult\u00e9 de Technologie est issue de la restructuration de la facult\u00e9 des Sciences et des Sciences de l\u2019ing\u00e9nieur, scind\u00e9e en deux facult\u00e9s en vertu du d\u00e9cret ex\u00e9cutif 40\/2011 du 06\/02\/2011.<\/span><\/p>\n<p style=\"text-align: left;\"><span style=\"color: #000000; font-family: book antiqua, palatino, serif;\">La Facult\u00e9 de Technologie est une Unit\u00e9 de <a style=\"color: #000000;\" href=\"https:\/\/sciences.univ-reunion.fr\/formation\">formation<\/a> et de <a style=\"color: #000000;\" href=\"https:\/\/sciences.univ-reunion.fr\/recherche\">recherche<\/a>. Les formations de Licence et du Master sont assur\u00e9es au sein de 04 d\u00e9partements\u00a0:\u00a0<\/span><\/p>\n<ol>\n<li style=\"list-style-type: none;\">\n<ol>\n<li style=\"text-align: left;\"><span style=\"color: #0000ff; font-family: book antiqua, palatino, serif;\"><strong><a href=\"https:\/\/ft.univ-chlef.dz\/?p=824\"><span style=\"color: #0080ff;\">G\u00e9nie M\u00e9canique (GM)<\/span><\/a> <\/strong><\/span><\/li>\n<\/ol>\n<\/li>\n<\/ol>\n<ol>\n<li style=\"list-style-type: none;\">\n<ol>\n<li style=\"text-align: left;\"><span style=\"color: #0080ff;\"><a style=\"color: #0080ff;\" href=\"https:\/\/ft.univ-chlef.dz\/?p=828\"><span style=\"font-family: book antiqua, palatino, serif;\"><strong>Electronique (ELN) <\/strong><\/span><\/a><\/span><\/li>\n<\/ol>\n<\/li>\n<\/ol>\n<ol>\n<li style=\"list-style-type: none;\">\n<ol>\n<li style=\"text-align: left;\"><span style=\"color: #0080ff; font-family: book antiqua, palatino, serif;\"><strong><a style=\"color: #0080ff;\" href=\"https:\/\/ft.univ-chlef.dz\/?p=830\">Electrotechnique (ELT)\u00a0<\/a> <\/strong><\/span><\/li>\n<\/ol>\n<\/li>\n<\/ol>\n<ol>\n<li style=\"list-style-type: none;\">\n<ol>\n<li style=\"text-align: left;\"><span style=\"color: #0080ff;\"><a style=\"color: #0080ff;\" href=\"https:\/\/ft.univ-chlef.dz\/?p=826\"><span style=\"font-family: book antiqua, palatino, serif;\"><strong>G\u00e9nie des Proc\u00e9d\u00e9s (GP)<\/strong> <\/span><\/a><\/span><\/li>\n<\/ol>\n<\/li>\n<\/ol>\n<ol>\n<li style=\"text-align: left;\"><span style=\"color: #000000; font-family: book antiqua, palatino, serif;\">Le cinqui\u00e8me d\u00e9partement annex\u00e9 \u00e0 la facult\u00e9 est le <strong><span style=\"color: #0080ff;\"><a style=\"color: #0080ff;\" href=\"https:\/\/ft.univ-chlef.dz\/?p=1718\">d\u00e9partement du Tronc Commun en Technologie (T.C.T)<\/a><\/span>,<\/strong> cr\u00e9e en 2019, qui g\u00e8re le socle commun des sp\u00e9cialit\u00e9s du domaine Sciences et Technologie (S.T) et assure une formation de base, commune \u00e0 toutes les sp\u00e9cialisations du domaine Sciences et Technologies.<\/span><\/li>\n<\/ol>\n<p style=\"text-align: left;\"><span style=\"color: #000000; font-family: book antiqua, palatino, serif;\">Toutes les formations en cycle licence et master alternent les cours magistraux, les travaux dirig\u00e9s et les travaux pratiques. Outre l\u2019enseignement scientifique, les formations comprennent aussi un encadrement pour les projets de fin de cycle (licence et master) et des stages obligatoires en entreprise ou en laboratoire. Le programme de ces formations vise principalement l\u2019insertion des \u00e9tudiants dans la vie active au profit de l\u2019entreprise.<\/span><\/p>\n<p style=\"text-align: left;\"><span style=\"color: #000000; font-family: book antiqua, palatino, serif;\">La <a style=\"color: #000000;\" href=\"https:\/\/www.usherbrooke.ca\/genie\/recherche-et-innovation\/\">recherche<\/a> \u00e0 la Facult\u00e9 de Technologie s\u2019articule sur des grandes orientations\u00a0: mat\u00e9riaux; \u00e9nergie renouvelable; d\u00e9veloppement durable; g\u00e9nie chimique\u00a0; \u00e9nerg\u00e9tique; environnement\u2026etc. Elle se concr\u00e9tise \u00e0 travers les formations doctorales dans le nouveau syst\u00e8me LMD, ainsi que dans le syst\u00e8me classique qui est en voie d\u2019extinction. Cette formation repose sur les efforts des professeurs et du personnel de recherche r\u00e9partis sur les six laboratoires de recherches au sein de la facult\u00e9.<\/span><\/p>\n<p style=\"text-align: left;\"><span style=\"color: #000000; font-family: book antiqua, palatino, serif;\">Afin de fournir des professionnels de haut niveau capables de contribuer au d\u00e9veloppement du pays, les principales pr\u00e9occupations du staff de la facult\u00e9 sont de promouvoir la qualit\u00e9 de la formation en d\u00e9veloppant l\u2019esprit d\u2019initiative, d\u2019am\u00e9liorer les conditions de recherches en adoptant les nouvelles technologies et de d\u00e9velopper les relations entre le monde universitaire et le monde professionnel.\u00a0<\/span><\/p>\n<p style=\"text-align: left;\">\u00a0<\/p>\n<p style=\"text-align: left;\"><span style=\"color: #000000; font-family: book antiqua, palatino, serif;\">Enfin, Soyez convaincus que l&rsquo;ensemble de la communaut\u00e9 scientifique et administrative de la facult\u00e9 de Technologie s\u2019engage, en pr\u00e9servant les acquis de nos pr\u00e9d\u00e9cesseurs et en s\u2019inscrivant dans l\u2019am\u00e9lioration et la r\u00e9novation, \u00e0 accompagner nos \u00e9tudiants durant leurs cursus et \u00e0 les inciter \u00e0 s\u2019investir dans \u00a0l\u2019acquisition de comp\u00e9tences scientifiques.<\/span><\/p>\n<p style=\"text-align: right;\"><strong>\u00a0<\/strong><span style=\"font-family: courier new, courier, monospace; font-size: 10pt;\"><em><strong>Dr. Ing. FARES Chahinez<\/strong><\/em><\/span><\/p>\n<p style=\"text-align: right;\"><span style=\"font-family: courier new, courier, monospace; font-size: 10pt;\"><em><strong>Doyenne de la facult\u00e9 de Technologie<\/strong><\/em><\/span><\/p>\n","protected":false},"excerpt":{"rendered":"<p>Contact : Doyenne de la facult\u00e9: Dr.Ing. FARES Chahinez\u00a0 T\u00e9l\/Fax : 027 72 17 94Email : c.fares@univ-chlef.dzSite Web : www.univ-chlef.dz\/ft [&hellip;]<\/p>\n","protected":false},"author":1,"featured_media":0,"parent":0,"menu_order":0,"comment_status":"closed","ping_status":"closed","template":"","meta":{"_uag_custom_page_level_css":"","site-sidebar-layout":"default","site-content-layout":"","ast-site-content-layout":"default","site-content-style":"default","site-sidebar-style":"default","ast-global-header-display":"","ast-banner-title-visibility":"","ast-main-header-display":"","ast-hfb-above-header-display":"","ast-hfb-below-header-display":"","ast-hfb-mobile-header-display":"","site-post-title":"","ast-breadcrumbs-content":"","ast-featured-img":"","footer-sml-layout":"","ast-disable-related-posts":"","theme-transparent-header-meta":"","adv-header-id-meta":"","stick-header-meta":"","header-above-stick-meta":"","header-main-stick-meta":"","header-below-stick-meta":"","astra-migrate-meta-layouts":"default","ast-page-background-enabled":"default","ast-page-background-meta":{"desktop":{"background-color":"var(--ast-global-color-5)","background-image":"","background-repeat":"repeat","background-position":"center center","background-size":"auto","background-attachment":"scroll","background-type":"","background-media":"","overlay-type":"","overlay-color":"","overlay-opacity":"","overlay-gradient":""},"tablet":{"background-color":"","background-image":"","background-repeat":"repeat","background-position":"center center","background-size":"auto","background-attachment":"scroll","background-type":"","background-media":"","overlay-type":"","overlay-color":"","overlay-opacity":"","overlay-gradient":""},"mobile":{"background-color":"","background-image":"","background-repeat":"repeat","background-position":"center center","background-size":"auto","background-attachment":"scroll","background-type":"","background-media":"","overlay-type":"","overlay-color":"","overlay-opacity":"","overlay-gradient":""}},"ast-content-background-meta":{"desktop":{"background-color":"var(--ast-global-color-4)","background-image":"","background-repeat":"repeat","background-position":"center center","background-size":"auto","background-attachment":"scroll","background-type":"","background-media":"","overlay-type":"","overlay-color":"","overlay-opacity":"","overlay-gradient":""},"tablet":{"background-color":"var(--ast-global-color-4)","background-image":"","background-repeat":"repeat","background-position":"center center","background-size":"auto","background-attachment":"scroll","background-type":"","background-media":"","overlay-type":"","overlay-color":"","overlay-opacity":"","overlay-gradient":""},"mobile":{"background-color":"var(--ast-global-color-4)","background-image":"","background-repeat":"repeat","background-position":"center center","background-size":"auto","background-attachment":"scroll","background-type":"","background-media":"","overlay-type":"","overlay-color":"","overlay-opacity":"","overlay-gradient":""}},"footnotes":""},"class_list":["post-187","page","type-page","status-publish","hentry"],"uagb_featured_image_src":{"full":false,"thumbnail":false,"medium":false,"medium_large":false,"large":false,"1536x1536":false,"2048x2048":false},"uagb_author_info":{"display_name":"zouatenia mhamed","author_link":"https:\/\/ft.univ-chlef.dz\/?author=1"},"uagb_comment_info":0,"uagb_excerpt":"Contact : Doyenne de la facult\u00e9: Dr.Ing. FARES Chahinez\u00a0 T\u00e9l\/Fax : 027 72 17 94Email : c.fares@univ-chlef.dzSite Web : www.univ-chlef.dz\/ft [&hellip;]","_links":{"self":[{"href":"https:\/\/ft.univ-chlef.dz\/index.php?rest_route=\/wp\/v2\/pages\/187","targetHints":{"allow":["GET"]}}],"collection":[{"href":"https:\/\/ft.univ-chlef.dz\/index.php?rest_route=\/wp\/v2\/pages"}],"about":[{"href":"https:\/\/ft.univ-chlef.dz\/index.php?rest_route=\/wp\/v2\/types\/page"}],"author":[{"embeddable":true,"href":"https:\/\/ft.univ-chlef.dz\/index.php?rest_route=\/wp\/v2\/users\/1"}],"replies":[{"embeddable":true,"href":"https:\/\/ft.univ-chlef.dz\/index.php?rest_route=%2Fwp%2Fv2%2Fcomments&post=187"}],"version-history":[{"count":0,"href":"https:\/\/ft.univ-chlef.dz\/index.php?rest_route=\/wp\/v2\/pages\/187\/revisions"}],"wp:attachment":[{"href":"https:\/\/ft.univ-chlef.dz\/index.php?rest_route=%2Fwp%2Fv2%2Fmedia&parent=187"}],"curies":[{"name":"wp","href":"https:\/\/api.w.org\/{rel}","templated":true}]}}