{"id":2268,"date":"2020-01-09T13:31:08","date_gmt":"2020-01-09T10:31:08","guid":{"rendered":"https:\/\/www.univ-chlef.dz\/ft\/?page_id=2268"},"modified":"2020-01-09T13:48:59","modified_gmt":"2020-01-09T10:48:59","slug":"liste-des-livres-et-memoires","status":"publish","type":"page","link":"https:\/\/ft.univ-chlef.dz\/?page_id=2268","title":{"rendered":"Liste des livres et m\u00e9moires:"},"content":{"rendered":"<p><span style=\"color: #ff0000;\"><strong>Liste des livres par sp\u00e9cialit\u00e9\u00a0:<\/strong><\/span><\/p>\n<ul>\n<li><span style=\"color: #0000ff;\">Physique <\/span>\n<ul>\n<li><span style=\"color: #0000ff;\"><a style=\"color: #0000ff;\" href=\"https:\/\/ft.univ-chlef.dz\/wp-content\/uploads\/2020\/01\/Liste-des-livres-de-specialite-physique.pdf\">en fran\u00e7ais<\/a><\/span><\/li>\n<li><span style=\"color: #0000ff;\"><a style=\"color: #0000ff;\" href=\"https:\/\/ft.univ-chlef.dz\/wp-content\/uploads\/2020\/01\/liste-livre-physique-arabe.pdf\">en arabe<\/a><\/span><\/li>\n<\/ul>\n<\/li>\n<li><span style=\"color: #0000ff;\"><a style=\"color: #0000ff;\" href=\"https:\/\/ft.univ-chlef.dz\/wp-content\/uploads\/2020\/01\/Listes-des-livres-de-specialite-mathematique.pdf\">Math\u00e9matique<\/a><\/span><\/li>\n<li><span style=\"color: #0000ff;\"><a style=\"color: #0000ff;\" href=\"https:\/\/ft.univ-chlef.dz\/wp-content\/uploads\/2020\/01\/Liste-des-livres-de-specialite-Genie-des-procedes.pdf\">G\u00e9nie des proc\u00e9d\u00e9s<\/a><\/span><\/li>\n<li><span style=\"color: #0000ff;\"><a style=\"color: #0000ff;\" href=\"https:\/\/ft.univ-chlef.dz\/wp-content\/uploads\/2020\/01\/Liste-des-livres-de-specialite-Genie-Mecanique.pdf\">G\u00e9nie M\u00e9canique<\/a><\/span><\/li>\n<li><span style=\"color: #0000ff;\"><a style=\"color: #0000ff;\" href=\"https:\/\/ft.univ-chlef.dz\/wp-content\/uploads\/2020\/01\/Liste-des-livres-specialite-chimie.pdf\">Chimie<\/a><\/span><\/li>\n<\/ul>\n<p><span style=\"color: #ff0000;\"><strong>Liste des m\u00e9moires par sp\u00e9cialit\u00e9\u00a0:<\/strong><\/span><\/p>\n<ul>\n<li><a href=\"https:\/\/ft.univ-chlef.dz\/wp-content\/uploads\/2020\/01\/Liste-des-memoires-specialite-Genie-des-procedes.pdf\"><span style=\"color: #0000ff;\">G\u00e9nie des proc\u00e9d\u00e9s<\/span><\/a><\/li>\n<li><a href=\"https:\/\/ft.univ-chlef.dz\/wp-content\/uploads\/2020\/01\/Liste-des-memoires-specialite-Genie-mecanique.pdf\"><span style=\"color: #0000ff;\">G\u00e9nie M\u00e9caniqu<\/span>e<\/a><\/li>\n<\/ul>\n","protected":false},"excerpt":{"rendered":"<p>Liste des livres par sp\u00e9cialit\u00e9\u00a0: Physique en fran\u00e7ais en arabe Math\u00e9matique G\u00e9nie des proc\u00e9d\u00e9s G\u00e9nie M\u00e9canique Chimie Liste des m\u00e9moires [&hellip;]<\/p>\n","protected":false},"author":6,"featured_media":0,"parent":0,"menu_order":0,"comment_status":"closed","ping_status":"closed","template":"","meta":{"_uag_custom_page_level_css":"","site-sidebar-layout":"default","site-content-layout":"","ast-site-content-layout":"default","site-content-style":"default","site-sidebar-style":"default","ast-global-header-display":"","ast-banner-title-visibility":"","ast-main-header-display":"","ast-hfb-above-header-display":"","ast-hfb-below-header-display":"","ast-hfb-mobile-header-display":"","site-post-title":"","ast-breadcrumbs-content":"","ast-featured-img":"","footer-sml-layout":"","ast-disable-related-posts":"","theme-transparent-header-meta":"","adv-header-id-meta":"","stick-header-meta":"","header-above-stick-meta":"","header-main-stick-meta":"","header-below-stick-meta":"","astra-migrate-meta-layouts":"default","ast-page-background-enabled":"default","ast-page-background-meta":{"desktop":{"background-color":"var(--ast-global-color-5)","background-image":"","background-repeat":"repeat","background-position":"center center","background-size":"auto","background-attachment":"scroll","background-type":"","background-media":"","overlay-type":"","overlay-color":"","overlay-opacity":"","overlay-gradient":""},"tablet":{"background-color":"","background-image":"","background-repeat":"repeat","background-position":"center center","background-size":"auto","background-attachment":"scroll","background-type":"","background-media":"","overlay-type":"","overlay-color":"","overlay-opacity":"","overlay-gradient":""},"mobile":{"background-color":"","background-image":"","background-repeat":"repeat","background-position":"center center","background-size":"auto","background-attachment":"scroll","background-type":"","background-media":"","overlay-type":"","overlay-color":"","overlay-opacity":"","overlay-gradient":""}},"ast-content-background-meta":{"desktop":{"background-color":"var(--ast-global-color-4)","background-image":"","background-repeat":"repeat","background-position":"center center","background-size":"auto","background-attachment":"scroll","background-type":"","background-media":"","overlay-type":"","overlay-color":"","overlay-opacity":"","overlay-gradient":""},"tablet":{"background-color":"var(--ast-global-color-4)","background-image":"","background-repeat":"repeat","background-position":"center center","background-size":"auto","background-attachment":"scroll","background-type":"","background-media":"","overlay-type":"","overlay-color":"","overlay-opacity":"","overlay-gradient":""},"mobile":{"background-color":"var(--ast-global-color-4)","background-image":"","background-repeat":"repeat","background-position":"center center","background-size":"auto","background-attachment":"scroll","background-type":"","background-media":"","overlay-type":"","overlay-color":"","overlay-opacity":"","overlay-gradient":""}},"footnotes":""},"class_list":["post-2268","page","type-page","status-publish","hentry"],"uagb_featured_image_src":{"full":false,"thumbnail":false,"medium":false,"medium_large":false,"large":false,"1536x1536":false,"2048x2048":false},"uagb_author_info":{"display_name":"","author_link":"https:\/\/ft.univ-chlef.dz\/?author=6"},"uagb_comment_info":0,"uagb_excerpt":"Liste des livres par sp\u00e9cialit\u00e9\u00a0: Physique en fran\u00e7ais en arabe Math\u00e9matique G\u00e9nie des proc\u00e9d\u00e9s G\u00e9nie M\u00e9canique Chimie Liste des m\u00e9moires [&hellip;]","_links":{"self":[{"href":"https:\/\/ft.univ-chlef.dz\/index.php?rest_route=\/wp\/v2\/pages\/2268","targetHints":{"allow":["GET"]}}],"collection":[{"href":"https:\/\/ft.univ-chlef.dz\/index.php?rest_route=\/wp\/v2\/pages"}],"about":[{"href":"https:\/\/ft.univ-chlef.dz\/index.php?rest_route=\/wp\/v2\/types\/page"}],"author":[{"embeddable":true,"href":"https:\/\/ft.univ-chlef.dz\/index.php?rest_route=\/wp\/v2\/users\/6"}],"replies":[{"embeddable":true,"href":"https:\/\/ft.univ-chlef.dz\/index.php?rest_route=%2Fwp%2Fv2%2Fcomments&post=2268"}],"version-history":[{"count":0,"href":"https:\/\/ft.univ-chlef.dz\/index.php?rest_route=\/wp\/v2\/pages\/2268\/revisions"}],"wp:attachment":[{"href":"https:\/\/ft.univ-chlef.dz\/index.php?rest_route=%2Fwp%2Fv2%2Fmedia&parent=2268"}],"curies":[{"name":"wp","href":"https:\/\/api.w.org\/{rel}","templated":true}]}}