{"id":2361,"date":"2020-01-22T16:16:58","date_gmt":"2020-01-22T13:16:58","guid":{"rendered":"https:\/\/www.univ-chlef.dz\/ft\/?page_id=2361"},"modified":"2020-01-22T16:29:50","modified_gmt":"2020-01-22T13:29:50","slug":"laboratoires-de-recherche","status":"publish","type":"page","link":"https:\/\/ft.univ-chlef.dz\/?page_id=2361","title":{"rendered":"Laboratoires de Recherche"},"content":{"rendered":"<p><img loading=\"lazy\" decoding=\"async\" class=\"wp-image-2371 aligncenter\" src=\"https:\/\/ft.univ-chlef.dz\/wp-content\/uploads\/2020\/01\/1423745913-620x330.jpg\" alt=\"\" width=\"522\" height=\"278\" srcset=\"https:\/\/ft.univ-chlef.dz\/wp-content\/uploads\/2020\/01\/1423745913-620x330.jpg 620w, https:\/\/ft.univ-chlef.dz\/wp-content\/uploads\/2020\/01\/1423745913-620x330-300x160.jpg 300w\" sizes=\"auto, (max-width: 522px) 100vw, 522px\" \/><\/p>\n<p><span style=\"color: #000000;\">Les laboratoires de recherche participent \u00e0 la mission de transfert de connaissances, notamment en relation avec l\u2019univers professionnel, et en contribuant aux programmes d\u2019enseignement.<\/span><\/p>\n<p><span style=\"color: #000000;\">La facult\u00e9 de Technologie de l\u2019universit\u00e9 Hassiba Benbouali de Chlef dispose les laboratoires de recherche :<\/span><\/p>\n<ol>\n<li><a href=\"https:\/\/www.univ-chlef.dz\/labo\/lee\/\" target=\"_blank\" rel=\"noopener\"><span style=\"color: #0000ff;\">E<strong>au et environnement<\/strong><\/span><\/a><\/li>\n<li><strong><span style=\"color: #0000ff;\"><a style=\"color: #0000ff;\" href=\"https:\/\/www.univ-chlef.dz\/LABORATOIRES\/LABO_ME\" target=\"_blank\" rel=\"noopener\">M\u00e9canique et \u00e9nerg\u00e9tique<\/a><\/span><\/strong><\/li>\n<li><strong><span style=\"color: #0000ff;\"><a style=\"color: #0000ff;\" href=\"https:\/\/www.univ-chlef.dz\/LABORATOIRES\/labo_cemsm\/\" target=\"_blank\" rel=\"noopener\">Contr\u00f4les, Essais, Mesures et Simulations M\u00e9caniques<\/a><\/span><\/strong><\/li>\n<li><strong><span style=\"color: #0000ff;\"><a style=\"color: #0000ff;\" href=\"https:\/\/www.univ-chlef.dz\/labo\/lgeer\/\" target=\"_blank\" rel=\"noopener\">G\u00e9nie \u00e9lectrique et \u00e9nergie renouvelables<\/a><\/span><\/strong><\/li>\n<li><strong><span style=\"color: #0000ff;\"><a style=\"color: #0000ff;\" href=\"https:\/\/www.univ-chlef.dz\/LABORATOIRES\/LABO_RM\" target=\"_blank\" rel=\"noopener\">Rh\u00e9ologie et m\u00e9canique<\/a><\/span><\/strong><\/li>\n<li><a href=\"https:\/\/www.univ-chlef.dz\/LABORATOIRES\/LABO_CVEE\" target=\"_blank\" rel=\"noopener\"><span style=\"color: #0000ff;\"><strong>Chimie v\u00e9g\u00e9tale-eau-\u00e9nergie<\/strong><\/span><\/a><\/li>\n<\/ol>\n","protected":false},"excerpt":{"rendered":"<p>Les laboratoires de recherche participent \u00e0 la mission de transfert de connaissances, notamment en relation avec l\u2019univers professionnel, et en [&hellip;]<\/p>\n","protected":false},"author":6,"featured_media":0,"parent":0,"menu_order":0,"comment_status":"closed","ping_status":"closed","template":"","meta":{"_uag_custom_page_level_css":"","site-sidebar-layout":"default","site-content-layout":"","ast-site-content-layout":"default","site-content-style":"default","site-sidebar-style":"default","ast-global-header-display":"","ast-banner-title-visibility":"","ast-main-header-display":"","ast-hfb-above-header-display":"","ast-hfb-below-header-display":"","ast-hfb-mobile-header-display":"","site-post-title":"","ast-breadcrumbs-content":"","ast-featured-img":"","footer-sml-layout":"","ast-disable-related-posts":"","theme-transparent-header-meta":"","adv-header-id-meta":"","stick-header-meta":"","header-above-stick-meta":"","header-main-stick-meta":"","header-below-stick-meta":"","astra-migrate-meta-layouts":"default","ast-page-background-enabled":"default","ast-page-background-meta":{"desktop":{"background-color":"var(--ast-global-color-5)","background-image":"","background-repeat":"repeat","background-position":"center center","background-size":"auto","background-attachment":"scroll","background-type":"","background-media":"","overlay-type":"","overlay-color":"","overlay-opacity":"","overlay-gradient":""},"tablet":{"background-color":"","background-image":"","background-repeat":"repeat","background-position":"center center","background-size":"auto","background-attachment":"scroll","background-type":"","background-media":"","overlay-type":"","overlay-color":"","overlay-opacity":"","overlay-gradient":""},"mobile":{"background-color":"","background-image":"","background-repeat":"repeat","background-position":"center center","background-size":"auto","background-attachment":"scroll","background-type":"","background-media":"","overlay-type":"","overlay-color":"","overlay-opacity":"","overlay-gradient":""}},"ast-content-background-meta":{"desktop":{"background-color":"var(--ast-global-color-4)","background-image":"","background-repeat":"repeat","background-position":"center center","background-size":"auto","background-attachment":"scroll","background-type":"","background-media":"","overlay-type":"","overlay-color":"","overlay-opacity":"","overlay-gradient":""},"tablet":{"background-color":"var(--ast-global-color-4)","background-image":"","background-repeat":"repeat","background-position":"center center","background-size":"auto","background-attachment":"scroll","background-type":"","background-media":"","overlay-type":"","overlay-color":"","overlay-opacity":"","overlay-gradient":""},"mobile":{"background-color":"var(--ast-global-color-4)","background-image":"","background-repeat":"repeat","background-position":"center center","background-size":"auto","background-attachment":"scroll","background-type":"","background-media":"","overlay-type":"","overlay-color":"","overlay-opacity":"","overlay-gradient":""}},"footnotes":""},"class_list":["post-2361","page","type-page","status-publish","hentry"],"uagb_featured_image_src":{"full":false,"thumbnail":false,"medium":false,"medium_large":false,"large":false,"1536x1536":false,"2048x2048":false},"uagb_author_info":{"display_name":"","author_link":"https:\/\/ft.univ-chlef.dz\/?author=6"},"uagb_comment_info":0,"uagb_excerpt":"Les laboratoires de recherche participent \u00e0 la mission de transfert de connaissances, notamment en relation avec l\u2019univers professionnel, et en [&hellip;]","_links":{"self":[{"href":"https:\/\/ft.univ-chlef.dz\/index.php?rest_route=\/wp\/v2\/pages\/2361","targetHints":{"allow":["GET"]}}],"collection":[{"href":"https:\/\/ft.univ-chlef.dz\/index.php?rest_route=\/wp\/v2\/pages"}],"about":[{"href":"https:\/\/ft.univ-chlef.dz\/index.php?rest_route=\/wp\/v2\/types\/page"}],"author":[{"embeddable":true,"href":"https:\/\/ft.univ-chlef.dz\/index.php?rest_route=\/wp\/v2\/users\/6"}],"replies":[{"embeddable":true,"href":"https:\/\/ft.univ-chlef.dz\/index.php?rest_route=%2Fwp%2Fv2%2Fcomments&post=2361"}],"version-history":[{"count":0,"href":"https:\/\/ft.univ-chlef.dz\/index.php?rest_route=\/wp\/v2\/pages\/2361\/revisions"}],"wp:attachment":[{"href":"https:\/\/ft.univ-chlef.dz\/index.php?rest_route=%2Fwp%2Fv2%2Fmedia&parent=2361"}],"curies":[{"name":"wp","href":"https:\/\/api.w.org\/{rel}","templated":true}]}}