{"id":2467,"date":"2020-02-05T10:40:57","date_gmt":"2020-02-05T07:40:57","guid":{"rendered":"https:\/\/www.univ-chlef.dz\/ft\/?page_id=2467"},"modified":"2020-02-05T10:40:59","modified_gmt":"2020-02-05T07:40:59","slug":"centre-dappui-a-la-technologie-et-a-linnovation","status":"publish","type":"page","link":"https:\/\/ft.univ-chlef.dz\/?page_id=2467","title":{"rendered":"Centre d\u2019appui a la technologie et a l\u2019innovation"},"content":{"rendered":"<div class=\"entry\">\n<div id=\"dslc-theme-content\">\n<div id=\"dslc-theme-content-inner\">\n<p><span style=\"color: #ff0000;\"><strong>Une Biblioth\u00e8que Digitale<\/strong><\/span><br \/>\nEn tant que biblioth\u00e8que digitale, un CATI est une collection de:<\/p>\n<div class=\"checklist\">\n<ul>\n<li>70 millions de documents de brevets d\u00e9crivant pr\u00e8s de 70 000 technologies sp\u00e9cifiques et publi\u00e9s dans des bases de donn\u00e9es gratuites (internationales, r\u00e9gionales, nationales) et dans des bases de donn\u00e9es commerciales, Plusieurs milliers de journaux, articles et publications scientifiques (Litt\u00e9rature non-brevet): publi\u00e9s dans des bases de donn\u00e9s gratuites (programmes de l\u2019ONU) et commerciales ( payantes).<\/li>\n<li>Internet et mat\u00e9riels (PC, imprimante, etc.) indispensables pour le fonctionnement d\u2019un CATI.<\/li>\n<li>Assister les utilisateurs dans la recherche d\u2019information technique ou d\u2019une publication<\/li>\n<li>Veiller sur les technologies et les concurrents<\/li>\n<li>Rechercher des partenaires d\u2019affaires Analyser un march\u00e9 (grandeur, tendances, imports &amp; exports, tendances de prix, domaines, etc.) et \u00e9valuer la concurrence<\/li>\n<li>Evaluer la viabilit\u00e9 et la brevetabilit\u00e9 des inventions ( information sur les d\u00e9p\u00f4ts de brevets, des marques, des dessins et mod\u00e8les industriels, etc.: quand, o\u00f9, quoi, combien, etc.) et aider dans la r\u00e9daction des demandes (d\u00e9p\u00f4ts) de brevets<\/li>\n<\/ul>\n<\/div>\n<p><span style=\"color: #ff0000;\"><strong>Un Centre d\u2019appui aux affaires<\/strong><\/span><\/p>\n<div class=\"checklist\">\n<ul>\n<li>Veiller sur les technologies et les concurrents<\/li>\n<li>Rechercher des partenaires d\u2019affaires.<\/li>\n<li>Analyser un march\u00e9 (grandeur, tendances, imports &amp; exports, tendances de prix, domaines, etc.) et \u00e9valuer la concurrence<\/li>\n<li>Evaluer la viabilit\u00e9 et la brevetabilit\u00e9 des inventions ( information sur les d\u00e9p\u00f4ts de brevets, des marques, des dessins et mod\u00e8les industriels, etc.: quand, o\u00f9, quoi, combien, etc.) et aider dans la r\u00e9daction des demandes (d\u00e9p\u00f4ts) de brevets<\/li>\n<li>Fournir l\u2019information g\u00e9n\u00e9rale sur la loi en mati\u00e8re de propri\u00e9t\u00e9 industrielle.<\/li>\n<li>Conseiller sur l\u2019acquisition des licences de fabrication, d\u2019importation ou d\u2019exportation<\/li>\n<li>Conseiller sur la r\u00e9daction d\u2019un business plan<\/li>\n<li>Conseiller sur les mandataires dans le but de r\u00e9diger les demandes nationales ou internationales de brevets<\/li>\n<li>Conseiller depuis la conception d\u2019une invention jusqu\u2019\u00e0 sa commercialisation<\/li>\n<\/ul>\n<\/div>\n<p><span style=\"color: #ff0000;\"><strong>Missions<\/strong><\/span><\/p>\n<div class=\"starlist\">\n<ul>\n<li>Am\u00e9liorer les capacit\u00e9s et des comp\u00e9tences nationales dans le domaine de l\u2019exploitation en ligne des bases et des banques de donn\u00e9es sur les brevets et plusieurs millions de revues scientifiques et techniques disponibles \u00e0 travers les diff\u00e9rents r\u00e9seaux de l\u2019Organisation mondiale de la propri\u00e9t\u00e9 intellectuelle (OMPI).<\/li>\n<li>Encourager la politique de promotion de la comp\u00e9titivit\u00e9 des entreprises du secteur industriel ,particuli\u00e8rement de la PME.PMI<\/li>\n<li>Stimuler l\u2019innovation et le transfert technologique \u00e0 travers principalement l\u2019\u00e9tablissement de ces r\u00e9seaux, en permettant ainsi l\u2019\u00e9mergence et le d\u00e9veloppement d\u2019un march\u00e9 de la connaissance, consid\u00e9r\u00e9 comme le levier de la cr\u00e9ativit\u00e9 entre le monde de la recherche et le secteur \u00e9conomique.<\/li>\n<\/ul>\n<\/div>\n<p><span style=\"color: #ff0000;\"><strong>Objectifs<\/strong><\/span><br \/>\nLe Centre d\u2019appui \u00e0 la technologie et \u00e0 l\u2019innovation vise \u00e0:<\/p>\n<div class=\"starlist\">\n<ul>\n<li>Faciliter l\u2019exploitation des bases de mise en \u0153uvre du projet CATI en Alg\u00e9rie qui comprend des informations d\u2019ordre technique, juridique et commercial<br \/>\nViser \u00e0 soutenir des activit\u00e9s li\u00e9es au transfert technologique et \u00e0 la formation.<\/li>\n<li>Inciter \u00e0 exploiter les r\u00e9sultats de recherches et d\u2019innovations longuement d\u00e9laiss\u00e9s et inexploit\u00e9s, par manque de coordination entre l\u2019universit\u00e9 et l\u2019entreprise.<\/li>\n<\/ul>\n<\/div>\n<p><span style=\"color: #ff0000;\"><strong>Contact<\/strong><\/span><br \/>\n<strong>Mr.DERROUAZIN Ahmed<\/strong><br \/>\nCATI-UHBC<\/p>\n<p>CATI.UHBC@univ-chlef.dz<\/p>\n<\/div>\n<\/div>\n<\/div>\n","protected":false},"excerpt":{"rendered":"<p>Une Biblioth\u00e8que Digitale En tant que biblioth\u00e8que digitale, un CATI est une collection de: 70 millions de documents de brevets [&hellip;]<\/p>\n","protected":false},"author":6,"featured_media":0,"parent":0,"menu_order":0,"comment_status":"closed","ping_status":"closed","template":"","meta":{"_uag_custom_page_level_css":"","site-sidebar-layout":"default","site-content-layout":"","ast-site-content-layout":"default","site-content-style":"default","site-sidebar-style":"default","ast-global-header-display":"","ast-banner-title-visibility":"","ast-main-header-display":"","ast-hfb-above-header-display":"","ast-hfb-below-header-display":"","ast-hfb-mobile-header-display":"","site-post-title":"","ast-breadcrumbs-content":"","ast-featured-img":"","footer-sml-layout":"","ast-disable-related-posts":"","theme-transparent-header-meta":"","adv-header-id-meta":"","stick-header-meta":"","header-above-stick-meta":"","header-main-stick-meta":"","header-below-stick-meta":"","astra-migrate-meta-layouts":"default","ast-page-background-enabled":"default","ast-page-background-meta":{"desktop":{"background-color":"var(--ast-global-color-5)","background-image":"","background-repeat":"repeat","background-position":"center center","background-size":"auto","background-attachment":"scroll","background-type":"","background-media":"","overlay-type":"","overlay-color":"","overlay-opacity":"","overlay-gradient":""},"tablet":{"background-color":"","background-image":"","background-repeat":"repeat","background-position":"center center","background-size":"auto","background-attachment":"scroll","background-type":"","background-media":"","overlay-type":"","overlay-color":"","overlay-opacity":"","overlay-gradient":""},"mobile":{"background-color":"","background-image":"","background-repeat":"repeat","background-position":"center center","background-size":"auto","background-attachment":"scroll","background-type":"","background-media":"","overlay-type":"","overlay-color":"","overlay-opacity":"","overlay-gradient":""}},"ast-content-background-meta":{"desktop":{"background-color":"var(--ast-global-color-4)","background-image":"","background-repeat":"repeat","background-position":"center center","background-size":"auto","background-attachment":"scroll","background-type":"","background-media":"","overlay-type":"","overlay-color":"","overlay-opacity":"","overlay-gradient":""},"tablet":{"background-color":"var(--ast-global-color-4)","background-image":"","background-repeat":"repeat","background-position":"center center","background-size":"auto","background-attachment":"scroll","background-type":"","background-media":"","overlay-type":"","overlay-color":"","overlay-opacity":"","overlay-gradient":""},"mobile":{"background-color":"var(--ast-global-color-4)","background-image":"","background-repeat":"repeat","background-position":"center center","background-size":"auto","background-attachment":"scroll","background-type":"","background-media":"","overlay-type":"","overlay-color":"","overlay-opacity":"","overlay-gradient":""}},"footnotes":""},"class_list":["post-2467","page","type-page","status-publish","hentry"],"uagb_featured_image_src":{"full":false,"thumbnail":false,"medium":false,"medium_large":false,"large":false,"1536x1536":false,"2048x2048":false},"uagb_author_info":{"display_name":"","author_link":"https:\/\/ft.univ-chlef.dz\/?author=6"},"uagb_comment_info":0,"uagb_excerpt":"Une Biblioth\u00e8que Digitale En tant que biblioth\u00e8que digitale, un CATI est une collection de: 70 millions de documents de brevets [&hellip;]","_links":{"self":[{"href":"https:\/\/ft.univ-chlef.dz\/index.php?rest_route=\/wp\/v2\/pages\/2467","targetHints":{"allow":["GET"]}}],"collection":[{"href":"https:\/\/ft.univ-chlef.dz\/index.php?rest_route=\/wp\/v2\/pages"}],"about":[{"href":"https:\/\/ft.univ-chlef.dz\/index.php?rest_route=\/wp\/v2\/types\/page"}],"author":[{"embeddable":true,"href":"https:\/\/ft.univ-chlef.dz\/index.php?rest_route=\/wp\/v2\/users\/6"}],"replies":[{"embeddable":true,"href":"https:\/\/ft.univ-chlef.dz\/index.php?rest_route=%2Fwp%2Fv2%2Fcomments&post=2467"}],"version-history":[{"count":0,"href":"https:\/\/ft.univ-chlef.dz\/index.php?rest_route=\/wp\/v2\/pages\/2467\/revisions"}],"wp:attachment":[{"href":"https:\/\/ft.univ-chlef.dz\/index.php?rest_route=%2Fwp%2Fv2%2Fmedia&parent=2467"}],"curies":[{"name":"wp","href":"https:\/\/api.w.org\/{rel}","templated":true}]}}