{"id":2569,"date":"2020-04-06T13:06:10","date_gmt":"2020-04-06T10:06:10","guid":{"rendered":"https:\/\/www.univ-chlef.dz\/ft\/?page_id=2569"},"modified":"2024-12-04T11:11:52","modified_gmt":"2024-12-04T08:11:52","slug":"les-cours-de-genie-des-procedes","status":"publish","type":"page","link":"https:\/\/ft.univ-chlef.dz\/?page_id=2569","title":{"rendered":"Les cours de G\u00e9nie des proc\u00e9d\u00e9s"},"content":{"rendered":"<ul>\n<li><a href=\"https:\/\/ft.univ-chlef.dz\/wp-content\/uploads\/2020\/04\/Cours-corrosion-2020-LABBACE_.pdf\"><strong><span style=\"color: #ff0000;\">Cours 1: corrosion<\/span><\/strong><\/a><\/li>\n<li><a href=\"https:\/\/ft.univ-chlef.dz\/wp-content\/uploads\/2020\/04\/Cours-de-Corrosion-2020-1.pdf\"><strong><span style=\"color: #ff0000;\">Cours 2: corrosion<\/span><\/strong><\/a><\/li>\n<li><a href=\"https:\/\/ft.univ-chlef.dz\/wp-content\/uploads\/2020\/04\/Cours-Diag.E-pH-2020-LABBACE.pdf\"><strong><span style=\"color: #ff0000;\">Cours \u00e9quilibres \u00e9lectrochimiques<\/span><\/strong><\/a><\/li>\n<li><a href=\"https:\/\/ft.univ-chlef.dz\/wp-content\/uploads\/2020\/04\/Cours-L2-GP-2020-Raffinage-et-petrochimie.pdf\"><strong><span style=\"color: #ff0000;\">Cours introduction au Raffinage et \u00e0 la P\u00e9trochimie<\/span><\/strong><\/a><\/li>\n<li><a href=\"https:\/\/ft.univ-chlef.dz\/wp-content\/uploads\/2020\/04\/Genie-de-la-r\u00e9action-II-T\u00e9acteur-poly-phasique.pdf\"><strong><span style=\"color: #ff0000;\">Cours G\u00e9nie de la r\u00e9action II : R\u00e9acteurs Poly-phasiques<\/span><\/strong><\/a> (<strong>Master G\u00e9nie chimique, G\u00e9nie des Proc\u00e9d\u00e9s et environnement et G\u00e9nie des Proc\u00e9d\u00e9s pharmaceutique, Dr. HENINI GHANIA<\/strong><\/li>\n<li><strong><span style=\"color: #ff0000;\"><a style=\"color: #ff0000;\" href=\"https:\/\/ft.univ-chlef.dz\/wp-content\/uploads\/2020\/04\/Ph\u00e9nom\u00e8nes-de-surface-et-catalyse-h\u00e9t\u00e9rog\u00e8ne.pdf\">Cours Ph\u00e9nom\u00e8nes de surface et catalyse h\u00e9t\u00e9rog\u00e8ne<\/a><\/span><\/strong> (<strong>L3 G\u00e9nie des Proc\u00e9d\u00e9s, Dr. HENINI GHANIA)<\/strong><\/li>\n<li><strong><span style=\"color: #ff0000;\"><a style=\"color: #ff0000;\" href=\"https:\/\/ft.univ-chlef.dz\/wp-content\/uploads\/2020\/04\/TD-applications-corrosion2020.pdf\">Travaux Dirig\u00e9s: corrosion et protection des m\u00e9taux<\/a><\/span><\/strong><\/li>\n<li><strong><span style=\"color: #ff0000;\"><a style=\"color: #ff0000;\" href=\"https:\/\/ft.univ-chlef.dz\/wp-content\/uploads\/2020\/04\/TP-Chimie-des-solutions-2015-2016-_1_.pdf\">Travaux Pratiques: chimie des solutions<\/a><\/span><\/strong><strong><span style=\"color: #ff0000;\"> \u00a0<\/span><\/strong><\/li>\n<\/ul>\n<p><span style=\"color: #0000ff; font-family: courier new,courier,monospace; font-size: 14pt;\"><strong>Pour l&rsquo;acc\u00e8s moodle (plateforme p\u00e9dagogique de l&rsquo;universit\u00e9 UHBC) <\/strong><\/span><a href=\"https:\/\/moodle.univ-chlef.dz\/fr\/course\/index.php?categoryid=6\"><strong><span style=\"color: #ff0000;\">Cliquer ici<\/span><\/strong><\/a><\/p>\n","protected":false},"excerpt":{"rendered":"<p>Cours 1: corrosion Cours 2: corrosion Cours \u00e9quilibres \u00e9lectrochimiques Cours introduction au Raffinage et \u00e0 la P\u00e9trochimie Cours G\u00e9nie de [&hellip;]<\/p>\n","protected":false},"author":6,"featured_media":0,"parent":0,"menu_order":0,"comment_status":"closed","ping_status":"closed","template":"","meta":{"_uag_custom_page_level_css":"","site-sidebar-layout":"default","site-content-layout":"","ast-site-content-layout":"default","site-content-style":"default","site-sidebar-style":"default","ast-global-header-display":"","ast-banner-title-visibility":"","ast-main-header-display":"","ast-hfb-above-header-display":"","ast-hfb-below-header-display":"","ast-hfb-mobile-header-display":"","site-post-title":"","ast-breadcrumbs-content":"","ast-featured-img":"","footer-sml-layout":"","ast-disable-related-posts":"","theme-transparent-header-meta":"","adv-header-id-meta":"","stick-header-meta":"","header-above-stick-meta":"","header-main-stick-meta":"","header-below-stick-meta":"","astra-migrate-meta-layouts":"default","ast-page-background-enabled":"default","ast-page-background-meta":{"desktop":{"background-color":"var(--ast-global-color-5)","background-image":"","background-repeat":"repeat","background-position":"center center","background-size":"auto","background-attachment":"scroll","background-type":"","background-media":"","overlay-type":"","overlay-color":"","overlay-opacity":"","overlay-gradient":""},"tablet":{"background-color":"","background-image":"","background-repeat":"repeat","background-position":"center center","background-size":"auto","background-attachment":"scroll","background-type":"","background-media":"","overlay-type":"","overlay-color":"","overlay-opacity":"","overlay-gradient":""},"mobile":{"background-color":"","background-image":"","background-repeat":"repeat","background-position":"center center","background-size":"auto","background-attachment":"scroll","background-type":"","background-media":"","overlay-type":"","overlay-color":"","overlay-opacity":"","overlay-gradient":""}},"ast-content-background-meta":{"desktop":{"background-color":"var(--ast-global-color-4)","background-image":"","background-repeat":"repeat","background-position":"center center","background-size":"auto","background-attachment":"scroll","background-type":"","background-media":"","overlay-type":"","overlay-color":"","overlay-opacity":"","overlay-gradient":""},"tablet":{"background-color":"var(--ast-global-color-4)","background-image":"","background-repeat":"repeat","background-position":"center center","background-size":"auto","background-attachment":"scroll","background-type":"","background-media":"","overlay-type":"","overlay-color":"","overlay-opacity":"","overlay-gradient":""},"mobile":{"background-color":"var(--ast-global-color-4)","background-image":"","background-repeat":"repeat","background-position":"center center","background-size":"auto","background-attachment":"scroll","background-type":"","background-media":"","overlay-type":"","overlay-color":"","overlay-opacity":"","overlay-gradient":""}},"footnotes":""},"class_list":["post-2569","page","type-page","status-publish","hentry"],"uagb_featured_image_src":{"full":false,"thumbnail":false,"medium":false,"medium_large":false,"large":false,"1536x1536":false,"2048x2048":false},"uagb_author_info":{"display_name":"","author_link":"https:\/\/ft.univ-chlef.dz\/?author=6"},"uagb_comment_info":0,"uagb_excerpt":"Cours 1: corrosion Cours 2: corrosion Cours \u00e9quilibres \u00e9lectrochimiques Cours introduction au Raffinage et \u00e0 la P\u00e9trochimie Cours G\u00e9nie de [&hellip;]","_links":{"self":[{"href":"https:\/\/ft.univ-chlef.dz\/index.php?rest_route=\/wp\/v2\/pages\/2569","targetHints":{"allow":["GET"]}}],"collection":[{"href":"https:\/\/ft.univ-chlef.dz\/index.php?rest_route=\/wp\/v2\/pages"}],"about":[{"href":"https:\/\/ft.univ-chlef.dz\/index.php?rest_route=\/wp\/v2\/types\/page"}],"author":[{"embeddable":true,"href":"https:\/\/ft.univ-chlef.dz\/index.php?rest_route=\/wp\/v2\/users\/6"}],"replies":[{"embeddable":true,"href":"https:\/\/ft.univ-chlef.dz\/index.php?rest_route=%2Fwp%2Fv2%2Fcomments&post=2569"}],"version-history":[{"count":0,"href":"https:\/\/ft.univ-chlef.dz\/index.php?rest_route=\/wp\/v2\/pages\/2569\/revisions"}],"wp:attachment":[{"href":"https:\/\/ft.univ-chlef.dz\/index.php?rest_route=%2Fwp%2Fv2%2Fmedia&parent=2569"}],"curies":[{"name":"wp","href":"https:\/\/api.w.org\/{rel}","templated":true}]}}