{"id":2612,"date":"2020-04-06T14:54:31","date_gmt":"2020-04-06T11:54:31","guid":{"rendered":"https:\/\/www.univ-chlef.dz\/ft\/?page_id=2612"},"modified":"2023-04-17T15:37:50","modified_gmt":"2023-04-17T12:37:50","slug":"les-cours-du-departement-delectronique","status":"publish","type":"page","link":"https:\/\/ft.univ-chlef.dz\/?page_id=2612","title":{"rendered":"Les cours du d\u00e9partement d\u2019\u00e9lectronique"},"content":{"rendered":"<ul>\n<li><a href=\"https:\/\/ft.univ-chlef.dz\/wp-content\/uploads\/2023\/04\/COURS-TAHRAOUI-SOUAD-TS2021licence-electronique-Chlef-1.pdf\"><strong><span style=\"color: #ff0000;\">Cours PROGRAMMATION EN C++<\/span> (L3\u00a0: Automatique et contr\u00f4le industriel, Dr.TAHRAOUI SOUAD)<\/strong><\/a><\/li>\n<li><span style=\"color: #ff0000;\"><a style=\"color: #ff0000;\" href=\"https:\/\/ft.univ-chlef.dz\/wp-content\/uploads\/2020\/04\/cours-DOPT-final.pdf\"><strong>Cours dispositifs opto\u00e9lectroniques<\/strong><\/a><\/span><\/li>\n<li><a href=\"https:\/\/ft.univ-chlef.dz\/wp-content\/uploads\/2020\/04\/telecom-fondamentales.pdf\"><span style=\"color: #ff0000;\"><strong>Cours <\/strong><strong>T\u00e9l\u00e9communications Fondamentales<\/strong><\/span><strong> (<\/strong><strong>L<\/strong><strong>2<\/strong><strong> T\u00e9l\u00e9communications, MOSTARI LATIFA<\/strong><strong>)<\/strong><\/a><\/li>\n<li><a href=\"https:\/\/ft.univ-chlef.dz\/wp-content\/uploads\/2020\/04\/supports-trans.pdf\"><span style=\"color: #ff0000;\"><strong>Cours <\/strong><strong>supports de transmission<\/strong><\/span><strong> (<\/strong><strong>L3 T\u00e9l\u00e9communications, MOSTARI LATIFA<\/strong><strong>)<\/strong><\/a><\/li>\n<li><a href=\"https:\/\/ft.univ-chlef.dz\/wp-content\/uploads\/2020\/04\/Latifa-MOSTARI-Cours-et-TD-M2-Codage-de-Canal.pdf\"><span style=\"color: #ff0000;\"><strong>Cours et travaux dirig\u00e9s <\/strong><strong>codage de canal<\/strong><\/span><strong> (<\/strong><strong>MOSTARI LATIFA<\/strong><strong>)<\/strong><\/a><\/li>\n<li><a href=\"https:\/\/ft.univ-chlef.dz\/wp-content\/uploads\/2020\/04\/Plyco_cours_Antennes.pdf\"><span style=\"color: #ff0000;\"><strong>Cours <\/strong><strong>Antennes<\/strong><\/span><strong> (<\/strong><strong>Master 1 T\u00e9l\u00e9communications option : Syst\u00e8mes des t\u00e9l\u00e9communications, ZITOUNI Ahmed Maitre de conf\u00e9rences B<\/strong><strong>)<\/strong><\/a><\/li>\n<li><a href=\"https:\/\/ft.univ-chlef.dz\/wp-content\/uploads\/2020\/04\/Circuits-programmables.pdf\"><span style=\"color: #ff0000;\"><strong>Cours <\/strong><strong>Circuits programmables FPGA (Field Programmable Gate Array)<\/strong><\/span><strong> (<\/strong><strong>Master 1 T\u00e9l\u00e9communications option : Syst\u00e8mes des t\u00e9l\u00e9communications, Dr. MOHAMMED ZAKARYA BABA-AHMED<\/strong><strong>)<\/strong><\/a><\/li>\n<li><a href=\"https:\/\/ft.univ-chlef.dz\/wp-content\/uploads\/2020\/04\/Polycopie-BENICHOU-Boucif-ELN.pdf\"><strong><span style=\"color: #ff0000;\">Cours MESURES ELECTRIQUES ET\u00a0 ELECTRONIQUES<\/span><\/strong><strong> (L2, Mr. BENICHOU Boucif Ma\u00eetre de Conf\u00e9rences Classe B) <\/strong><\/a><\/li>\n<li><a href=\"https:\/\/ft.univ-chlef.dz\/wp-content\/uploads\/2020\/04\/Polycopie-FINAL-HADJ-ALI-BAKIR.pdf\"><span style=\"color: #ff0000;\"><strong>Cours communications optiques<\/strong><\/span><strong> (Master2 en t\u00e9l\u00e9communications, Dr Hadj Ali BAKIR) <\/strong><\/a><\/li>\n<li><strong>Cours Traitement d\u2019images<\/strong><strong> (Master1 en t\u00e9l\u00e9communications, M. Abdelkader BOUKHOBZA) <\/strong><\/li>\n<li><a href=\"https:\/\/ft.univ-chlef.dz\/wp-content\/uploads\/2020\/04\/Polycopie_CNA_CD.pdf\"><strong><span style=\"color: #ff0000;\">Cours communications num\u00e9riques avanc\u00e9es<\/span><\/strong><strong> (Master1 en t\u00e9l\u00e9communications, Dr Elhadi MEFTAH) <\/strong><\/a><\/li>\n<li><a href=\"https:\/\/ft.univ-chlef.dz\/wp-content\/uploads\/2020\/04\/Polycopie_Meddahi.pdf\"><span style=\"color: #ff0000;\"><strong>Travaux Pratiques M\u00e9thodes num\u00e9riques<\/strong><\/span><strong> (L2 Automatique, Dr Youssouf MEDDAHI Maitre de conf\u00e9rences B)<\/strong><\/a><\/li>\n<li><a href=\"https:\/\/ft.univ-chlef.dz\/wp-content\/uploads\/2020\/04\/TP_S_Embarqu\u00e9.pdf\"><span style=\"color: #ff0000;\"><strong>Travaux Pratiques syst\u00e8mes embarqu\u00e9s et syst\u00e8mes temps r\u00e9el<\/strong><\/span><strong> (Master 1 en Automatique et informatique industriel, M. H.KHOUIDMI Maitre de conf\u00e9rences B)<\/strong><\/a><\/li>\n<\/ul>\n","protected":false},"excerpt":{"rendered":"<p>Cours PROGRAMMATION EN C++ (L3\u00a0: Automatique et contr\u00f4le industriel, Dr.TAHRAOUI SOUAD) Cours dispositifs opto\u00e9lectroniques Cours T\u00e9l\u00e9communications Fondamentales (L2 T\u00e9l\u00e9communications, MOSTARI [&hellip;]<\/p>\n","protected":false},"author":1,"featured_media":0,"parent":0,"menu_order":0,"comment_status":"closed","ping_status":"closed","template":"","meta":{"_uag_custom_page_level_css":"","site-sidebar-layout":"default","site-content-layout":"","ast-site-content-layout":"default","site-content-style":"default","site-sidebar-style":"default","ast-global-header-display":"","ast-banner-title-visibility":"","ast-main-header-display":"","ast-hfb-above-header-display":"","ast-hfb-below-header-display":"","ast-hfb-mobile-header-display":"","site-post-title":"","ast-breadcrumbs-content":"","ast-featured-img":"","footer-sml-layout":"","ast-disable-related-posts":"","theme-transparent-header-meta":"","adv-header-id-meta":"","stick-header-meta":"","header-above-stick-meta":"","header-main-stick-meta":"","header-below-stick-meta":"","astra-migrate-meta-layouts":"default","ast-page-background-enabled":"default","ast-page-background-meta":{"desktop":{"background-color":"var(--ast-global-color-5)","background-image":"","background-repeat":"repeat","background-position":"center center","background-size":"auto","background-attachment":"scroll","background-type":"","background-media":"","overlay-type":"","overlay-color":"","overlay-opacity":"","overlay-gradient":""},"tablet":{"background-color":"","background-image":"","background-repeat":"repeat","background-position":"center center","background-size":"auto","background-attachment":"scroll","background-type":"","background-media":"","overlay-type":"","overlay-color":"","overlay-opacity":"","overlay-gradient":""},"mobile":{"background-color":"","background-image":"","background-repeat":"repeat","background-position":"center center","background-size":"auto","background-attachment":"scroll","background-type":"","background-media":"","overlay-type":"","overlay-color":"","overlay-opacity":"","overlay-gradient":""}},"ast-content-background-meta":{"desktop":{"background-color":"var(--ast-global-color-4)","background-image":"","background-repeat":"repeat","background-position":"center center","background-size":"auto","background-attachment":"scroll","background-type":"","background-media":"","overlay-type":"","overlay-color":"","overlay-opacity":"","overlay-gradient":""},"tablet":{"background-color":"var(--ast-global-color-4)","background-image":"","background-repeat":"repeat","background-position":"center center","background-size":"auto","background-attachment":"scroll","background-type":"","background-media":"","overlay-type":"","overlay-color":"","overlay-opacity":"","overlay-gradient":""},"mobile":{"background-color":"var(--ast-global-color-4)","background-image":"","background-repeat":"repeat","background-position":"center center","background-size":"auto","background-attachment":"scroll","background-type":"","background-media":"","overlay-type":"","overlay-color":"","overlay-opacity":"","overlay-gradient":""}},"footnotes":""},"class_list":["post-2612","page","type-page","status-publish","hentry"],"uagb_featured_image_src":{"full":false,"thumbnail":false,"medium":false,"medium_large":false,"large":false,"1536x1536":false,"2048x2048":false},"uagb_author_info":{"display_name":"zouatenia mhamed","author_link":"https:\/\/ft.univ-chlef.dz\/?author=1"},"uagb_comment_info":0,"uagb_excerpt":"Cours PROGRAMMATION EN C++ (L3\u00a0: Automatique et contr\u00f4le industriel, Dr.TAHRAOUI SOUAD) Cours dispositifs opto\u00e9lectroniques Cours T\u00e9l\u00e9communications Fondamentales (L2 T\u00e9l\u00e9communications, MOSTARI [&hellip;]","_links":{"self":[{"href":"https:\/\/ft.univ-chlef.dz\/index.php?rest_route=\/wp\/v2\/pages\/2612","targetHints":{"allow":["GET"]}}],"collection":[{"href":"https:\/\/ft.univ-chlef.dz\/index.php?rest_route=\/wp\/v2\/pages"}],"about":[{"href":"https:\/\/ft.univ-chlef.dz\/index.php?rest_route=\/wp\/v2\/types\/page"}],"author":[{"embeddable":true,"href":"https:\/\/ft.univ-chlef.dz\/index.php?rest_route=\/wp\/v2\/users\/1"}],"replies":[{"embeddable":true,"href":"https:\/\/ft.univ-chlef.dz\/index.php?rest_route=%2Fwp%2Fv2%2Fcomments&post=2612"}],"version-history":[{"count":0,"href":"https:\/\/ft.univ-chlef.dz\/index.php?rest_route=\/wp\/v2\/pages\/2612\/revisions"}],"wp:attachment":[{"href":"https:\/\/ft.univ-chlef.dz\/index.php?rest_route=%2Fwp%2Fv2%2Fmedia&parent=2612"}],"curies":[{"name":"wp","href":"https:\/\/api.w.org\/{rel}","templated":true}]}}