{"id":2641,"date":"2020-04-06T16:23:52","date_gmt":"2020-04-06T13:23:52","guid":{"rendered":"https:\/\/www.univ-chlef.dz\/ft\/?page_id=2641"},"modified":"2021-01-25T16:40:13","modified_gmt":"2021-01-25T13:40:13","slug":"les-cours-du-departement-delectrotechnique","status":"publish","type":"page","link":"https:\/\/ft.univ-chlef.dz\/?page_id=2641","title":{"rendered":"Les cours du d\u00e9partement d\u2019\u00e9lectrotechnique"},"content":{"rendered":"<ul>\n<li><span style=\"color: #ff0000;\"><strong>Cours math\u00e9matique 3 &#8211; Int\u00e9grales Simples (Licence 2<\/strong><\/span> <strong><span style=\"color: #0000ff;\">(ELT+ELM), ALLOUACHE Hadj):<\/span><\/strong>\n<ul>\n<li style=\"list-style-type: none;\">\n<ul>\n<li><strong><span style=\"color: #008080;\"><a style=\"color: #008080;\" href=\"https:\/\/ft.univ-chlef.dz\/wp-content\/uploads\/2021\/01\/I-Int\u00e9grales-simples.pptx\">Partie 1<\/a><\/span><\/strong><\/li>\n<li><strong><span style=\"color: #008080;\"><a style=\"color: #008080;\" href=\"https:\/\/ft.univ-chlef.dz\/wp-content\/uploads\/2021\/01\/Pr\u00e9sentation1.pptx\">Partie 2<\/a><\/span><\/strong><\/li>\n<li><strong><span style=\"color: #008080;\"><a style=\"color: #008080;\" href=\"https:\/\/ft.univ-chlef.dz\/wp-content\/uploads\/2021\/01\/Pr\u00e9sentation2.pptx\">Partie 3<\/a><\/span><\/strong><\/li>\n<\/ul>\n<\/li>\n<\/ul>\n<\/li>\n<li><a href=\"https:\/\/ft.univ-chlef.dz\/wp-content\/uploads\/2020\/04\/Belhadj-Djilali-Abdelkadir-polycopi\u00e9.pdf\"><strong><span style=\"color: #ff0000;\">Cours maintenance et suret\u00e9 de fonctionnement<\/span> (Master en Electrotechnique, <\/strong><strong> Belhadj Djilali Abdelkadir maitre de conf\u00e9rences B)<\/strong><\/a><\/li>\n<li><a href=\"https:\/\/ft.univ-chlef.dz\/wp-content\/uploads\/2020\/04\/Cours_Mod\u00e9lisation_E.Bounadja.pdf\"><strong><span style=\"color: #ff0000;\">Cours et exercices Mod\u00e9lisation des machines \u00e9lectriques<\/span> (Master1 en machines \u00e9lectriques, Dr. Elhadj BOUNADJA maitre de conf\u00e9rences B)<\/strong><\/a><\/li>\n<li><a href=\"https:\/\/ft.univ-chlef.dz\/wp-content\/uploads\/2020\/04\/Polycope_Microproc_Habilitation.pdf\"><strong><span style=\"color: #ff0000;\">Cours les microprocesseurs et microcontr\u00f4leurs<\/span> (Master 1 en commandes et master1 en G\u00e9nie \u00e9lectrique et informatique industriel, Dr Abdallah ZEGAOUI maitre de conf\u00e9rences A)<\/strong><\/a><\/li>\n<li><a href=\"https:\/\/ft.univ-chlef.dz\/wp-content\/uploads\/2020\/04\/POLYCOPIE_Production-de-l\u00e9nergie-\u00e9lectrique.pdf\"><strong><span style=\"color: #ff0000;\">Cours production de l\u2019\u00e9nergie \u00e9lectrique<\/span> (L2 en Electrotechnique, Dr Hocine TEBANI)<\/strong><\/a><\/li>\n<li><a href=\"https:\/\/ft.univ-chlef.dz\/wp-content\/uploads\/2020\/04\/Polycopi\u00e9_SAIDI-Hemza.pdf\"><strong><span style=\"color: #ff0000;\">Cours \u00e9nergies renouvelables<\/span> (Master1 en Electrotechnique, toutes les sp\u00e9cialit\u00e9s, Dr Hamza SAIDI)<\/strong><\/a><\/li>\n<li><a href=\"https:\/\/ft.univ-chlef.dz\/wp-content\/uploads\/2020\/04\/Polycopi\u00e9_Zegaoui_RE_L3_2019.pdf\"><strong><span style=\"color: #ff0000;\">Cours r\u00e9seaux \u00e9lectriques <\/span>(L3 en Electrotechnique, Dr Abdallah ZEGAOUI maitre de conf\u00e9rences A)<\/strong><\/a><\/li>\n<\/ul>\n","protected":false},"excerpt":{"rendered":"<p>Cours math\u00e9matique 3 &#8211; Int\u00e9grales Simples (Licence 2 (ELT+ELM), ALLOUACHE Hadj): Partie 1 Partie 2 Partie 3 Cours maintenance et [&hellip;]<\/p>\n","protected":false},"author":6,"featured_media":0,"parent":0,"menu_order":0,"comment_status":"closed","ping_status":"closed","template":"","meta":{"_uag_custom_page_level_css":"","site-sidebar-layout":"default","site-content-layout":"","ast-site-content-layout":"default","site-content-style":"default","site-sidebar-style":"default","ast-global-header-display":"","ast-banner-title-visibility":"","ast-main-header-display":"","ast-hfb-above-header-display":"","ast-hfb-below-header-display":"","ast-hfb-mobile-header-display":"","site-post-title":"","ast-breadcrumbs-content":"","ast-featured-img":"","footer-sml-layout":"","ast-disable-related-posts":"","theme-transparent-header-meta":"","adv-header-id-meta":"","stick-header-meta":"","header-above-stick-meta":"","header-main-stick-meta":"","header-below-stick-meta":"","astra-migrate-meta-layouts":"default","ast-page-background-enabled":"default","ast-page-background-meta":{"desktop":{"background-color":"var(--ast-global-color-5)","background-image":"","background-repeat":"repeat","background-position":"center center","background-size":"auto","background-attachment":"scroll","background-type":"","background-media":"","overlay-type":"","overlay-color":"","overlay-opacity":"","overlay-gradient":""},"tablet":{"background-color":"","background-image":"","background-repeat":"repeat","background-position":"center center","background-size":"auto","background-attachment":"scroll","background-type":"","background-media":"","overlay-type":"","overlay-color":"","overlay-opacity":"","overlay-gradient":""},"mobile":{"background-color":"","background-image":"","background-repeat":"repeat","background-position":"center center","background-size":"auto","background-attachment":"scroll","background-type":"","background-media":"","overlay-type":"","overlay-color":"","overlay-opacity":"","overlay-gradient":""}},"ast-content-background-meta":{"desktop":{"background-color":"var(--ast-global-color-4)","background-image":"","background-repeat":"repeat","background-position":"center center","background-size":"auto","background-attachment":"scroll","background-type":"","background-media":"","overlay-type":"","overlay-color":"","overlay-opacity":"","overlay-gradient":""},"tablet":{"background-color":"var(--ast-global-color-4)","background-image":"","background-repeat":"repeat","background-position":"center center","background-size":"auto","background-attachment":"scroll","background-type":"","background-media":"","overlay-type":"","overlay-color":"","overlay-opacity":"","overlay-gradient":""},"mobile":{"background-color":"var(--ast-global-color-4)","background-image":"","background-repeat":"repeat","background-position":"center center","background-size":"auto","background-attachment":"scroll","background-type":"","background-media":"","overlay-type":"","overlay-color":"","overlay-opacity":"","overlay-gradient":""}},"footnotes":""},"class_list":["post-2641","page","type-page","status-publish","hentry"],"uagb_featured_image_src":{"full":false,"thumbnail":false,"medium":false,"medium_large":false,"large":false,"1536x1536":false,"2048x2048":false},"uagb_author_info":{"display_name":"","author_link":"https:\/\/ft.univ-chlef.dz\/?author=6"},"uagb_comment_info":0,"uagb_excerpt":"Cours math\u00e9matique 3 &#8211; Int\u00e9grales Simples (Licence 2 (ELT+ELM), ALLOUACHE Hadj): Partie 1 Partie 2 Partie 3 Cours maintenance et [&hellip;]","_links":{"self":[{"href":"https:\/\/ft.univ-chlef.dz\/index.php?rest_route=\/wp\/v2\/pages\/2641","targetHints":{"allow":["GET"]}}],"collection":[{"href":"https:\/\/ft.univ-chlef.dz\/index.php?rest_route=\/wp\/v2\/pages"}],"about":[{"href":"https:\/\/ft.univ-chlef.dz\/index.php?rest_route=\/wp\/v2\/types\/page"}],"author":[{"embeddable":true,"href":"https:\/\/ft.univ-chlef.dz\/index.php?rest_route=\/wp\/v2\/users\/6"}],"replies":[{"embeddable":true,"href":"https:\/\/ft.univ-chlef.dz\/index.php?rest_route=%2Fwp%2Fv2%2Fcomments&post=2641"}],"version-history":[{"count":0,"href":"https:\/\/ft.univ-chlef.dz\/index.php?rest_route=\/wp\/v2\/pages\/2641\/revisions"}],"wp:attachment":[{"href":"https:\/\/ft.univ-chlef.dz\/index.php?rest_route=%2Fwp%2Fv2%2Fmedia&parent=2641"}],"curies":[{"name":"wp","href":"https:\/\/api.w.org\/{rel}","templated":true}]}}