{"id":2957,"date":"2020-09-16T11:02:50","date_gmt":"2020-09-16T08:02:50","guid":{"rendered":"https:\/\/www.univ-chlef.dz\/ft\/?page_id=2957"},"modified":"2020-09-16T11:05:49","modified_gmt":"2020-09-16T08:05:49","slug":"departement-electrotechnique-presentation","status":"publish","type":"page","link":"https:\/\/ft.univ-chlef.dz\/?page_id=2957","title":{"rendered":"D\u00e9partement  El\u00e9ctrotechnique: Pr\u00e9sentation"},"content":{"rendered":"<p><span style=\"color: #000000;\">Le d\u00e9partement \u00c9lectrotechnique est repr\u00e9sent\u00e9 par le chef du d\u00e9partement<strong> M. Mostefaoui Mohamed <\/strong> qui est assist\u00e9 par :<\/span><\/p>\n<p><span style=\"color: #000000;\">\u00a0le chef de d\u00e9partement adjoint charg\u00e9 de la scolarit\u00e9 et des enseignements de graduation, qui a pour t\u00e2ches :<\/span><\/p>\n<ul>\n<li><span style=\"color: #000000;\">De suivre les op\u00e9rations d\u2019inscription et de r\u00e9inscription des \u00e9tudiants de graduation.<\/span><\/li>\n<li><span style=\"color: #000000;\">De veiller au bon d\u00e9roulement des enseignements.<\/span><\/li>\n<li><span style=\"color: #000000;\">De veiller au bon d\u00e9roulement des examens et \u00e9preuves de &#8230;<\/span><\/li>\n<\/ul>\n<p><span style=\"color: #ff0000;\"><strong>Les sp\u00e9cialit\u00e9s ouvertes dans le d\u00e9partement:<\/strong><\/span><\/p>\n<p><span style=\"color: #0000ff;\"><strong>Sp\u00e9cialit\u00e9s en Licence:<\/strong><\/span><\/p>\n<ol>\n<li>Electrotechnique<\/li>\n<li>Electrom\u00e9canique<\/li>\n<\/ol>\n<p><span style=\"color: #0000ff;\"><strong>Sp\u00e9cialit\u00e9s en Master:<\/strong><\/span><\/p>\n<ul>\n<li>\n<ul>\n<li>Reseaux electriques<\/li>\n<\/ul>\n<\/li>\n<\/ul>\n<ul>\n<li>\n<ul>\n<li>Machines electriques<\/li>\n<li>Commande \u00e9lectrique<\/li>\n<li>Electrom\u00e9canique<\/li>\n<\/ul>\n<\/li>\n<\/ul>\n<p><strong>\u00a0<\/strong><span style=\"color: #ff0000;\"><strong><u>Encadrement<\/u><\/strong>\u00a0:<\/span><\/p>\n<p>Le d\u00e9partement\u00a0 dispose de <strong>36<\/strong> enseignant dont\u00a0:<\/p>\n<ul>\n<li><strong>05<\/strong> de grade professeur<\/li>\n<li><strong>05<\/strong> de grade M.C.A<\/li>\n<li><strong>13<\/strong> de grade M.C.B<\/li>\n<li><strong>12<\/strong> de grade M.A.A<\/li>\n<li><strong>01<\/strong> de grade M.A.B<\/li>\n<\/ul>\n<p><span style=\"color: #ff0000;\"><strong><u>Laboratoires\u00a0:<\/u><\/strong><\/span><\/p>\n<p>Les travaux pratiques se font dans les laboratoires\u00a0 suivants\u00a0:<\/p>\n<ul>\n<li>Machines \u00e9lectriques<\/li>\n<li>Syst\u00e8mes asservis et capteurs<\/li>\n<li>Electronique de puissance<\/li>\n<li>Appareillages et sch\u00e9mas \u00e9lectroniques<\/li>\n<li>Automatique<\/li>\n<li>Mesures \u00e9lectriques<\/li>\n<li>R\u00e9seaux \u00e9lectriques et haute tension<\/li>\n<\/ul>\n","protected":false},"excerpt":{"rendered":"<p>Le d\u00e9partement \u00c9lectrotechnique est repr\u00e9sent\u00e9 par le chef du d\u00e9partement M. Mostefaoui Mohamed qui est assist\u00e9 par : \u00a0le chef [&hellip;]<\/p>\n","protected":false},"author":6,"featured_media":0,"parent":0,"menu_order":0,"comment_status":"closed","ping_status":"closed","template":"","meta":{"_uag_custom_page_level_css":"","site-sidebar-layout":"default","site-content-layout":"","ast-site-content-layout":"default","site-content-style":"default","site-sidebar-style":"default","ast-global-header-display":"","ast-banner-title-visibility":"","ast-main-header-display":"","ast-hfb-above-header-display":"","ast-hfb-below-header-display":"","ast-hfb-mobile-header-display":"","site-post-title":"","ast-breadcrumbs-content":"","ast-featured-img":"","footer-sml-layout":"","ast-disable-related-posts":"","theme-transparent-header-meta":"","adv-header-id-meta":"","stick-header-meta":"","header-above-stick-meta":"","header-main-stick-meta":"","header-below-stick-meta":"","astra-migrate-meta-layouts":"default","ast-page-background-enabled":"default","ast-page-background-meta":{"desktop":{"background-color":"var(--ast-global-color-5)","background-image":"","background-repeat":"repeat","background-position":"center center","background-size":"auto","background-attachment":"scroll","background-type":"","background-media":"","overlay-type":"","overlay-color":"","overlay-opacity":"","overlay-gradient":""},"tablet":{"background-color":"","background-image":"","background-repeat":"repeat","background-position":"center center","background-size":"auto","background-attachment":"scroll","background-type":"","background-media":"","overlay-type":"","overlay-color":"","overlay-opacity":"","overlay-gradient":""},"mobile":{"background-color":"","background-image":"","background-repeat":"repeat","background-position":"center center","background-size":"auto","background-attachment":"scroll","background-type":"","background-media":"","overlay-type":"","overlay-color":"","overlay-opacity":"","overlay-gradient":""}},"ast-content-background-meta":{"desktop":{"background-color":"var(--ast-global-color-4)","background-image":"","background-repeat":"repeat","background-position":"center center","background-size":"auto","background-attachment":"scroll","background-type":"","background-media":"","overlay-type":"","overlay-color":"","overlay-opacity":"","overlay-gradient":""},"tablet":{"background-color":"var(--ast-global-color-4)","background-image":"","background-repeat":"repeat","background-position":"center center","background-size":"auto","background-attachment":"scroll","background-type":"","background-media":"","overlay-type":"","overlay-color":"","overlay-opacity":"","overlay-gradient":""},"mobile":{"background-color":"var(--ast-global-color-4)","background-image":"","background-repeat":"repeat","background-position":"center center","background-size":"auto","background-attachment":"scroll","background-type":"","background-media":"","overlay-type":"","overlay-color":"","overlay-opacity":"","overlay-gradient":""}},"footnotes":""},"class_list":["post-2957","page","type-page","status-publish","hentry"],"uagb_featured_image_src":{"full":false,"thumbnail":false,"medium":false,"medium_large":false,"large":false,"1536x1536":false,"2048x2048":false},"uagb_author_info":{"display_name":"","author_link":"https:\/\/ft.univ-chlef.dz\/?author=6"},"uagb_comment_info":0,"uagb_excerpt":"Le d\u00e9partement \u00c9lectrotechnique est repr\u00e9sent\u00e9 par le chef du d\u00e9partement M. Mostefaoui Mohamed qui est assist\u00e9 par : \u00a0le chef [&hellip;]","_links":{"self":[{"href":"https:\/\/ft.univ-chlef.dz\/index.php?rest_route=\/wp\/v2\/pages\/2957","targetHints":{"allow":["GET"]}}],"collection":[{"href":"https:\/\/ft.univ-chlef.dz\/index.php?rest_route=\/wp\/v2\/pages"}],"about":[{"href":"https:\/\/ft.univ-chlef.dz\/index.php?rest_route=\/wp\/v2\/types\/page"}],"author":[{"embeddable":true,"href":"https:\/\/ft.univ-chlef.dz\/index.php?rest_route=\/wp\/v2\/users\/6"}],"replies":[{"embeddable":true,"href":"https:\/\/ft.univ-chlef.dz\/index.php?rest_route=%2Fwp%2Fv2%2Fcomments&post=2957"}],"version-history":[{"count":0,"href":"https:\/\/ft.univ-chlef.dz\/index.php?rest_route=\/wp\/v2\/pages\/2957\/revisions"}],"wp:attachment":[{"href":"https:\/\/ft.univ-chlef.dz\/index.php?rest_route=%2Fwp%2Fv2%2Fmedia&parent=2957"}],"curies":[{"name":"wp","href":"https:\/\/api.w.org\/{rel}","templated":true}]}}