{"id":3861,"date":"2022-02-14T10:33:39","date_gmt":"2022-02-14T07:33:39","guid":{"rendered":"https:\/\/www.univ-chlef.dz\/ft\/?page_id=3861"},"modified":"2026-01-28T10:52:24","modified_gmt":"2026-01-28T07:52:24","slug":"documents-utiles","status":"publish","type":"page","link":"https:\/\/ft.univ-chlef.dz\/?page_id=3861","title":{"rendered":"Documents utiles"},"content":{"rendered":"<p style=\"text-align: center;\"><span style=\"text-decoration: underline;\"><span style=\"font-size: 14pt;\"><strong><span style=\"color: #ff0000; text-decoration: underline;\">\u0648\u062b\u0627\u0626\u0642 \u062e\u0627\u0635\u0629 \u0628\u0627\u0644\u062a\u0631\u0628\u0635 \u0644\u0644\u0637\u0644\u0628\u0629 \u0627\u0644\u0645\u0642\u0628\u0644\u064a\u0646 \u0639\u0644\u0649 \u0627\u0644\u062a\u062e\u0631\u062c<\/span><\/strong><\/span><\/span><\/p>\n<ul>\n<li><a href=\"https:\/\/ft.univ-chlef.dz\/wp-content\/uploads\/2026\/01\/attestation-de-stage-1.pdf\"><span style=\"color: #0000ff; font-size: 14pt;\"><strong>Attestation de stage<\/strong><\/span><\/a><\/li>\n<li><span style=\"color: #0000ff; font-size: 14pt;\"><strong>Convention \u0625\u062a\u0641\u0627\u0642\u064a\u0629 \u062a\u0631\u0628\u0635<\/strong><\/span>\u00a0 \u00a0 \u00a0 <strong style=\"color: var(--ast-global-color-2); font-size: 1.5rem; background-color: var(--ast-global-color-4);\"><a href=\"https:\/\/ft.univ-chlef.dz\/wp-content\/uploads\/2026\/01\/conv32.pdf\">Pdf\u00a0<\/a> \u00a0 <a href=\"https:\/\/ft.univ-chlef.dz\/wp-content\/uploads\/2026\/01\/conv-stage-etud.docx\">\u00a0word<\/a>\u00a0<\/strong><\/li>\n<li><a href=\"https:\/\/ft.univ-chlef.dz\/wp-content\/uploads\/2026\/01\/demande-stage1-1.pdf\"><span style=\"color: #0000ff; font-size: 14pt;\"><strong>Demande de stage \u0637\u0644\u0628 \u0625\u062c\u0631\u0627\u0621 \u062a\u0631\u0628\u0635 \u0645\u064a\u062f\u0627\u0646\u064a<\/strong><\/span><\/a><\/li>\n<li><a href=\"https:\/\/ft.univ-chlef.dz\/wp-content\/uploads\/2026\/01\/engagement6-1.pdf\"><span style=\"color: #0000ff; font-size: 14pt;\"><strong>Engagement \u0639\u0642\u062f \u0625\u0644\u062a\u0632\u0627\u0645 \u0623\u0648\u0644\u064a<\/strong><\/span><\/a><\/li>\n<li><a href=\"https:\/\/ft.univ-chlef.dz\/wp-content\/uploads\/2026\/01\/Feuille-de-pointage-1.pdf\"><span style=\"color: #0000ff; font-size: 14pt;\"><strong>Feuille de pointage \u0648\u0631\u0642\u0629 \u0627\u0644\u062d\u0636\u0648\u0631 \u0627\u0644\u064a\u0648\u0645\u064a<\/strong><\/span><\/a><\/li>\n<li><a href=\"https:\/\/ft.univ-chlef.dz\/wp-content\/uploads\/2026\/01\/livret-de-stage3-1.pdf\"><span style=\"color: #0000ff; font-size: 14pt;\"><strong>Livret de stage \u062f\u0641\u062a\u0631 \u0627\u0644\u062a\u0631\u0628\u0635<\/strong><\/span><\/a><\/li>\n<\/ul>\n<p dir=\"rtl\" style=\"text-align: right;\"><span style=\"font-size: 14pt; color: #ff0000;\">\u0645\u0644\u0627\u062d\u0638\u0629 \u0647\u0627\u0645\u0629: <\/span><\/p>\n<ul style=\"list-style-type: circle;\">\n<li dir=\"rtl\" style=\"text-align: right;\"><span style=\"font-size: 14pt;\">\u064a\u062c\u0628 \u062a\u062d\u0645\u064a\u0644 \u062c\u0645\u064a\u0639 \u0627\u0644\u0648\u062b\u0627\u0626\u0642 \u0648 \u0645\u0644\u0624\u0647\u0627 \u0631\u0642\u0645\u064a\u0627 \u0628\u0627\u0644\u062d\u0627\u0633\u0648\u0628 \u0642\u0628\u0644 \u0637\u0628\u0639\u0647\u0627.<\/span><\/li>\n<li dir=\"rtl\" style=\"text-align: right;\"><span style=\"font-size: 14pt;\">\u0627\u0644\u0648\u062b\u0627\u0626\u0642 \u0627\u0644\u0645\u0645\u0644\u0648\u0621\u0629 \u0628\u062e\u0637 \u0627\u0644\u064a\u062f \u0645\u0631\u0641\u0648\u0636\u0629 \u0648 \u0644\u0627 \u062a\u0642\u0628\u0644 \u0645\u0646 \u0637\u0631\u0641 \u0627\u0644\u0625\u062f\u0627\u0631\u0629<\/span><\/li>\n<\/ul>\n<p style=\"text-align: center;\"><strong>\u0625<\/strong><span style=\"text-decoration: underline; font-size: 14pt;\"><strong><span style=\"color: #ff0000; text-decoration: underline;\">Les imprim\u00e9s d&rsquo;inscription &#8211; \u0648\u062b\u0627\u0626\u0642 \u062e\u0627\u0635\u0629 \u0628\u0627\u0644\u062a\u0633\u062c\u064a\u0644<\/span><\/strong><\/span><\/p>\n<ul>\n<li><span style=\"color: #0000ff; font-size: 14pt;\"><strong><a style=\"color: #0000ff;\" href=\"https:\/\/ft.univ-chlef.dz\/wp-content\/uploads\/2021\/09\/demande-inscr-reinscr.pdf\">Imprim\u00e9 d\u2019inscription ou r\u00e9inscription<\/a><\/strong><\/span><\/li>\n<li><span style=\"color: #0000ff; font-size: 14pt;\"><a style=\"color: #0000ff;\" href=\"https:\/\/ft.univ-chlef.dz\/wp-content\/uploads\/2023\/10\/Demande-de-reintegration-dun-abandant1.pdf\"><strong>Demande de r\u00e9int\u00e9gration d\u2019un abandon des \u00e9tudes<\/strong><\/a><\/span><\/li>\n<li><span style=\"color: #0000ff; font-size: 14pt;\"><a style=\"color: #0000ff;\" href=\"https:\/\/ft.univ-chlef.dz\/wp-content\/uploads\/2023\/10\/Demande-de-reintegration-dun-conge-accademique1.pdf\"><strong>Demande de r\u00e9int\u00e9gration d\u2019un cong\u00e9 acad\u00e9mique<\/strong><\/a><\/span><\/li>\n<li><span style=\"color: #0000ff; font-size: 14pt;\"><a style=\"color: #0000ff;\" href=\"https:\/\/ft.univ-chlef.dz\/wp-content\/uploads\/2023\/10\/Demande-de-conge-academique1.pdf\"><strong>Demande d\u2019un cong\u00e9 acad\u00e9mique<\/strong><\/a><\/span><\/li>\n<li><span style=\"color: #0000ff; font-size: 14pt;\"><a style=\"color: #0000ff;\" href=\"https:\/\/ft.univ-chlef.dz\/wp-content\/uploads\/2023\/10\/Demande-de-transfert1.pdf\"><strong>Demande de transfert<\/strong><\/a><\/span><\/li>\n<li><span style=\"color: #0000ff; font-size: 14pt;\"><a style=\"color: #0000ff;\" href=\"https:\/\/ft.univ-chlef.dz\/wp-content\/uploads\/2021\/09\/Demande-de-derogation-pour-une-annee-supplementaire.pdf\"><strong>Demande d\u00e9rogation pour une ann\u00e9e suppl\u00e9mentaire<\/strong><\/a><\/span><\/li>\n<\/ul>\n","protected":false},"excerpt":{"rendered":"<p>\u0648\u062b\u0627\u0626\u0642 \u062e\u0627\u0635\u0629 \u0628\u0627\u0644\u062a\u0631\u0628\u0635 \u0644\u0644\u0637\u0644\u0628\u0629 \u0627\u0644\u0645\u0642\u0628\u0644\u064a\u0646 \u0639\u0644\u0649 \u0627\u0644\u062a\u062e\u0631\u062c Attestation de stage Convention \u0625\u062a\u0641\u0627\u0642\u064a\u0629 \u062a\u0631\u0628\u0635\u00a0 \u00a0 \u00a0 Pdf\u00a0 \u00a0 \u00a0word\u00a0 Demande de [&hellip;]<\/p>\n","protected":false},"author":1,"featured_media":0,"parent":0,"menu_order":0,"comment_status":"closed","ping_status":"closed","template":"","meta":{"_uag_custom_page_level_css":"","site-sidebar-layout":"default","site-content-layout":"","ast-site-content-layout":"default","site-content-style":"default","site-sidebar-style":"default","ast-global-header-display":"","ast-banner-title-visibility":"","ast-main-header-display":"","ast-hfb-above-header-display":"","ast-hfb-below-header-display":"","ast-hfb-mobile-header-display":"","site-post-title":"","ast-breadcrumbs-content":"","ast-featured-img":"","footer-sml-layout":"","ast-disable-related-posts":"","theme-transparent-header-meta":"","adv-header-id-meta":"","stick-header-meta":"","header-above-stick-meta":"","header-main-stick-meta":"","header-below-stick-meta":"","astra-migrate-meta-layouts":"default","ast-page-background-enabled":"default","ast-page-background-meta":{"desktop":{"background-color":"var(--ast-global-color-5)","background-image":"","background-repeat":"repeat","background-position":"center center","background-size":"auto","background-attachment":"scroll","background-type":"","background-media":"","overlay-type":"","overlay-color":"","overlay-opacity":"","overlay-gradient":""},"tablet":{"background-color":"","background-image":"","background-repeat":"repeat","background-position":"center center","background-size":"auto","background-attachment":"scroll","background-type":"","background-media":"","overlay-type":"","overlay-color":"","overlay-opacity":"","overlay-gradient":""},"mobile":{"background-color":"","background-image":"","background-repeat":"repeat","background-position":"center center","background-size":"auto","background-attachment":"scroll","background-type":"","background-media":"","overlay-type":"","overlay-color":"","overlay-opacity":"","overlay-gradient":""}},"ast-content-background-meta":{"desktop":{"background-color":"var(--ast-global-color-4)","background-image":"","background-repeat":"repeat","background-position":"center center","background-size":"auto","background-attachment":"scroll","background-type":"","background-media":"","overlay-type":"","overlay-color":"","overlay-opacity":"","overlay-gradient":""},"tablet":{"background-color":"var(--ast-global-color-4)","background-image":"","background-repeat":"repeat","background-position":"center center","background-size":"auto","background-attachment":"scroll","background-type":"","background-media":"","overlay-type":"","overlay-color":"","overlay-opacity":"","overlay-gradient":""},"mobile":{"background-color":"var(--ast-global-color-4)","background-image":"","background-repeat":"repeat","background-position":"center center","background-size":"auto","background-attachment":"scroll","background-type":"","background-media":"","overlay-type":"","overlay-color":"","overlay-opacity":"","overlay-gradient":""}},"footnotes":""},"class_list":["post-3861","page","type-page","status-publish","hentry"],"uagb_featured_image_src":{"full":false,"thumbnail":false,"medium":false,"medium_large":false,"large":false,"1536x1536":false,"2048x2048":false},"uagb_author_info":{"display_name":"zouatenia mhamed","author_link":"https:\/\/ft.univ-chlef.dz\/?author=1"},"uagb_comment_info":0,"uagb_excerpt":"\u0648\u062b\u0627\u0626\u0642 \u062e\u0627\u0635\u0629 \u0628\u0627\u0644\u062a\u0631\u0628\u0635 \u0644\u0644\u0637\u0644\u0628\u0629 \u0627\u0644\u0645\u0642\u0628\u0644\u064a\u0646 \u0639\u0644\u0649 \u0627\u0644\u062a\u062e\u0631\u062c Attestation de stage Convention \u0625\u062a\u0641\u0627\u0642\u064a\u0629 \u062a\u0631\u0628\u0635\u00a0 \u00a0 \u00a0 Pdf\u00a0 \u00a0 \u00a0word\u00a0 Demande de [&hellip;]","_links":{"self":[{"href":"https:\/\/ft.univ-chlef.dz\/index.php?rest_route=\/wp\/v2\/pages\/3861","targetHints":{"allow":["GET"]}}],"collection":[{"href":"https:\/\/ft.univ-chlef.dz\/index.php?rest_route=\/wp\/v2\/pages"}],"about":[{"href":"https:\/\/ft.univ-chlef.dz\/index.php?rest_route=\/wp\/v2\/types\/page"}],"author":[{"embeddable":true,"href":"https:\/\/ft.univ-chlef.dz\/index.php?rest_route=\/wp\/v2\/users\/1"}],"replies":[{"embeddable":true,"href":"https:\/\/ft.univ-chlef.dz\/index.php?rest_route=%2Fwp%2Fv2%2Fcomments&post=3861"}],"version-history":[{"count":5,"href":"https:\/\/ft.univ-chlef.dz\/index.php?rest_route=\/wp\/v2\/pages\/3861\/revisions"}],"predecessor-version":[{"id":10329,"href":"https:\/\/ft.univ-chlef.dz\/index.php?rest_route=\/wp\/v2\/pages\/3861\/revisions\/10329"}],"wp:attachment":[{"href":"https:\/\/ft.univ-chlef.dz\/index.php?rest_route=%2Fwp%2Fv2%2Fmedia&parent=3861"}],"curies":[{"name":"wp","href":"https:\/\/api.w.org\/{rel}","templated":true}]}}