{"id":387,"date":"2017-01-30T11:28:37","date_gmt":"2017-01-30T08:28:37","guid":{"rendered":"http:\/\/www.univ-chlef.dz\/FSEI\/?page_id=387"},"modified":"2017-02-06T10:55:59","modified_gmt":"2017-02-06T07:55:59","slug":"reglementation","status":"publish","type":"page","link":"https:\/\/ft.univ-chlef.dz\/?page_id=387","title":{"rendered":"R\u00e9glementation"},"content":{"rendered":"<p><strong><span style=\"font-family:Tahoma;font-size:16px\">Textes de base<\/span><\/strong>:<\/p>\n<p>\n<span style=\"font-family:Tahoma;font-size:13px\">Consulter l<\/span><span style=\"font-family:Tahoma;font-size:13px\">e\u00a0<\/span><a href=\"http:\/\/www.mincommerce.gov.dz\/fichiers16\/textreglement\/fmpublic.pdf\"><span style=\"font-family:Tahoma;font-size:13px\"><strong>code des march\u00e9s public<\/strong><\/span><\/a><span style=\"font-family:Tahoma;font-size:13px\"> (Source<\/span> <a href=\"http:\/\/www.joradp.dz\/HFR\/Index.htm\" target=\"_blank\"><span style=\"font-family:Tahoma;font-size:13px;color:#3366ff\">www.joradp.dz\/HFR\/Index.htm<\/span><\/a><span style=\"font-size:13px;font-family:Tahoma\"> ).<\/span><\/p>\n<p>[starlist]<\/p>\n<ul>\n<li>\n    <a href=\"http:\/\/www.mincommerce.gov.dz\/fichiers15\/textereglem\/dec15247fr.pdf\"><strong><span style=\"font-family:Tahoma;font-size:13px\">D\u00e9cret pr\u00e9sidentiel n\u00b0 15-247<\/span><span style=\"font-family:Tahoma;font-size:13px;color:#3366ff\">\u00a0<\/span><\/strong><\/a>du 16 septembre 2015 portant r\u00e9glementation des march\u00e9s publics et des d\u00e9l\u00e9gations de service public\u00a0(JO n\u00b0 50 du 20 Septembre\u00a02016).\n    <\/li>\n<\/ul>\n<p>[\/starlist]<\/p>\n<p><span style=\"font-family:Tahoma;font-size:13px\">Les nouveaux mod\u00e8les de documents pr\u00e9vus au titre\u00a0\u00a0du d\u00e9cret pr\u00e9sidentiel n\u00b0 15-247 \u00a0portant r\u00e9glementation des march\u00e9s publics et des d\u00e9l\u00e9gations de service public\u00a0<\/span><\/p>\n<p><a href=\"http:\/\/www.mincommerce.gov.dz\/fichiers16\/textreglement\/arrtdecla191216fr.pdf\"><span style=\"color:black;font-family:Tahoma;font-size:13px\">(<\/span><strong><span style=\"font-family:Tahoma;font-size:13px\">Arr\u00eat\u00e9 du 19 d\u00e9cembre 2015 du JO n\u00b0 17 du 16 Mars 2016<\/span><\/strong><span style=\"color:black;font-family:Tahoma;font-size:13px\">).<\/span><\/a>\n<\/p>\n<p>[starlist]<\/p>\n<ul>\n<li><a href=\"http:\/\/www.mincommerce.gov.dz\/fichiers16\/textreglement\/arrtdecla191216fr.pdf\"><strong><span style=\"font-family:Tahoma;font-size:13px\">Mod\u00e8le de la d\u00e9claration de probit\u00e9<\/span><\/strong><\/a><span style=\"font-family:Tahoma;font-size:13px\"> <\/span><span style=\"font-family:Tahoma;font-size:13px\">(page 14 du JO n\u00b0 17 du 16 Mars 2016).<\/span>\n    <\/li>\n<li><a href=\"http:\/\/www.mincommerce.gov.dz\/fichiers16\/textreglement\/arrtdecla191216fr.pdf\"><strong><span style=\"font-family:Tahoma;font-size:13px\">Mod\u00e8le de la d\u00e9claration de candidature<\/span><\/strong><\/a><span style=\"font-family:Tahoma;font-size:13px\">\u00a0(page 16\u00a0 du JO n\u00b0 17 du 16 Mars 2016).<\/span><\/li>\n<li>\n    <a href=\"http:\/\/www.mincommerce.gov.dz\/fichiers16\/textreglement\/arrtdecla191216fr.pdf\"><strong><span style=\"font-family:Tahoma;font-size:13px\">Mod\u00e8le de la d\u00e9claration a souscrire<\/span><\/strong><\/a><span style=\"font-family:Tahoma;font-size:13px\">\u00a0(page 20 du JO n\u00b0 17 du 16 Mars 2016).<\/span>\n    <\/li>\n<li><a href=\"http:\/\/www.mincommerce.gov.dz\/fichiers16\/textreglement\/arrtdecla191216fr.pdf\"><strong><span style=\"font-family:Tahoma;font-size:13px\">Mod\u00e8le de la lettre de soumission<\/span><\/strong><\/a><span style=\"font-family:Tahoma;font-size:13px\"> <\/span><span style=\"font-family:Tahoma;font-size:13px\">(page 23 du JO n\u00b0 17 du 16 Mars 2016).<\/span><\/li>\n<li>\n    <a href=\"http:\/\/www.mincommerce.gov.dz\/fichiers16\/textreglement\/arrtdecla191216fr.pdf\"><strong><span style=\"font-family:Tahoma;font-size:13px\">Mod\u00e8le de la d\u00e9claration du sous-traitan<\/span><span style=\"font-family:Tahoma;font-size:13px\">t<\/span><\/strong><\/a><span style=\"font-family:Tahoma;font-size:13px\"> <\/span><span style=\"font-family:Tahoma;font-size:13px\">(page 26 du JO n\u00b0 17 du 16 Mars 2016).<\/span>\n    <\/li>\n<li>\n    <a href=\"http:\/\/www.mincommerce.gov.dz\/fichiers16\/textreglement\/arrtinscri191215fr.pdf\"><strong><span style=\"font-family:Tahoma;font-size:13px\">Arr\u00eat\u00e9 du 19 d\u00e9cembre 2015<\/span><\/strong><\/a><span style=\"font-family:Tahoma;font-size:13px\">\u00a0fixant les modalit\u00e9s d\u2019inscription et de retrait de la liste des op\u00e9rateurs \u00e9conomiques interdits de participer aux march\u00e9s publics.\u00a0(JO n\u00b0 17 du 16 Mars 2016).<\/span>\n    <\/li>\n<li><a href=\"http:\/\/www.mincommerce.gov.dz\/fichiers16\/textreglement\/arrtmoda191215fr.pdf\"><strong><span style=\"font-family:Tahoma;font-size:13px\">Arr\u00eat\u00e9 du 19 d\u00e9cembre 2015<\/span><\/strong><\/a><span style=\"font-family:Tahoma;font-size:13px\">\u00a0fixant les modalit\u00e9s d\u2019exclusion de la participation aux march\u00e9s publics.\u00a0(JO n\u00b0 17 du 16 Mars 2016).<\/span><\/li>\n<li>\n    <a href=\"http:\/\/www.mincommerce.gov.dz\/fichiers14\/textreg\/dec14139fr.pdf\"><strong><span style=\"font-family:Tahoma;font-size:13px\">D\u00e9cret ex\u00e9cutif n\u00b0 14-139<\/span><\/strong><\/a><span style=\"font-family:Tahoma;font-size:13px\">\u00a0du 20 avril 2014 portant obligation pour les entreprises, groupes d\u2019entreprises et groupements d\u2019entreprises intervenant dans le cadre de la r\u00e9alisation des march\u00e9s publics de certains secteurs d\u2019activit\u00e9s d\u2019\u00eatre titulaires du certificat de qualification et de classification professionnelles.\u00a0(JO\u00a0n\u00b0 26 du 07 Mai 2014).<\/span><\/li>\n<\/ul>\n<p>[\/starlist]<\/p>\n","protected":false},"excerpt":{"rendered":"<p>Textes de base: Consulter le\u00a0code des march\u00e9s public (Source www.joradp.dz\/HFR\/Index.htm ). [starlist] D\u00e9cret pr\u00e9sidentiel n\u00b0 15-247\u00a0du 16 septembre 2015 portant [&hellip;]<\/p>\n","protected":false},"author":1,"featured_media":0,"parent":0,"menu_order":0,"comment_status":"closed","ping_status":"closed","template":"","meta":{"_uag_custom_page_level_css":"","site-sidebar-layout":"default","site-content-layout":"","ast-site-content-layout":"default","site-content-style":"default","site-sidebar-style":"default","ast-global-header-display":"","ast-banner-title-visibility":"","ast-main-header-display":"","ast-hfb-above-header-display":"","ast-hfb-below-header-display":"","ast-hfb-mobile-header-display":"","site-post-title":"","ast-breadcrumbs-content":"","ast-featured-img":"","footer-sml-layout":"","ast-disable-related-posts":"","theme-transparent-header-meta":"","adv-header-id-meta":"","stick-header-meta":"","header-above-stick-meta":"","header-main-stick-meta":"","header-below-stick-meta":"","astra-migrate-meta-layouts":"default","ast-page-background-enabled":"default","ast-page-background-meta":{"desktop":{"background-color":"var(--ast-global-color-5)","background-image":"","background-repeat":"repeat","background-position":"center center","background-size":"auto","background-attachment":"scroll","background-type":"","background-media":"","overlay-type":"","overlay-color":"","overlay-opacity":"","overlay-gradient":""},"tablet":{"background-color":"","background-image":"","background-repeat":"repeat","background-position":"center center","background-size":"auto","background-attachment":"scroll","background-type":"","background-media":"","overlay-type":"","overlay-color":"","overlay-opacity":"","overlay-gradient":""},"mobile":{"background-color":"","background-image":"","background-repeat":"repeat","background-position":"center center","background-size":"auto","background-attachment":"scroll","background-type":"","background-media":"","overlay-type":"","overlay-color":"","overlay-opacity":"","overlay-gradient":""}},"ast-content-background-meta":{"desktop":{"background-color":"var(--ast-global-color-4)","background-image":"","background-repeat":"repeat","background-position":"center center","background-size":"auto","background-attachment":"scroll","background-type":"","background-media":"","overlay-type":"","overlay-color":"","overlay-opacity":"","overlay-gradient":""},"tablet":{"background-color":"var(--ast-global-color-4)","background-image":"","background-repeat":"repeat","background-position":"center center","background-size":"auto","background-attachment":"scroll","background-type":"","background-media":"","overlay-type":"","overlay-color":"","overlay-opacity":"","overlay-gradient":""},"mobile":{"background-color":"var(--ast-global-color-4)","background-image":"","background-repeat":"repeat","background-position":"center center","background-size":"auto","background-attachment":"scroll","background-type":"","background-media":"","overlay-type":"","overlay-color":"","overlay-opacity":"","overlay-gradient":""}},"footnotes":""},"class_list":["post-387","page","type-page","status-publish","hentry"],"uagb_featured_image_src":{"full":false,"thumbnail":false,"medium":false,"medium_large":false,"large":false,"1536x1536":false,"2048x2048":false},"uagb_author_info":{"display_name":"zouatenia mhamed","author_link":"https:\/\/ft.univ-chlef.dz\/?author=1"},"uagb_comment_info":0,"uagb_excerpt":"Textes de base: Consulter le\u00a0code des march\u00e9s public (Source www.joradp.dz\/HFR\/Index.htm ). [starlist] D\u00e9cret pr\u00e9sidentiel n\u00b0 15-247\u00a0du 16 septembre 2015 portant [&hellip;]","_links":{"self":[{"href":"https:\/\/ft.univ-chlef.dz\/index.php?rest_route=\/wp\/v2\/pages\/387","targetHints":{"allow":["GET"]}}],"collection":[{"href":"https:\/\/ft.univ-chlef.dz\/index.php?rest_route=\/wp\/v2\/pages"}],"about":[{"href":"https:\/\/ft.univ-chlef.dz\/index.php?rest_route=\/wp\/v2\/types\/page"}],"author":[{"embeddable":true,"href":"https:\/\/ft.univ-chlef.dz\/index.php?rest_route=\/wp\/v2\/users\/1"}],"replies":[{"embeddable":true,"href":"https:\/\/ft.univ-chlef.dz\/index.php?rest_route=%2Fwp%2Fv2%2Fcomments&post=387"}],"version-history":[{"count":0,"href":"https:\/\/ft.univ-chlef.dz\/index.php?rest_route=\/wp\/v2\/pages\/387\/revisions"}],"wp:attachment":[{"href":"https:\/\/ft.univ-chlef.dz\/index.php?rest_route=%2Fwp%2Fv2%2Fmedia&parent=387"}],"curies":[{"name":"wp","href":"https:\/\/api.w.org\/{rel}","templated":true}]}}