{"id":3926,"date":"2021-02-14T11:50:04","date_gmt":"2021-02-14T08:50:04","guid":{"rendered":"https:\/\/www.univ-chlef.dz\/ft\/?page_id=3926"},"modified":"2021-03-15T14:24:38","modified_gmt":"2021-03-15T11:24:38","slug":"nouveaux-bases-de-donnees-sndl","status":"publish","type":"page","link":"https:\/\/ft.univ-chlef.dz\/?page_id=3926","title":{"rendered":"Nouveaux bases de donn\u00e9es SNDL"},"content":{"rendered":"<p><span style=\"font-family: book antiqua, palatino, serif;\"><img loading=\"lazy\" decoding=\"async\" class=\"wp-image-3927 aligncenter\" src=\"https:\/\/ft.univ-chlef.dz\/wp-content\/uploads\/2021\/02\/sndl3.jpg\" alt=\"\" width=\"265\" height=\"74\" srcset=\"https:\/\/ft.univ-chlef.dz\/wp-content\/uploads\/2021\/02\/sndl3.jpg 728w, https:\/\/ft.univ-chlef.dz\/wp-content\/uploads\/2021\/02\/sndl3-300x84.jpg 300w\" sizes=\"auto, (max-width: 265px) 100vw, 265px\" \/><\/span><\/p>\n<ul>\n<li>\n<h2 id=\":14v\" class=\"hP\" tabindex=\"-1\" data-thread-perm-id=\"thread-f:1694283146008711968\" data-legacy-thread-id=\"17834d8b6ac7d320\"><span style=\"text-decoration: underline;\"><span style=\"color: #ff0000;\"><strong><span style=\"font-size: 12pt;\">BONNE NOUVELLE : Jstor est de Retour dans le SNDL<\/span><\/strong><\/span><\/span><\/h2>\n<\/li>\n<\/ul>\n<p style=\"padding-left: 80px;\"><span style=\"font-size: large; font-family: book antiqua, palatino, serif;\"><b>Euclid prime, JSTOR, JSTOR plants<\/b><\/span><\/p>\n<p style=\"padding-left: 80px;\"><span style=\"font-size: large; font-family: book antiqua, palatino, serif;\">Trois nouvelles Bases de donn\u00e9es ouvertes dans le <b><span style=\"color: #0000ff;\">SNDL\u00a0<\/span><\/b><\/span><\/p>\n<p style=\"padding-left: 80px;\"><span style=\"font-family: book antiqua, palatino, serif;\">Pour plus de d\u00e9tails :<\/span><\/p>\n<div style=\"padding-left: 80px;\"><span style=\"color: #0000ff;\"><strong><span style=\"font-family: book antiqua, palatino, serif;\"><a style=\"color: #0000ff;\" href=\"https:\/\/www.sndl.cerist.dz\/index.php?p=14&amp;article=201\">https:\/\/www.sndl.cerist.dz\/<wbr \/>index.php?p=14&amp;article=201<\/a><\/span><\/strong><\/span><span style=\"color: #888888;\"><br clear=\"all\" \/><\/span><\/div>\n<ul>\n<li><span style=\"font-family: book antiqua, palatino, serif;\"><strong><span style=\"text-decoration: underline;\"><span dir=\"auto\" style=\"color: #ff0000; text-decoration: underline;\">Un acc\u00e8s aux connaissances cliniques les plus approfondies et les plus r\u00e9centes:<\/span><\/span><\/strong><\/span><\/li>\n<\/ul>\n<p style=\"padding-left: 80px;\"><span dir=\"auto\" style=\"font-family: book antiqua, palatino, serif;\"><strong><span style=\"color: #0000ff;\">ClinicalKey<\/span><\/strong> accompagne les professionnels de sant\u00e9 et les \u00e9tudiants en m\u00e9decine, toutes sp\u00e9cialit\u00e9s confondues, en leur offrant l&rsquo;acc\u00e8s aux derni\u00e8res recherches dans de multiples formats, y compris le texte int\u00e9gral de\u00a0revues et livres de r\u00e9f\u00e9rence,\u00a0des monographies,\u00a0fiches m\u00e9dicaments,\u00a0vid\u00e9os,\u00a0pratiques cliniques,\u00a0documents d&rsquo;information au patient personnalis\u00e9s\u00a0et bien plus encore.<\/span><\/p>\n<p style=\"padding-left: 80px;\"><span style=\"font-family: book antiqua, palatino, serif;\">Lien :\u00a0<a href=\"https:\/\/www.sndl.cerist.dz\/index.php?p=3\" target=\"_blank\" rel=\"noopener noreferrer\" data-saferedirecturl=\"https:\/\/www.google.com\/url?q=https:\/\/www.sndl.cerist.dz\/index.php?p%3D3&amp;source=gmail&amp;ust=1614086373135000&amp;usg=AFQjCNGvjZZ7u2i-EIbVpt_QuxklHhxf6A\"><strong><span style=\"color: #0000ff;\">https:\/\/www.sndl.cerist.dz\/<wbr \/>index.php?p=3<\/span><\/strong><\/a><\/span><\/p>\n<ul>\n<li><span style=\"text-decoration: underline; font-family: book antiqua, palatino, serif;\"><strong><span style=\"font-size: 12pt; color: #ff0000; text-decoration: underline;\">L\u2019\u00e9quipe SNDL\/<a style=\"color: #ff0000; text-decoration: underline;\" href=\"http:\/\/www.cerist.dz\/\">CERIST<\/a>\u00a0a le plaisir de vous informer que les bases de donn\u00e9es suivantes :<\/span><\/strong><\/span><\/li>\n<\/ul>\n<p style=\"margin: 0cm 0cm 0.0001pt; padding-left: 80px;\"><span style=\"font-size: 12pt; font-family: book antiqua, palatino, serif;\"><strong>Scopus, Taylor&amp;Francis, Wiley, E-marefa, EBSCO host, Mathscient, Clinicalkey, Science Direct, Springer Link, Springer Mat\u00e9riels, IEEE, ACM digital library, Cairn, Z.B.math<\/strong><\/span><\/p>\n<p style=\"margin: 0cm 0cm 0.0001pt; padding-left: 80px;\"><span style=\"font-family: book antiqua, palatino, serif;\"><span style=\"font-size: 12pt; color: #000000;\">sont accessibles via le portail SNDL, pour acc\u00e9der veuillez consulter :\u00a0<\/span><span style=\"font-size: 12pt; color: #0000ff;\"><strong><a style=\"color: #0000ff;\" href=\"https:\/\/sndl.cerist.dz\/index.php?p=3\">https:\/\/sndl.cerist.dz\/index.php?p=3<\/a><\/strong><\/span><\/span><\/p>\n<ul>\n<li><span style=\"text-decoration: underline; font-family: book antiqua, palatino, serif;\"><span style=\"font-size: 12pt; color: #ff0000;\"><strong>NEW SNDL : Technique de l&rsquo;ing\u00e9nieur est d\u00e9sormais disponible:<\/strong><\/span><\/span><\/li>\n<\/ul>\n<p style=\"padding-left: 80px;\"><span style=\"font-family: book antiqua, palatino, serif;\"><img loading=\"lazy\" decoding=\"async\" class=\" wp-image-3942 aligncenter\" src=\"https:\/\/ft.univ-chlef.dz\/wp-content\/uploads\/2021\/02\/unnamed.png\" alt=\"\" width=\"111\" height=\"84\" \/><span style=\"font-size: 12pt; color: #000000;\">Le lien: <strong><a href=\"https:\/\/www.sndl.cerist.dz\/index.php?p=14&amp;article=200 #CERIST\" data-wplink-url-error=\"true\"><span style=\"color: #3366ff;\"><span style=\"color: #0000ff;\">https:\/\/www.sndl.cerist.dz\/index.php?p=14&amp;article=200#CERIST<\/span><\/span><\/a><\/strong><\/span><\/span><\/p>\n<p>\u00a0<\/p>\n\n\n<p><\/p>\n","protected":false},"excerpt":{"rendered":"<p>BONNE NOUVELLE : Jstor est de Retour dans le SNDL Euclid prime, JSTOR, JSTOR plants Trois nouvelles Bases de donn\u00e9es [&hellip;]<\/p>\n","protected":false},"author":6,"featured_media":0,"parent":0,"menu_order":0,"comment_status":"closed","ping_status":"closed","template":"","meta":{"_uag_custom_page_level_css":"","site-sidebar-layout":"default","site-content-layout":"","ast-site-content-layout":"default","site-content-style":"default","site-sidebar-style":"default","ast-global-header-display":"","ast-banner-title-visibility":"","ast-main-header-display":"","ast-hfb-above-header-display":"","ast-hfb-below-header-display":"","ast-hfb-mobile-header-display":"","site-post-title":"","ast-breadcrumbs-content":"","ast-featured-img":"","footer-sml-layout":"","ast-disable-related-posts":"","theme-transparent-header-meta":"","adv-header-id-meta":"","stick-header-meta":"","header-above-stick-meta":"","header-main-stick-meta":"","header-below-stick-meta":"","astra-migrate-meta-layouts":"default","ast-page-background-enabled":"default","ast-page-background-meta":{"desktop":{"background-color":"var(--ast-global-color-5)","background-image":"","background-repeat":"repeat","background-position":"center center","background-size":"auto","background-attachment":"scroll","background-type":"","background-media":"","overlay-type":"","overlay-color":"","overlay-opacity":"","overlay-gradient":""},"tablet":{"background-color":"","background-image":"","background-repeat":"repeat","background-position":"center center","background-size":"auto","background-attachment":"scroll","background-type":"","background-media":"","overlay-type":"","overlay-color":"","overlay-opacity":"","overlay-gradient":""},"mobile":{"background-color":"","background-image":"","background-repeat":"repeat","background-position":"center center","background-size":"auto","background-attachment":"scroll","background-type":"","background-media":"","overlay-type":"","overlay-color":"","overlay-opacity":"","overlay-gradient":""}},"ast-content-background-meta":{"desktop":{"background-color":"var(--ast-global-color-4)","background-image":"","background-repeat":"repeat","background-position":"center center","background-size":"auto","background-attachment":"scroll","background-type":"","background-media":"","overlay-type":"","overlay-color":"","overlay-opacity":"","overlay-gradient":""},"tablet":{"background-color":"var(--ast-global-color-4)","background-image":"","background-repeat":"repeat","background-position":"center center","background-size":"auto","background-attachment":"scroll","background-type":"","background-media":"","overlay-type":"","overlay-color":"","overlay-opacity":"","overlay-gradient":""},"mobile":{"background-color":"var(--ast-global-color-4)","background-image":"","background-repeat":"repeat","background-position":"center center","background-size":"auto","background-attachment":"scroll","background-type":"","background-media":"","overlay-type":"","overlay-color":"","overlay-opacity":"","overlay-gradient":""}},"footnotes":""},"class_list":["post-3926","page","type-page","status-publish","hentry"],"uagb_featured_image_src":{"full":false,"thumbnail":false,"medium":false,"medium_large":false,"large":false,"1536x1536":false,"2048x2048":false},"uagb_author_info":{"display_name":"","author_link":"https:\/\/ft.univ-chlef.dz\/?author=6"},"uagb_comment_info":0,"uagb_excerpt":"BONNE NOUVELLE : Jstor est de Retour dans le SNDL Euclid prime, JSTOR, JSTOR plants Trois nouvelles Bases de donn\u00e9es [&hellip;]","_links":{"self":[{"href":"https:\/\/ft.univ-chlef.dz\/index.php?rest_route=\/wp\/v2\/pages\/3926","targetHints":{"allow":["GET"]}}],"collection":[{"href":"https:\/\/ft.univ-chlef.dz\/index.php?rest_route=\/wp\/v2\/pages"}],"about":[{"href":"https:\/\/ft.univ-chlef.dz\/index.php?rest_route=\/wp\/v2\/types\/page"}],"author":[{"embeddable":true,"href":"https:\/\/ft.univ-chlef.dz\/index.php?rest_route=\/wp\/v2\/users\/6"}],"replies":[{"embeddable":true,"href":"https:\/\/ft.univ-chlef.dz\/index.php?rest_route=%2Fwp%2Fv2%2Fcomments&post=3926"}],"version-history":[{"count":0,"href":"https:\/\/ft.univ-chlef.dz\/index.php?rest_route=\/wp\/v2\/pages\/3926\/revisions"}],"wp:attachment":[{"href":"https:\/\/ft.univ-chlef.dz\/index.php?rest_route=%2Fwp%2Fv2%2Fmedia&parent=3926"}],"curies":[{"name":"wp","href":"https:\/\/api.w.org\/{rel}","templated":true}]}}