{"id":3991,"date":"2021-02-28T10:18:07","date_gmt":"2021-02-28T07:18:07","guid":{"rendered":"https:\/\/www.univ-chlef.dz\/ft\/?page_id=3991"},"modified":"2021-03-29T11:01:04","modified_gmt":"2021-03-29T08:01:04","slug":"acces-au-doctorat-troisieme-cycle-lmd-au-titre-de-lannee-universitaire-2020-2021","status":"publish","type":"page","link":"https:\/\/ft.univ-chlef.dz\/?page_id=3991","title":{"rendered":"Acc\u00e8s au Doctorat Troisi\u00e8me Cycle LMD au titre de l&rsquo;ann\u00e9e Universitaire 2020 &#8211; 2021"},"content":{"rendered":"<h1 class=\"name post-title entry-title\">R\u00e9sultats du concours DLMD en G\u00e9nie M\u00e9canique valid\u00e9s par le CSF le 28\/03\/2021<\/h1>\n<div class=\"entry\">\n<p><span style=\"text-decoration: underline;\"><span style=\"font-family: book antiqua, palatino, serif; color: #ff0000; font-size: 14pt;\"><strong>Fili\u00e8re : G\u00e9nie M\u00e9canique<\/strong><\/span><\/span><\/p>\n<p><span style=\"font-family: book antiqua, palatino, serif; color: #ff0000;\"><strong><a style=\"color: #ff0000;\" href=\"https:\/\/ft.univ-chlef.dz\/wp-content\/uploads\/2021\/03\/FT_GMDLMD_Fabrication-Mecanique-et-Productique.pdf\">Sp\u00e9cialit\u00e9 : <span style=\"color: #0000ff;\">Fabrication M\u00e9canique et Productique<\/span><\/a><\/strong><\/span><\/p>\n<p><span style=\"font-family: book antiqua, palatino, serif; color: #ff0000;\"><strong><a style=\"color: #ff0000;\" href=\"https:\/\/ft.univ-chlef.dz\/wp-content\/uploads\/2021\/03\/FT_GMDLMD21_Construction-mecanique.pdf\">Sp\u00e9cialit\u00e9 : <span style=\"color: #0000ff;\">Construction M\u00e9canique<\/span><\/a><\/strong><\/span><\/p>\n<p><span style=\"font-family: book antiqua, palatino, serif; color: #ff0000;\"><strong><a style=\"color: #ff0000;\" href=\"https:\/\/ft.univ-chlef.dz\/wp-content\/uploads\/2021\/03\/FT_GMDLMD21_Energies-Renouvelables-en-Mecanique.pdf\">Sp\u00e9cialit\u00e9: <span style=\"color: #0000ff;\">Energies Renouvelables en M\u00e9canique<\/span><\/a><\/strong><\/span><\/p>\n<p><span style=\"font-family: book antiqua, palatino, serif; color: #ff0000;\"><a style=\"color: #ff0000;\" href=\"https:\/\/ft.univ-chlef.dz\/wp-content\/uploads\/2021\/03\/FT_GMDLMD21_Energetique.pdf\"><strong>Sp\u00e9cialit\u00e9 : <span style=\"color: #0000ff;\">Energ\u00e9tique<\/span><\/strong><\/a><\/span><\/p>\n<\/div>\n","protected":false},"excerpt":{"rendered":"<p>R\u00e9sultats du concours DLMD en G\u00e9nie M\u00e9canique valid\u00e9s par le CSF le 28\/03\/2021 Fili\u00e8re : G\u00e9nie M\u00e9canique Sp\u00e9cialit\u00e9 : Fabrication [&hellip;]<\/p>\n","protected":false},"author":6,"featured_media":0,"parent":0,"menu_order":0,"comment_status":"closed","ping_status":"closed","template":"","meta":{"_uag_custom_page_level_css":"","site-sidebar-layout":"default","site-content-layout":"","ast-site-content-layout":"default","site-content-style":"default","site-sidebar-style":"default","ast-global-header-display":"","ast-banner-title-visibility":"","ast-main-header-display":"","ast-hfb-above-header-display":"","ast-hfb-below-header-display":"","ast-hfb-mobile-header-display":"","site-post-title":"","ast-breadcrumbs-content":"","ast-featured-img":"","footer-sml-layout":"","ast-disable-related-posts":"","theme-transparent-header-meta":"","adv-header-id-meta":"","stick-header-meta":"","header-above-stick-meta":"","header-main-stick-meta":"","header-below-stick-meta":"","astra-migrate-meta-layouts":"default","ast-page-background-enabled":"default","ast-page-background-meta":{"desktop":{"background-color":"var(--ast-global-color-5)","background-image":"","background-repeat":"repeat","background-position":"center center","background-size":"auto","background-attachment":"scroll","background-type":"","background-media":"","overlay-type":"","overlay-color":"","overlay-opacity":"","overlay-gradient":""},"tablet":{"background-color":"","background-image":"","background-repeat":"repeat","background-position":"center center","background-size":"auto","background-attachment":"scroll","background-type":"","background-media":"","overlay-type":"","overlay-color":"","overlay-opacity":"","overlay-gradient":""},"mobile":{"background-color":"","background-image":"","background-repeat":"repeat","background-position":"center center","background-size":"auto","background-attachment":"scroll","background-type":"","background-media":"","overlay-type":"","overlay-color":"","overlay-opacity":"","overlay-gradient":""}},"ast-content-background-meta":{"desktop":{"background-color":"var(--ast-global-color-4)","background-image":"","background-repeat":"repeat","background-position":"center center","background-size":"auto","background-attachment":"scroll","background-type":"","background-media":"","overlay-type":"","overlay-color":"","overlay-opacity":"","overlay-gradient":""},"tablet":{"background-color":"var(--ast-global-color-4)","background-image":"","background-repeat":"repeat","background-position":"center center","background-size":"auto","background-attachment":"scroll","background-type":"","background-media":"","overlay-type":"","overlay-color":"","overlay-opacity":"","overlay-gradient":""},"mobile":{"background-color":"var(--ast-global-color-4)","background-image":"","background-repeat":"repeat","background-position":"center center","background-size":"auto","background-attachment":"scroll","background-type":"","background-media":"","overlay-type":"","overlay-color":"","overlay-opacity":"","overlay-gradient":""}},"footnotes":""},"class_list":["post-3991","page","type-page","status-publish","hentry"],"uagb_featured_image_src":{"full":false,"thumbnail":false,"medium":false,"medium_large":false,"large":false,"1536x1536":false,"2048x2048":false},"uagb_author_info":{"display_name":"","author_link":"https:\/\/ft.univ-chlef.dz\/?author=6"},"uagb_comment_info":0,"uagb_excerpt":"R\u00e9sultats du concours DLMD en G\u00e9nie M\u00e9canique valid\u00e9s par le CSF le 28\/03\/2021 Fili\u00e8re : G\u00e9nie M\u00e9canique Sp\u00e9cialit\u00e9 : Fabrication [&hellip;]","_links":{"self":[{"href":"https:\/\/ft.univ-chlef.dz\/index.php?rest_route=\/wp\/v2\/pages\/3991","targetHints":{"allow":["GET"]}}],"collection":[{"href":"https:\/\/ft.univ-chlef.dz\/index.php?rest_route=\/wp\/v2\/pages"}],"about":[{"href":"https:\/\/ft.univ-chlef.dz\/index.php?rest_route=\/wp\/v2\/types\/page"}],"author":[{"embeddable":true,"href":"https:\/\/ft.univ-chlef.dz\/index.php?rest_route=\/wp\/v2\/users\/6"}],"replies":[{"embeddable":true,"href":"https:\/\/ft.univ-chlef.dz\/index.php?rest_route=%2Fwp%2Fv2%2Fcomments&post=3991"}],"version-history":[{"count":0,"href":"https:\/\/ft.univ-chlef.dz\/index.php?rest_route=\/wp\/v2\/pages\/3991\/revisions"}],"wp:attachment":[{"href":"https:\/\/ft.univ-chlef.dz\/index.php?rest_route=%2Fwp%2Fv2%2Fmedia&parent=3991"}],"curies":[{"name":"wp","href":"https:\/\/api.w.org\/{rel}","templated":true}]}}