{"id":557,"date":"2017-02-05T14:07:35","date_gmt":"2017-02-05T11:07:35","guid":{"rendered":"http:\/\/www.univ-chlef.dz\/FSEI\/?page_id=557"},"modified":"2026-01-29T11:31:30","modified_gmt":"2026-01-29T08:31:30","slug":"licence","status":"publish","type":"page","link":"https:\/\/ft.univ-chlef.dz\/?page_id=557","title":{"rendered":"Licence"},"content":{"rendered":"<ul>\n<li>\n<h4><span style=\"text-decoration: underline;\"><span style=\"color: #ff0000; font-size: 14pt;\"><strong>D\u00e9partement du tronc commun:<\/strong><\/span><\/span><\/h4>\n<\/li>\n<\/ul>\n<ol>\n<li style=\"list-style-type: none;\">\n<ol>\n<li><span style=\"font-family: georgia, palatino, serif; font-size: 14pt;\">Tronc commun en Sciences et Technologie (ST)<\/span><\/li>\n<\/ol>\n<\/li>\n<\/ol>\n<ul>\n<li>\n<h4><span style=\"text-decoration: underline;\"><span style=\"color: #ff0000; font-size: 14pt;\"><strong>D\u00e9partement G\u00e9nie m\u00e9canique:<\/strong><\/span><\/span><\/h4>\n<\/li>\n<\/ul>\n<ol>\n<li style=\"list-style-type: none;\">\n<ol>\n<li><a href=\"https:\/\/ft.univ-chlef.dz\/wp-content\/uploads\/2026\/01\/A7-Licence-Maintenance-industrielle.pdf\"><span style=\"color: #0000ff; font-size: 14pt;\">Licence Maintenance industrielle<\/span><\/a><\/li>\n<li><a href=\"https:\/\/ft.univ-chlef.dz\/wp-content\/uploads\/2026\/01\/B2-Licence-Construction-mecanique.pdf\"><span style=\"color: #0000ff; font-size: 14pt;\">Licence Construction m\u00e9canique<\/span><\/a><\/li>\n<li><a href=\"https:\/\/ft.univ-chlef.dz\/wp-content\/uploads\/2026\/01\/B3-Licence-Energetique.pdf\"><span style=\"color: #0000ff; font-size: 14pt;\">Licence Energ\u00e9tique<\/span><\/a><\/li>\n<\/ol>\n<\/li>\n<\/ol>\n<ul>\n<li>\n<h4><span style=\"text-decoration: underline;\"><span style=\"color: #ff0000; font-size: 14pt;\"><strong>D\u00e9partement G\u00e9nie des proc\u00e9d\u00e9s<\/strong><\/span><\/span><\/h4>\n<\/li>\n<\/ul>\n<ol>\n<li style=\"list-style-type: none;\">\n<ol>\n<li><a href=\"https:\/\/ft.univ-chlef.dz\/wp-content\/uploads\/2026\/01\/C2-Licence-Genie-des-procedes.pdf\"><span style=\"color: #0000ff; font-size: 14pt;\">Licence G\u00e9nie des proc\u00e9d\u00e9s<\/span><\/a><\/li>\n<\/ol>\n<\/li>\n<\/ol>\n<ul>\n<li>\n<h4><span style=\"text-decoration: underline;\"><span style=\"color: #ff0000; font-size: 14pt;\"><strong>D\u00e9partement Electronique<\/strong><\/span><\/span><\/h4>\n<\/li>\n<\/ul>\n<ol>\n<li style=\"list-style-type: none;\">\n<ol>\n<li><a href=\"https:\/\/ft.univ-chlef.dz\/wp-content\/uploads\/2026\/01\/A1-Licence-Automatique.pdf\"><span style=\"color: #0000ff; font-size: 14pt;\">Licence Automatique (Ancien mise \u00e0 jour)<\/span><\/a>\u00a0 \u00a0<strong><a style=\"font-size: 1.25rem; font-weight: 600; background-color: var(--ast-global-color-4);\" href=\"https:\/\/ft.univ-chlef.dz\/wp-content\/uploads\/2026\/01\/A1-Licence-Automatique_MAJ-2025.pdf\">Mise \u00e0 jour du 2025<\/a><\/strong><\/li>\n<li><a href=\"https:\/\/ft.univ-chlef.dz\/wp-content\/uploads\/2026\/01\/A3-Licence-Electronique22.pdf\"><span style=\"color: #0000ff; font-size: 14pt;\">Licence Electronique (Ancien mise \u00e0 jour)<\/span><\/a><span style=\"color: #0000ff; font-size: 14pt;\"> \u00a0 \u00a0 <\/span><strong><a href=\"https:\/\/ft.univ-chlef.dz\/wp-content\/uploads\/2026\/01\/A3-Licence-Electronique_MAJ-2025.pdf\">Mise \u00e0 jour du 2025<\/a><\/strong><\/li>\n<li><a href=\"https:\/\/ft.univ-chlef.dz\/wp-content\/uploads\/2026\/01\/A8-Licence-Telecoms.pdf\"><span style=\"color: #0000ff; font-size: 14pt;\">Licence T\u00e9l\u00e9communications (Ancien mise \u00e0 jour)<\/span><\/a>\u00a0 \u00a0 \u00a0 <strong><a href=\"https:\/\/ft.univ-chlef.dz\/wp-content\/uploads\/2026\/01\/A8-Licence-Telecoms_MAJ-2025.pdf\">Mise \u00e0 jour du 2025<\/a><\/strong><\/li>\n<\/ol>\n<\/li>\n<\/ol>\n<ul>\n<li>\n<h4><span style=\"text-decoration: underline;\"><span style=\"color: #ff0000; font-size: 14pt;\"><strong>D\u00e9partement Electrotechnique<\/strong><\/span><\/span><\/h4>\n<\/li>\n<\/ul>\n<ol>\n<li style=\"list-style-type: none;\">\n<ol>\n<li><a href=\"https:\/\/ft.univ-chlef.dz\/wp-content\/uploads\/2026\/01\/A2-Licence-Electromecanique.pdf\"><span style=\"color: #0000ff; font-size: 14pt;\">Licence Electrom\u00e9canique (Ancien mise \u00e0 jour)<\/span><\/a>\u00a0 \u00a0 <strong><a href=\"https:\/\/ft.univ-chlef.dz\/wp-content\/uploads\/2026\/01\/A2-Licence-Electromecanique_MAJ-2025.pdf\">Mise \u00e0 jour du 2025<\/a><\/strong><\/li>\n<li><a href=\"https:\/\/ft.univ-chlef.dz\/wp-content\/uploads\/2026\/01\/A4-Licence-Electrotechnique.pdf\"><span style=\"color: #0000ff; font-size: 14pt;\">Licence Electrotechnique (Ancien mise \u00e0 jour)<\/span><\/a>\u00a0 \u00a0 \u00a0<strong><a href=\"https:\/\/ft.univ-chlef.dz\/wp-content\/uploads\/2026\/01\/A4-Licence-Electrotechnique_MAJ-2025.pdf\">Mise \u00e0 jour du 2025<\/a><\/strong><\/li>\n<\/ol>\n<\/li>\n<\/ol>\n","protected":false},"excerpt":{"rendered":"<p>D\u00e9partement du tronc commun: Tronc commun en Sciences et Technologie (ST) D\u00e9partement G\u00e9nie m\u00e9canique: Licence Maintenance industrielle Licence Construction m\u00e9canique [&hellip;]<\/p>\n","protected":false},"author":1,"featured_media":0,"parent":0,"menu_order":0,"comment_status":"closed","ping_status":"closed","template":"","meta":{"_uag_custom_page_level_css":"","site-sidebar-layout":"default","site-content-layout":"","ast-site-content-layout":"default","site-content-style":"default","site-sidebar-style":"default","ast-global-header-display":"","ast-banner-title-visibility":"","ast-main-header-display":"","ast-hfb-above-header-display":"","ast-hfb-below-header-display":"","ast-hfb-mobile-header-display":"","site-post-title":"","ast-breadcrumbs-content":"","ast-featured-img":"","footer-sml-layout":"","ast-disable-related-posts":"","theme-transparent-header-meta":"","adv-header-id-meta":"","stick-header-meta":"","header-above-stick-meta":"","header-main-stick-meta":"","header-below-stick-meta":"","astra-migrate-meta-layouts":"default","ast-page-background-enabled":"default","ast-page-background-meta":{"desktop":{"background-color":"var(--ast-global-color-5)","background-image":"","background-repeat":"repeat","background-position":"center center","background-size":"auto","background-attachment":"scroll","background-type":"","background-media":"","overlay-type":"","overlay-color":"","overlay-opacity":"","overlay-gradient":""},"tablet":{"background-color":"","background-image":"","background-repeat":"repeat","background-position":"center center","background-size":"auto","background-attachment":"scroll","background-type":"","background-media":"","overlay-type":"","overlay-color":"","overlay-opacity":"","overlay-gradient":""},"mobile":{"background-color":"","background-image":"","background-repeat":"repeat","background-position":"center center","background-size":"auto","background-attachment":"scroll","background-type":"","background-media":"","overlay-type":"","overlay-color":"","overlay-opacity":"","overlay-gradient":""}},"ast-content-background-meta":{"desktop":{"background-color":"var(--ast-global-color-4)","background-image":"","background-repeat":"repeat","background-position":"center center","background-size":"auto","background-attachment":"scroll","background-type":"","background-media":"","overlay-type":"","overlay-color":"","overlay-opacity":"","overlay-gradient":""},"tablet":{"background-color":"var(--ast-global-color-4)","background-image":"","background-repeat":"repeat","background-position":"center center","background-size":"auto","background-attachment":"scroll","background-type":"","background-media":"","overlay-type":"","overlay-color":"","overlay-opacity":"","overlay-gradient":""},"mobile":{"background-color":"var(--ast-global-color-4)","background-image":"","background-repeat":"repeat","background-position":"center center","background-size":"auto","background-attachment":"scroll","background-type":"","background-media":"","overlay-type":"","overlay-color":"","overlay-opacity":"","overlay-gradient":""}},"footnotes":""},"class_list":["post-557","page","type-page","status-publish","hentry"],"uagb_featured_image_src":{"full":false,"thumbnail":false,"medium":false,"medium_large":false,"large":false,"1536x1536":false,"2048x2048":false},"uagb_author_info":{"display_name":"zouatenia mhamed","author_link":"https:\/\/ft.univ-chlef.dz\/?author=1"},"uagb_comment_info":0,"uagb_excerpt":"D\u00e9partement du tronc commun: Tronc commun en Sciences et Technologie (ST) D\u00e9partement G\u00e9nie m\u00e9canique: Licence Maintenance industrielle Licence Construction m\u00e9canique [&hellip;]","_links":{"self":[{"href":"https:\/\/ft.univ-chlef.dz\/index.php?rest_route=\/wp\/v2\/pages\/557","targetHints":{"allow":["GET"]}}],"collection":[{"href":"https:\/\/ft.univ-chlef.dz\/index.php?rest_route=\/wp\/v2\/pages"}],"about":[{"href":"https:\/\/ft.univ-chlef.dz\/index.php?rest_route=\/wp\/v2\/types\/page"}],"author":[{"embeddable":true,"href":"https:\/\/ft.univ-chlef.dz\/index.php?rest_route=\/wp\/v2\/users\/1"}],"replies":[{"embeddable":true,"href":"https:\/\/ft.univ-chlef.dz\/index.php?rest_route=%2Fwp%2Fv2%2Fcomments&post=557"}],"version-history":[{"count":19,"href":"https:\/\/ft.univ-chlef.dz\/index.php?rest_route=\/wp\/v2\/pages\/557\/revisions"}],"predecessor-version":[{"id":10386,"href":"https:\/\/ft.univ-chlef.dz\/index.php?rest_route=\/wp\/v2\/pages\/557\/revisions\/10386"}],"wp:attachment":[{"href":"https:\/\/ft.univ-chlef.dz\/index.php?rest_route=%2Fwp%2Fv2%2Fmedia&parent=557"}],"curies":[{"name":"wp","href":"https:\/\/api.w.org\/{rel}","templated":true}]}}