{"id":559,"date":"2017-02-05T14:08:58","date_gmt":"2017-02-05T11:08:58","guid":{"rendered":"http:\/\/www.univ-chlef.dz\/FSEI\/?page_id=559"},"modified":"2026-01-29T11:39:52","modified_gmt":"2026-01-29T08:39:52","slug":"master","status":"publish","type":"page","link":"https:\/\/ft.univ-chlef.dz\/?page_id=559","title":{"rendered":"Master"},"content":{"rendered":"<ul>\n<li>\n<h4><span style=\"text-decoration: underline;\"><span style=\"color: #ff0000; font-size: 14pt;\"><strong>D\u00e9partement G\u00e9nie m\u00e9canique:<\/strong><\/span><\/span><\/h4>\n<\/li>\n<\/ul>\n<p style=\"padding-left: 40px;\"><span style=\"color: #008080;\"><strong><span style=\"font-size: 14pt;\">Master Maintenance industrielle<\/span><\/strong><\/span><\/p>\n<ul>\n<li style=\"list-style-type: none;\">\n<ul>\n<li style=\"list-style-type: none;\">\n<ul>\n<li><a href=\"https:\/\/ft.univ-chlef.dz\/wp-content\/uploads\/2026\/01\/ELM-Maitenance-Industrielle.pdf\"><span style=\"font-size: 14pt; color: #0000ff;\">Arr\u00eat\u00e9 n\u00b0287 du 26 f\u00e9vrier 2023 fixant le programme des enseignants en vue de l&rsquo;obtention du dipl\u00f4me de Master Maintenance Industrielle<\/span><\/a><\/li>\n<\/ul>\n<\/li>\n<\/ul>\n<\/li>\n<\/ul>\n<p style=\"padding-left: 40px;\"><span style=\"color: #008080;\"><strong><span style=\"font-size: 14pt;\">Master Construction m\u00e9canique<\/span><\/strong><\/span><\/p>\n<ul>\n<li style=\"list-style-type: none;\">\n<ul>\n<li style=\"list-style-type: none;\">\n<ul>\n<li><a href=\"https:\/\/ft.univ-chlef.dz\/wp-content\/uploads\/2026\/01\/G.Mec-Construction-Mecanique-.pdf\"><span style=\"font-size: 14pt; color: #0000ff;\">Arr\u00eat\u00e9 n\u00b0257 du 26 f\u00e9vrier 2023 fixant le programme des enseignants en vue de l&rsquo;obtention du dipl\u00f4me de Master Construction m\u00e9canique<\/span><\/a><\/li>\n<\/ul>\n<\/li>\n<\/ul>\n<\/li>\n<\/ul>\n<p style=\"padding-left: 40px;\"><span style=\"color: #008080;\"><strong><span style=\"font-size: 14pt;\">Master Energ\u00e9tique<\/span><\/strong><\/span><\/p>\n<ul>\n<li style=\"list-style-type: none;\">\n<ul>\n<li style=\"list-style-type: none;\">\n<ul>\n<li><a href=\"https:\/\/ft.univ-chlef.dz\/wp-content\/uploads\/2026\/01\/G.Mec-Energetique-.pdf\"><span style=\"color: #0000ff; font-size: 14pt;\">Arr\u00eat\u00e9 n\u00b0267 du 26 f\u00e9vrier 2023 fixant le programme des enseignants en vue de l&rsquo;obtention du dipl\u00f4me de Master \u00c9nerg\u00e9tique<\/span><\/a><\/li>\n<\/ul>\n<\/li>\n<\/ul>\n<\/li>\n<li>\n<h4><span style=\"text-decoration: underline;\"><span style=\"color: #ff0000; font-size: 14pt;\"><strong>D\u00e9partement G\u00e9nie des proc\u00e9d\u00e9s<\/strong><\/span><\/span><\/h4>\n<\/li>\n<\/ul>\n<p style=\"padding-left: 40px;\"><strong><span style=\"color: #339966; font-size: 14pt;\">Master G\u00e9nie Chimique<\/span><\/strong><\/p>\n<ul>\n<li style=\"list-style-type: none;\">\n<ul>\n<li style=\"list-style-type: none;\">\n<ul>\n<li><a href=\"https:\/\/ft.univ-chlef.dz\/wp-content\/uploads\/2026\/01\/GP-Genie-chimique.pdf\"><span style=\"color: #0000ff; font-size: 14pt;\">Arr\u00eat\u00e9 n\u00b0255 du 26 f\u00e9vrier 2023 fixant le programme des enseignants en vue de l&rsquo;obtention du dipl\u00f4me de Master G\u00e9nie Chimique<\/span><\/a><\/li>\n<\/ul>\n<\/li>\n<\/ul>\n<\/li>\n<\/ul>\n<p style=\"padding-left: 40px;\"><span style=\"color: #339966;\"><strong><span style=\"font-size: 14pt;\">Master G\u00e9nie Pharmaceutique<\/span><\/strong><\/span><\/p>\n<ul>\n<li style=\"list-style-type: none;\">\n<ul>\n<li style=\"list-style-type: none;\">\n<ul>\n<li><a href=\"https:\/\/ft.univ-chlef.dz\/wp-content\/uploads\/2026\/01\/GP-Genie-Pharmaceutique.pdf\"><span style=\"font-size: 14pt; color: #0000ff;\">Arr\u00eate n\u00b0252 du 26 f\u00e9vrier 2023 fixant le programme des enseignants en vue de l&rsquo;obtention du dipl\u00f4me de Master G\u00e9nie Pharmaceutique<\/span><\/a><\/li>\n<\/ul>\n<\/li>\n<\/ul>\n<\/li>\n<\/ul>\n<p style=\"padding-left: 40px;\"><strong><span style=\"color: #339966; font-size: 14pt;\">Master <span class=\"fontstyle0\">G\u00e9nie des Proc\u00e9d\u00e9s de<\/span><\/span><\/strong><span style=\"color: #339966; font-size: 14pt;\"><span class=\"fontstyle0\"> l\u2019environnement<\/span><\/span><strong><span style=\"color: #339966; font-size: 14pt;\"><br \/>\n<\/span><\/strong><\/p>\n<ul>\n<li style=\"list-style-type: none;\">\n<ul>\n<li style=\"list-style-type: none;\">\n<ul>\n<li><a href=\"https:\/\/ft.univ-chlef.dz\/wp-content\/uploads\/2026\/01\/GP-genie-des-procedes-de-lenvironnement.pdf\"><span style=\"font-size: 14pt; color: #0000ff;\">Arr\u00eate n\u00b0256 du 26 f\u00e9vrier 2023 fixant le programme des enseignants en vue de l&rsquo;obtention du dipl\u00f4me de Master G\u00e9nie de l&rsquo;Environnement<\/span><\/a><\/li>\n<\/ul>\n<\/li>\n<\/ul>\n<\/li>\n<li>\n<h4><span style=\"text-decoration: underline;\"><span style=\"color: #ff0000; font-size: 14pt;\"><strong>D\u00e9partement Electronique<\/strong><\/span><\/span><\/h4>\n<\/li>\n<\/ul>\n<p style=\"padding-left: 40px;\"><strong><span style=\"color: #008080; font-size: 14pt;\">Master Automatique et Informatique industrielle<\/span><\/strong><\/p>\n<ul>\n<li style=\"list-style-type: none;\">\n<ul>\n<li style=\"list-style-type: none;\">\n<ul>\n<li><a href=\"https:\/\/ft.univ-chlef.dz\/wp-content\/uploads\/2026\/01\/AUTO-Automatique-et-Informatique-Industrielle-.pdf\"><span style=\"color: #0000ff; font-size: 14pt;\">Arr\u00eat\u00e9 n\u00b0284 du 26 f\u00e9vrier 2023 fixant le programme des enseignants en vue de l&rsquo;obtention du dipl\u00f4me de Master Automatique et Informatique Industrielle<\/span><\/a><\/li>\n<li><a href=\"https:\/\/ft.univ-chlef.dz\/wp-content\/uploads\/2026\/01\/Master-AUTO-Automatique-et-Informatique-Industrielle-MAJ-2025.pdf\">Mise \u00e0 jour du 2025<\/a><\/li>\n<\/ul>\n<\/li>\n<\/ul>\n<\/li>\n<\/ul>\n<p style=\"padding-left: 40px;\"><strong><span style=\"color: #008080; font-size: 14pt;\">Master Electronique des syst\u00e8mes embarqu\u00e9s<\/span><\/strong><\/p>\n<ul>\n<li style=\"list-style-type: none;\">\n<ul>\n<li style=\"list-style-type: none;\">\n<ul>\n<li><a href=\"https:\/\/ft.univ-chlef.dz\/wp-content\/uploads\/2026\/01\/ELN_Electronique_des_systemes_embarques.pdf\"><span style=\"color: #0000ff; font-size: 14pt;\">Arr\u00eat\u00e9 n\u00b0289 du 26 f\u00e9vrier 2023 fixant le programme des enseignants en vue de l&rsquo;obtention du dipl\u00f4m\u00e9 de Master Electronique des Syst\u00e8mes Embarqu\u00e9s<\/span><\/a><\/li>\n<li><a href=\"https:\/\/ft.univ-chlef.dz\/wp-content\/uploads\/2026\/01\/Master-ELN_Electronique_des_systemes_embarques_MAJ_2025.pdf\">Mise \u00e0 jour du 2025<\/a><\/li>\n<\/ul>\n<\/li>\n<\/ul>\n<\/li>\n<\/ul>\n<p style=\"padding-left: 40px;\"><strong><span style=\"color: #008080; font-size: 14pt;\">Master Syst\u00e8mes des T\u00e9l\u00e9communications<\/span><\/strong><\/p>\n<ul>\n<li style=\"list-style-type: none;\">\n<ul>\n<li style=\"list-style-type: none;\">\n<ul>\n<li><a href=\"https:\/\/ft.univ-chlef.dz\/wp-content\/uploads\/2026\/01\/Telecom-Systemes.pdf\"><span style=\"color: #0000ff; font-size: 14pt;\">Arr\u00eat\u00e9 n\u00b0262 du 26 f\u00e9vrier 2023 fixant le programme des enseignants en vue de l&rsquo;obtention du dipl\u00f4me de Master Syst\u00e8mes des T\u00e9l\u00e9communications<\/span><\/a><\/li>\n<li><a href=\"https:\/\/ft.univ-chlef.dz\/wp-content\/uploads\/2026\/01\/Master-TELECOM-Systemes-des-Telecommunications_MAJ-2025_.pdf\">Mise \u00e0 jour du 2025<\/a><\/li>\n<\/ul>\n<\/li>\n<\/ul>\n<\/li>\n<li>\n<h4><span style=\"text-decoration: underline;\"><span style=\"color: #ff0000; font-size: 14pt;\"><strong>D\u00e9partement Electrotechnique<\/strong><\/span><\/span><\/h4>\n<\/li>\n<\/ul>\n<p style=\"padding-left: 40px;\"><span style=\"font-size: 14pt;\"><strong><span style=\"color: #008080;\">Master\u00a0Machines Electriques<\/span><\/strong><\/span><\/p>\n<ul>\n<li style=\"list-style-type: none;\">\n<ul>\n<li style=\"list-style-type: none;\">\n<ul>\n<li><a href=\"https:\/\/ft.univ-chlef.dz\/wp-content\/uploads\/2026\/01\/ELT-Machines-Electriques.pdf\"><span style=\"font-size: 14pt; color: #0000ff;\">Arr\u00eat\u00e9 n\u00b0295 du 26 f\u00e9vrier 2023 fixant le programme des enseignants en vue de l&rsquo;obtention du dipl\u00f4me de Master Machines Electriques<\/span><\/a><\/li>\n<li><a href=\"https:\/\/ft.univ-chlef.dz\/wp-content\/uploads\/2026\/01\/Master-ELT-Machines-Electriques_MAJ-2025.pdf\">Mise \u00e0 jour du 2025<\/a><\/li>\n<\/ul>\n<\/li>\n<\/ul>\n<\/li>\n<\/ul>\n<p style=\"padding-left: 40px;\"><span style=\"font-size: 14pt;\"><strong><span style=\"color: #008080;\">Master Electrom\u00e9canique<\/span><\/strong><\/span><\/p>\n<ul>\n<li style=\"list-style-type: none;\">\n<ul>\n<li style=\"list-style-type: none;\">\n<ul style=\"list-style-type: circle;\">\n<li><a href=\"https:\/\/ft.univ-chlef.dz\/wp-content\/uploads\/2026\/01\/ELM-Electromecanique.pdf\"><span style=\"color: #0000ff;\">Arr\u00eat\u00e9 n\u00b0285 du 26 f\u00e9vrier 2023 fixant le programme des enseignants en vue de l&rsquo;obtention du dipl\u00f4me de Master Electrom\u00e9canique<\/span><\/a><\/li>\n<li><a href=\"https:\/\/ft.univ-chlef.dz\/wp-content\/uploads\/2026\/01\/Master-ELM-Electromecanique-MAJ-2025.pdf\">Mise \u00e0 jour du 2025<\/a><\/li>\n<\/ul>\n<\/li>\n<\/ul>\n<\/li>\n<\/ul>\n<p style=\"padding-left: 40px;\"><span style=\"font-size: 14pt;\"><strong><span style=\"color: #008080;\">Master Commandes Electriques<\/span><\/strong><\/span><\/p>\n<ul>\n<li style=\"list-style-type: none;\">\n<ul>\n<li style=\"list-style-type: none;\">\n<ul>\n<li><a href=\"https:\/\/ft.univ-chlef.dz\/wp-content\/uploads\/2026\/01\/ELT-Commandes-Electriques-.pdf\"><span style=\"font-size: 14pt; color: #0000ff;\">Arr\u00eat\u00e9 n\u00b0292 du 26 f\u00e9vrier 2023 fixant le programme des enseignants en vue de l&rsquo;obtention du dipl\u00f4me de Master Commandes Electriques<\/span><\/a><\/li>\n<li><a href=\"https:\/\/ft.univ-chlef.dz\/wp-content\/uploads\/2026\/01\/Master-ELT-Commandes-Electriques-_-MAJ_2025.pdf\">Mise \u00e0 jour du 2025<\/a><\/li>\n<\/ul>\n<\/li>\n<\/ul>\n<\/li>\n<\/ul>\n<p style=\"padding-left: 40px;\"><span style=\"font-size: 14pt;\"><strong><span style=\"color: #008080;\">Master R\u00e9seaux Electriques<\/span><\/strong><\/span><\/p>\n<ul>\n<li style=\"list-style-type: none;\">\n<ul>\n<li style=\"list-style-type: none;\">\n<ul>\n<li><a href=\"https:\/\/ft.univ-chlef.dz\/wp-content\/uploads\/2026\/01\/ELT-Reseaux-Electriques.pdf\"><span style=\"font-size: 14pt; color: #0000ff;\">Arr\u00eat\u00e9 n\u00b0245 du 26 f\u00e9vrier 2023 fixant le programme des enseignants en vue de l&rsquo;obtention du dipl\u00f4me de Master R\u00e9seaux Electriques<\/span><\/a><\/li>\n<li><a href=\"https:\/\/ft.univ-chlef.dz\/wp-content\/uploads\/2026\/01\/Master-ELT-Reseaux-Electriques_MAJ_2025.pdf\">Mise \u00e0 jour du 2025<\/a><\/li>\n<\/ul>\n<\/li>\n<\/ul>\n<\/li>\n<\/ul>\n","protected":false},"excerpt":{"rendered":"<p>D\u00e9partement G\u00e9nie m\u00e9canique: Master Maintenance industrielle Arr\u00eat\u00e9 n\u00b0287 du 26 f\u00e9vrier 2023 fixant le programme des enseignants en vue de [&hellip;]<\/p>\n","protected":false},"author":1,"featured_media":0,"parent":0,"menu_order":0,"comment_status":"closed","ping_status":"closed","template":"","meta":{"_uag_custom_page_level_css":"","site-sidebar-layout":"default","site-content-layout":"","ast-site-content-layout":"default","site-content-style":"default","site-sidebar-style":"default","ast-global-header-display":"","ast-banner-title-visibility":"","ast-main-header-display":"","ast-hfb-above-header-display":"","ast-hfb-below-header-display":"","ast-hfb-mobile-header-display":"","site-post-title":"","ast-breadcrumbs-content":"","ast-featured-img":"","footer-sml-layout":"","ast-disable-related-posts":"","theme-transparent-header-meta":"","adv-header-id-meta":"","stick-header-meta":"","header-above-stick-meta":"","header-main-stick-meta":"","header-below-stick-meta":"","astra-migrate-meta-layouts":"default","ast-page-background-enabled":"default","ast-page-background-meta":{"desktop":{"background-color":"var(--ast-global-color-5)","background-image":"","background-repeat":"repeat","background-position":"center center","background-size":"auto","background-attachment":"scroll","background-type":"","background-media":"","overlay-type":"","overlay-color":"","overlay-opacity":"","overlay-gradient":""},"tablet":{"background-color":"","background-image":"","background-repeat":"repeat","background-position":"center center","background-size":"auto","background-attachment":"scroll","background-type":"","background-media":"","overlay-type":"","overlay-color":"","overlay-opacity":"","overlay-gradient":""},"mobile":{"background-color":"","background-image":"","background-repeat":"repeat","background-position":"center center","background-size":"auto","background-attachment":"scroll","background-type":"","background-media":"","overlay-type":"","overlay-color":"","overlay-opacity":"","overlay-gradient":""}},"ast-content-background-meta":{"desktop":{"background-color":"var(--ast-global-color-4)","background-image":"","background-repeat":"repeat","background-position":"center center","background-size":"auto","background-attachment":"scroll","background-type":"","background-media":"","overlay-type":"","overlay-color":"","overlay-opacity":"","overlay-gradient":""},"tablet":{"background-color":"var(--ast-global-color-4)","background-image":"","background-repeat":"repeat","background-position":"center center","background-size":"auto","background-attachment":"scroll","background-type":"","background-media":"","overlay-type":"","overlay-color":"","overlay-opacity":"","overlay-gradient":""},"mobile":{"background-color":"var(--ast-global-color-4)","background-image":"","background-repeat":"repeat","background-position":"center center","background-size":"auto","background-attachment":"scroll","background-type":"","background-media":"","overlay-type":"","overlay-color":"","overlay-opacity":"","overlay-gradient":""}},"footnotes":""},"class_list":["post-559","page","type-page","status-publish","hentry"],"uagb_featured_image_src":{"full":false,"thumbnail":false,"medium":false,"medium_large":false,"large":false,"1536x1536":false,"2048x2048":false},"uagb_author_info":{"display_name":"zouatenia mhamed","author_link":"https:\/\/ft.univ-chlef.dz\/?author=1"},"uagb_comment_info":0,"uagb_excerpt":"D\u00e9partement G\u00e9nie m\u00e9canique: Master Maintenance industrielle Arr\u00eat\u00e9 n\u00b0287 du 26 f\u00e9vrier 2023 fixant le programme des enseignants en vue de [&hellip;]","_links":{"self":[{"href":"https:\/\/ft.univ-chlef.dz\/index.php?rest_route=\/wp\/v2\/pages\/559","targetHints":{"allow":["GET"]}}],"collection":[{"href":"https:\/\/ft.univ-chlef.dz\/index.php?rest_route=\/wp\/v2\/pages"}],"about":[{"href":"https:\/\/ft.univ-chlef.dz\/index.php?rest_route=\/wp\/v2\/types\/page"}],"author":[{"embeddable":true,"href":"https:\/\/ft.univ-chlef.dz\/index.php?rest_route=\/wp\/v2\/users\/1"}],"replies":[{"embeddable":true,"href":"https:\/\/ft.univ-chlef.dz\/index.php?rest_route=%2Fwp%2Fv2%2Fcomments&post=559"}],"version-history":[{"count":13,"href":"https:\/\/ft.univ-chlef.dz\/index.php?rest_route=\/wp\/v2\/pages\/559\/revisions"}],"predecessor-version":[{"id":10391,"href":"https:\/\/ft.univ-chlef.dz\/index.php?rest_route=\/wp\/v2\/pages\/559\/revisions\/10391"}],"wp:attachment":[{"href":"https:\/\/ft.univ-chlef.dz\/index.php?rest_route=%2Fwp%2Fv2%2Fmedia&parent=559"}],"curies":[{"name":"wp","href":"https:\/\/api.w.org\/{rel}","templated":true}]}}