{"id":561,"date":"2017-02-05T14:10:31","date_gmt":"2017-02-05T11:10:31","guid":{"rendered":"http:\/\/www.univ-chlef.dz\/FSEI\/?page_id=561"},"modified":"2026-01-21T11:08:27","modified_gmt":"2026-01-21T08:08:27","slug":"doctoat","status":"publish","type":"page","link":"https:\/\/ft.univ-chlef.dz\/?page_id=561","title":{"rendered":"Doctoat"},"content":{"rendered":"\n<p><\/p>\n\n\n<ul>\n<li><strong><a href=\"https:\/\/ft.univ-chlef.dz\/wp-content\/uploads\/2026\/01\/Presentationde-la-formation-AUT.pdf\">Formation doctorale en Automatique<\/a><\/strong><\/li>\n<li><strong><a href=\"https:\/\/ft.univ-chlef.dz\/wp-content\/uploads\/2026\/01\/Presentationde-la-formation-ELN_ESE.pdf\"><span style=\"font-size: 13.0pt; line-height: 150%; font-family: 'Georgia','serif';\">Formation doctorale en \u00c9lectronique &#8211; Sp\u00e9cialit\u00e9 : \u00c9lectronique des Syst\u00e8mes Embarqu\u00e9s<\/span><\/a><\/strong><\/li>\n<li><strong><a href=\"https:\/\/ft.univ-chlef.dz\/wp-content\/uploads\/2026\/01\/Presentationde-la-formation-GM.pdf\">Formation doctorale en G\u00e9nie M\u00e9canique<\/a><\/strong><\/li>\n<\/ul>\n<p>\u00a0<\/p>","protected":false},"excerpt":{"rendered":"<p>Formation doctorale en Automatique Formation doctorale en \u00c9lectronique &#8211; Sp\u00e9cialit\u00e9 : \u00c9lectronique des Syst\u00e8mes Embarqu\u00e9s Formation doctorale en G\u00e9nie M\u00e9canique [&hellip;]<\/p>\n","protected":false},"author":1,"featured_media":0,"parent":0,"menu_order":0,"comment_status":"closed","ping_status":"closed","template":"","meta":{"_uag_custom_page_level_css":"","site-sidebar-layout":"default","site-content-layout":"","ast-site-content-layout":"default","site-content-style":"default","site-sidebar-style":"default","ast-global-header-display":"","ast-banner-title-visibility":"","ast-main-header-display":"","ast-hfb-above-header-display":"","ast-hfb-below-header-display":"","ast-hfb-mobile-header-display":"","site-post-title":"","ast-breadcrumbs-content":"","ast-featured-img":"","footer-sml-layout":"","ast-disable-related-posts":"","theme-transparent-header-meta":"","adv-header-id-meta":"","stick-header-meta":"","header-above-stick-meta":"","header-main-stick-meta":"","header-below-stick-meta":"","astra-migrate-meta-layouts":"default","ast-page-background-enabled":"default","ast-page-background-meta":{"desktop":{"background-color":"var(--ast-global-color-5)","background-image":"","background-repeat":"repeat","background-position":"center center","background-size":"auto","background-attachment":"scroll","background-type":"","background-media":"","overlay-type":"","overlay-color":"","overlay-opacity":"","overlay-gradient":""},"tablet":{"background-color":"","background-image":"","background-repeat":"repeat","background-position":"center center","background-size":"auto","background-attachment":"scroll","background-type":"","background-media":"","overlay-type":"","overlay-color":"","overlay-opacity":"","overlay-gradient":""},"mobile":{"background-color":"","background-image":"","background-repeat":"repeat","background-position":"center center","background-size":"auto","background-attachment":"scroll","background-type":"","background-media":"","overlay-type":"","overlay-color":"","overlay-opacity":"","overlay-gradient":""}},"ast-content-background-meta":{"desktop":{"background-color":"var(--ast-global-color-4)","background-image":"","background-repeat":"repeat","background-position":"center center","background-size":"auto","background-attachment":"scroll","background-type":"","background-media":"","overlay-type":"","overlay-color":"","overlay-opacity":"","overlay-gradient":""},"tablet":{"background-color":"var(--ast-global-color-4)","background-image":"","background-repeat":"repeat","background-position":"center center","background-size":"auto","background-attachment":"scroll","background-type":"","background-media":"","overlay-type":"","overlay-color":"","overlay-opacity":"","overlay-gradient":""},"mobile":{"background-color":"var(--ast-global-color-4)","background-image":"","background-repeat":"repeat","background-position":"center center","background-size":"auto","background-attachment":"scroll","background-type":"","background-media":"","overlay-type":"","overlay-color":"","overlay-opacity":"","overlay-gradient":""}},"footnotes":""},"class_list":["post-561","page","type-page","status-publish","hentry"],"uagb_featured_image_src":{"full":false,"thumbnail":false,"medium":false,"medium_large":false,"large":false,"1536x1536":false,"2048x2048":false},"uagb_author_info":{"display_name":"zouatenia mhamed","author_link":"https:\/\/ft.univ-chlef.dz\/?author=1"},"uagb_comment_info":0,"uagb_excerpt":"Formation doctorale en Automatique Formation doctorale en \u00c9lectronique &#8211; Sp\u00e9cialit\u00e9 : \u00c9lectronique des Syst\u00e8mes Embarqu\u00e9s Formation doctorale en G\u00e9nie M\u00e9canique [&hellip;]","_links":{"self":[{"href":"https:\/\/ft.univ-chlef.dz\/index.php?rest_route=\/wp\/v2\/pages\/561","targetHints":{"allow":["GET"]}}],"collection":[{"href":"https:\/\/ft.univ-chlef.dz\/index.php?rest_route=\/wp\/v2\/pages"}],"about":[{"href":"https:\/\/ft.univ-chlef.dz\/index.php?rest_route=\/wp\/v2\/types\/page"}],"author":[{"embeddable":true,"href":"https:\/\/ft.univ-chlef.dz\/index.php?rest_route=\/wp\/v2\/users\/1"}],"replies":[{"embeddable":true,"href":"https:\/\/ft.univ-chlef.dz\/index.php?rest_route=%2Fwp%2Fv2%2Fcomments&post=561"}],"version-history":[{"count":7,"href":"https:\/\/ft.univ-chlef.dz\/index.php?rest_route=\/wp\/v2\/pages\/561\/revisions"}],"predecessor-version":[{"id":10310,"href":"https:\/\/ft.univ-chlef.dz\/index.php?rest_route=\/wp\/v2\/pages\/561\/revisions\/10310"}],"wp:attachment":[{"href":"https:\/\/ft.univ-chlef.dz\/index.php?rest_route=%2Fwp%2Fv2%2Fmedia&parent=561"}],"curies":[{"name":"wp","href":"https:\/\/api.w.org\/{rel}","templated":true}]}}