{"id":588,"date":"2017-02-05T17:07:19","date_gmt":"2017-02-05T14:07:19","guid":{"rendered":"http:\/\/www.univ-chlef.dz\/FSEI\/?page_id=588"},"modified":"2021-02-07T10:22:42","modified_gmt":"2021-02-07T07:22:42","slug":"conseils-et-commissions-scientifiques","status":"publish","type":"page","link":"https:\/\/ft.univ-chlef.dz\/?page_id=588","title":{"rendered":"D\u00e9cisions"},"content":{"rendered":"<p><span style=\"text-decoration: underline;\"><span style=\"color: #ff0000;\"><strong>PVs conseil scientifique:<\/strong><\/span><\/span><\/p>\n<p style=\"text-align: right;\"><span style=\"color: #0000ff;\"><a style=\"color: #0000ff;\" href=\"https:\/\/ft.univ-chlef.dz\/wp-content\/uploads\/2020\/10\/03P.V-SCF.pdf\">\u0645\u062d\u0636\u0631 \u0625\u062c\u062a\u0645\u0627\u0639 \u0627\u0644\u0645\u062c\u0644\u0633 \u0627\u0644\u0639\u0644\u0645\u064a \u0644\u0644\u0643\u0644\u064a\u0629 \u2013 \u0643\u0644\u064a\u0629 \u0627\u0644\u062a\u0643\u0646\u0648\u0644\u0648\u062c\u064a\u0627 \u0644\u064a\u0648\u0645 18 \u0623\u0643\u062a\u0648\u0628\u0631 2020<\/a><\/span><\/p>\n<p style=\"text-align: right;\"><span style=\"color: #0000ff;\"><a style=\"color: #0000ff;\" href=\"https:\/\/ft.univ-chlef.dz\/wp-content\/uploads\/2020\/09\/pv-csf-09-09-2020.pdf\">\u0645\u062d\u0636\u0631 \u0625\u062c\u062a\u0645\u0627\u0639 \u0627\u0644\u0645\u062c\u0644\u0633 \u0627\u0644\u0639\u0644\u0645\u064a \u0644\u0644\u0643\u0644\u064a\u0629 &#8211; \u0643\u0644\u064a\u0629 \u0627\u0644\u062a\u0643\u0646\u0648\u0644\u0648\u062c\u064a\u0627 \u0644\u064a\u0648\u0645 09 \u0633\u0628\u062a\u0645\u0628\u0631 2020<\/a><\/span><\/p>\n<p style=\"text-align: right;\"><span style=\"color: #0000ff;\"><a style=\"color: #0000ff;\" href=\"https:\/\/ft.univ-chlef.dz\/wp-content\/uploads\/2020\/02\/pv-CSF-13-02-2020.pdf\">R\u00e9union du CSF du 13\/02\/2020<\/a><\/span><\/p>\n<p style=\"text-align: right;\"><span style=\"color: #0000ff;\"><a style=\"color: #0000ff;\" href=\"https:\/\/ft.univ-chlef.dz\/wp-content\/uploads\/2019\/11\/pv-06-11-2019_modif.pdf\">R\u00e9union du CSF du 06\/11\/2019<\/a><\/span><\/p>\n<p style=\"text-align: right;\"><span style=\"color: #0000ff;\"><a style=\"color: #0000ff;\" href=\"https:\/\/ft.univ-chlef.dz\/wp-content\/uploads\/2019\/11\/pv-15-09-2019_modif.pdf\">R\u00e9union du CSF du 15\/09\/2019<\/a><\/span><\/p>\n<p><strong><span style=\"border: 0px none; font-family: Tahoma; font-size: 16px;\">Conseils Scientifiques des <\/span><\/strong><strong><span style=\"border: 0px none; font-family: Tahoma; font-size: 16px;\">d\u00e9partements:<\/span><\/strong><\/p>\n<p>[starlist]<\/p>\n<ul style=\"list-style-type: circle;\">\n<li><span style=\"color: #3366ff;\"><a style=\"color: #3366ff;\" href=\"https:\/\/ft.univ-chlef.dz\/wp-content\/uploads\/2020\/09\/cs-elt.pdf\"><span style=\"font-family: georgia, palatino, serif;\"><strong><span style=\"font-size: 12pt;\">D\u00e9partement Eletrotechnique<\/span><\/strong><\/span><\/a><\/span><\/li>\n<li><span style=\"font-family: georgia, palatino, serif; color: #3366ff;\"><strong><span style=\"font-size: 12pt;\"><a style=\"color: #3366ff;\" href=\"https:\/\/ft.univ-chlef.dz\/wp-content\/uploads\/2020\/09\/cs-eln.pdf\">D\u00e9partement Electronique<\/a><br \/>\n<\/span><\/strong><\/span><\/li>\n<li><span style=\"color: #3366ff;\"><a style=\"color: #3366ff;\" href=\"https:\/\/ft.univ-chlef.dz\/wp-content\/uploads\/2020\/09\/cs-gp.pdf\"><span style=\"font-family: georgia, palatino, serif;\"><strong><span style=\"font-size: 12pt;\">D\u00e9partement G\u00e9nie des proc\u00e9d\u00e9s<\/span><\/strong><\/span><\/a><\/span><\/li>\n<li><span style=\"color: #3366ff;\"><a style=\"color: #3366ff;\" href=\"https:\/\/ft.univ-chlef.dz\/wp-content\/uploads\/2020\/09\/cs-gm.pdf\"><span style=\"font-family: georgia, palatino, serif;\"><strong><span style=\"font-size: 12pt;\">D\u00e9partement G\u00e9nie M\u00e9canique<\/span><\/strong><\/span><\/a><\/span><\/li>\n<li><a href=\"https:\/\/ft.univ-chlef.dz\/wp-content\/uploads\/2020\/09\/cs-tct.pdf\"><span style=\"font-family: georgia, palatino, serif;\"><strong><span style=\"color: #0000ff; font-size: 12pt;\"><span style=\"color: #3366ff;\">D\u00e9partement tronc commun en sciences et technologie<\/span><\/span><\/strong><\/span><\/a><\/li>\n<\/ul>\n<p>[\/starlist]<\/p>\n<p class=\"name post-title entry-title\" style=\"margin: 0px 0px 10px; border: 0px none; font-family: Oswald, arial, Georgia, serif; font-size: 28px; color: #333333; text-align: start; background-color: #ffffff;\"><strong><span style=\"border: 0px none; font-family: Tahoma; font-size: 16px;\">\u00a0<\/span><\/strong><\/p>\n<p><strong><span style=\"border: 0px none; font-family: Tahoma; font-size: 16px;\">\u00a0<\/span><\/strong><\/p>\n<p>[starlist]<\/p>\n","protected":false},"excerpt":{"rendered":"<p>PVs conseil scientifique: \u0645\u062d\u0636\u0631 \u0625\u062c\u062a\u0645\u0627\u0639 \u0627\u0644\u0645\u062c\u0644\u0633 \u0627\u0644\u0639\u0644\u0645\u064a \u0644\u0644\u0643\u0644\u064a\u0629 \u2013 \u0643\u0644\u064a\u0629 \u0627\u0644\u062a\u0643\u0646\u0648\u0644\u0648\u062c\u064a\u0627 \u0644\u064a\u0648\u0645 18 \u0623\u0643\u062a\u0648\u0628\u0631 2020 \u0645\u062d\u0636\u0631 \u0625\u062c\u062a\u0645\u0627\u0639 \u0627\u0644\u0645\u062c\u0644\u0633 \u0627\u0644\u0639\u0644\u0645\u064a \u0644\u0644\u0643\u0644\u064a\u0629 [&hellip;]<\/p>\n","protected":false},"author":1,"featured_media":0,"parent":0,"menu_order":0,"comment_status":"closed","ping_status":"closed","template":"","meta":{"_uag_custom_page_level_css":"","site-sidebar-layout":"default","site-content-layout":"","ast-site-content-layout":"default","site-content-style":"default","site-sidebar-style":"default","ast-global-header-display":"","ast-banner-title-visibility":"","ast-main-header-display":"","ast-hfb-above-header-display":"","ast-hfb-below-header-display":"","ast-hfb-mobile-header-display":"","site-post-title":"","ast-breadcrumbs-content":"","ast-featured-img":"","footer-sml-layout":"","ast-disable-related-posts":"","theme-transparent-header-meta":"","adv-header-id-meta":"","stick-header-meta":"","header-above-stick-meta":"","header-main-stick-meta":"","header-below-stick-meta":"","astra-migrate-meta-layouts":"default","ast-page-background-enabled":"default","ast-page-background-meta":{"desktop":{"background-color":"var(--ast-global-color-5)","background-image":"","background-repeat":"repeat","background-position":"center center","background-size":"auto","background-attachment":"scroll","background-type":"","background-media":"","overlay-type":"","overlay-color":"","overlay-opacity":"","overlay-gradient":""},"tablet":{"background-color":"","background-image":"","background-repeat":"repeat","background-position":"center center","background-size":"auto","background-attachment":"scroll","background-type":"","background-media":"","overlay-type":"","overlay-color":"","overlay-opacity":"","overlay-gradient":""},"mobile":{"background-color":"","background-image":"","background-repeat":"repeat","background-position":"center center","background-size":"auto","background-attachment":"scroll","background-type":"","background-media":"","overlay-type":"","overlay-color":"","overlay-opacity":"","overlay-gradient":""}},"ast-content-background-meta":{"desktop":{"background-color":"var(--ast-global-color-4)","background-image":"","background-repeat":"repeat","background-position":"center center","background-size":"auto","background-attachment":"scroll","background-type":"","background-media":"","overlay-type":"","overlay-color":"","overlay-opacity":"","overlay-gradient":""},"tablet":{"background-color":"var(--ast-global-color-4)","background-image":"","background-repeat":"repeat","background-position":"center center","background-size":"auto","background-attachment":"scroll","background-type":"","background-media":"","overlay-type":"","overlay-color":"","overlay-opacity":"","overlay-gradient":""},"mobile":{"background-color":"var(--ast-global-color-4)","background-image":"","background-repeat":"repeat","background-position":"center center","background-size":"auto","background-attachment":"scroll","background-type":"","background-media":"","overlay-type":"","overlay-color":"","overlay-opacity":"","overlay-gradient":""}},"footnotes":""},"class_list":["post-588","page","type-page","status-publish","hentry"],"uagb_featured_image_src":{"full":false,"thumbnail":false,"medium":false,"medium_large":false,"large":false,"1536x1536":false,"2048x2048":false},"uagb_author_info":{"display_name":"zouatenia mhamed","author_link":"https:\/\/ft.univ-chlef.dz\/?author=1"},"uagb_comment_info":0,"uagb_excerpt":"PVs conseil scientifique: \u0645\u062d\u0636\u0631 \u0625\u062c\u062a\u0645\u0627\u0639 \u0627\u0644\u0645\u062c\u0644\u0633 \u0627\u0644\u0639\u0644\u0645\u064a \u0644\u0644\u0643\u0644\u064a\u0629 \u2013 \u0643\u0644\u064a\u0629 \u0627\u0644\u062a\u0643\u0646\u0648\u0644\u0648\u062c\u064a\u0627 \u0644\u064a\u0648\u0645 18 \u0623\u0643\u062a\u0648\u0628\u0631 2020 \u0645\u062d\u0636\u0631 \u0625\u062c\u062a\u0645\u0627\u0639 \u0627\u0644\u0645\u062c\u0644\u0633 \u0627\u0644\u0639\u0644\u0645\u064a \u0644\u0644\u0643\u0644\u064a\u0629 [&hellip;]","_links":{"self":[{"href":"https:\/\/ft.univ-chlef.dz\/index.php?rest_route=\/wp\/v2\/pages\/588","targetHints":{"allow":["GET"]}}],"collection":[{"href":"https:\/\/ft.univ-chlef.dz\/index.php?rest_route=\/wp\/v2\/pages"}],"about":[{"href":"https:\/\/ft.univ-chlef.dz\/index.php?rest_route=\/wp\/v2\/types\/page"}],"author":[{"embeddable":true,"href":"https:\/\/ft.univ-chlef.dz\/index.php?rest_route=\/wp\/v2\/users\/1"}],"replies":[{"embeddable":true,"href":"https:\/\/ft.univ-chlef.dz\/index.php?rest_route=%2Fwp%2Fv2%2Fcomments&post=588"}],"version-history":[{"count":0,"href":"https:\/\/ft.univ-chlef.dz\/index.php?rest_route=\/wp\/v2\/pages\/588\/revisions"}],"wp:attachment":[{"href":"https:\/\/ft.univ-chlef.dz\/index.php?rest_route=%2Fwp%2Fv2%2Fmedia&parent=588"}],"curies":[{"name":"wp","href":"https:\/\/api.w.org\/{rel}","templated":true}]}}