{"id":6137,"date":"2022-09-25T15:22:33","date_gmt":"2022-09-25T12:22:33","guid":{"rendered":"https:\/\/www.univ-chlef.dz\/ft\/?page_id=6137"},"modified":"2022-10-24T12:06:47","modified_gmt":"2022-10-24T09:06:47","slug":"the-second-doctoral-symposium-on-technology-process-mechanical-and-electrical-engineering-dst02-2022-26-27-october-2022","status":"publish","type":"page","link":"https:\/\/ft.univ-chlef.dz\/?page_id=6137","title":{"rendered":"The Second Doctoral Symposium on Technology: Process, Mechanical and Electrical Engineering &#8211; DST\u201902-2022 &#8211; 26 &#038;27 October 2022"},"content":{"rendered":"<p style=\"text-align: center;\"><span style=\"color: #339966;\"><strong><span style=\"font-size: 14pt;\">FACULTY OF TECHNOLOGY\u00a0<\/span><\/strong><\/span><\/p>\n<p style=\"text-align: center;\"><span style=\"color: #0000ff;\"><strong><span style=\"font-size: 14pt;\">Organize<\/span><\/strong><\/span><\/p>\n<p style=\"text-align: center;\"><strong><span style=\"font-size: 14pt;\">The Second Doctoral Symposium on Technology:<\/span><\/strong><\/p>\n<p style=\"text-align: center;\"><strong><span style=\"font-size: 14pt;\">Process, Mechanical and Electrical Engineering<\/span><\/strong><\/p>\n<p style=\"text-align: center;\"><span style=\"color: #800080;\"><strong><span style=\"font-size: 14pt;\">DST\u201902-2022<\/span><\/strong><\/span><\/p>\n<p style=\"text-align: center;\"><span style=\"color: #800080; font-size: 14pt;\"><strong>26 &amp; 27 October 2022<\/strong><\/span><\/p>\n<p><span style=\"text-decoration: underline;\"><span style=\"color: #ff0000; text-decoration: underline;\"><strong><span style=\"font-size: 14pt;\">Documents \u00e0 t\u00e9l\u00e9charger:<\/span><\/strong><\/span><\/span><\/p>\n<ul>\n<li style=\"list-style-type: none;\">\n<ul>\n<li><span style=\"color: #0000ff;\"><strong><span style=\"font-size: 14pt;\"><a style=\"color: #0000ff;\" href=\"https:\/\/ft.univ-chlef.dz\/wp-content\/uploads\/2022\/09\/Abstract-template-DST02-20221.docx\">Abstract template DST\u201902-2022<\/a><\/span><\/strong><\/span><\/li>\n<li><span style=\"color: #0000ff;\"><strong><span style=\"font-size: 14pt;\"><a style=\"color: #0000ff;\" href=\"https:\/\/ft.univ-chlef.dz\/wp-content\/uploads\/2022\/09\/The-Second-Doctoral-Symposium-on-Technology.pdf\">DSTA2_flyer Sep 25th <\/a><\/span><\/strong><\/span><\/li>\n<\/ul>\n<\/li>\n<\/ul>\n<p><span style=\"text-decoration: underline;\"><span style=\"color: #ff0000; text-decoration: underline;\"><strong><span style=\"font-size: 14pt;\">Objectives of DST&rsquo;02-2022<\/span><\/strong><\/span><\/span><\/p>\n<p><strong><span style=\"font-size: 14pt;\">\u00a0\u00a0\u00a0\u00a0\u00a0 After the success of the first national Doctoral Symposium on Technology, the Faculty of Technology is glad to announce the second version, DST&rsquo;02-2022, which will be held at the Hassiba Benbouali University of Chlef, Algeria, from October 26 to 27, 2022. This scientific event will provide a rational opportunity for researchers and postgraduate students to interact and share their experience and knowledge of technology and its applications.<\/span><\/strong><\/p>\n<p><strong><span style=\"font-size: 14pt;\">\u00a0\u00a0\u00a0 The aim of the symposium is to provide a platform for researchers from both academia and industrial partners to meet and share cutting-edge developments in several fields: electrical engineering, mechanical engineering, and process engineering; and to discuss and exchange, most importantly, drafted concrete project ideas to help doctorate students to discuss their work, to find answers to questions about all sorts of issues, and to receive constructive feedback on their research.<\/span><\/strong><\/p>\n<p><span style=\"text-decoration: underline;\"><span style=\"color: #ff0000; font-size: 14pt;\"><strong>Contact:<\/strong><\/span><\/span><\/p>\n<p><span style=\"font-size: 14pt;\"><strong><span style=\"color: #0000ff;\">E-mail:<\/span> doctoral.symposium@univ-chlef.dz \u00a0 \u00a0 \u00a0 \u00a0 \u00a0 \u00a0 \u00a0 \u00a0 \u00a0 \u00a0 \u00a0\u00a0<\/strong><\/span><\/p>\n<p><span style=\"font-size: 14pt;\"><strong><span style=\"color: #0000ff;\">Tel:<\/span> (+213) 27 72 17 94\u00a0<\/strong><\/span><\/p>\n<p><span style=\"text-decoration: underline;\"><span style=\"color: #ff0000; text-decoration: underline;\"><strong><span style=\"font-size: 14pt;\">Location on google maps: <\/span><\/strong><\/span><\/span><span style=\"color: #000000;\"><strong><span style=\"font-size: 14pt;\">Veuillez en premier lieu venir au:<\/span><\/strong><\/span><\/p>\n<ol>\n<li><span style=\"color: #000000;\"><strong><span style=\"font-size: 14pt;\">Rondpoint Boca\u00e2-Chlef <\/span><\/strong><\/span><strong style=\"color: #000000;\"><span style=\"font-size: 14pt;\">(<\/span><\/strong><strong style=\"color: #000000;\"><span style=\"font-size: 14pt;\"><span style=\"color: #0000ff;\"><a style=\"color: #0000ff;\" href=\"https:\/\/goo.gl\/maps\/dvrpTLBsxVMqZrR1A\" target=\"_blank\" rel=\"noopener\" data-saferedirecturl=\"https:\/\/www.google.com\/url?q=https:\/\/goo.gl\/maps\/dvrpTLBsxVMqZrR1A&amp;source=gmail&amp;ust=1666687799284000&amp;usg=AOvVaw2H4q-oOb_6MOcqan5CPz4d\">https:\/\/goo.gl\/maps\/<wbr \/>dvrpTLBsxVMqZrR1A<\/a><\/span>) <\/span><\/strong><\/li>\n<li><strong style=\"color: #000000;\"><span style=\"font-size: 14pt;\">Suivre l\u2019itin\u00e9raire suivant : <span style=\"color: #0000ff;\"><a style=\"color: #0000ff;\" href=\"https:\/\/goo.gl\/maps\/sTRpPYwHPr3JxZsn8\" target=\"_blank\" rel=\"noopener\" data-saferedirecturl=\"https:\/\/www.google.com\/url?q=https:\/\/goo.gl\/maps\/sTRpPYwHPr3JxZsn8&amp;source=gmail&amp;ust=1666687799284000&amp;usg=AOvVaw2Ob4GxMIhetIt_axOIS0Ya\">https:\/\/goo.gl\/maps\/<wbr \/>sTRpPYwHPr3JxZsn8<\/a><\/span><\/span><\/strong><\/li>\n<\/ol>\n<p><span style=\"text-decoration: underline;\"><span style=\"color: #ff0000;\"><strong><span style=\"font-size: 14pt;\">QR code: <\/span><\/strong><\/span><\/span><\/p>\n<p><img loading=\"lazy\" decoding=\"async\" class=\"wp-image-6154 aligncenter\" src=\"https:\/\/ft.univ-chlef.dz\/wp-content\/uploads\/2022\/09\/code-qr-fac-techno.png\" alt=\"\" width=\"159\" height=\"159\" srcset=\"https:\/\/ft.univ-chlef.dz\/wp-content\/uploads\/2022\/09\/code-qr-fac-techno.png 300w, https:\/\/ft.univ-chlef.dz\/wp-content\/uploads\/2022\/09\/code-qr-fac-techno-150x150.png 150w, https:\/\/ft.univ-chlef.dz\/wp-content\/uploads\/2022\/09\/code-qr-fac-techno-70x70.png 70w\" sizes=\"auto, (max-width: 159px) 100vw, 159px\" \/><\/p>\n<p>&nbsp;<\/p>\n","protected":false},"excerpt":{"rendered":"<p>FACULTY OF TECHNOLOGY\u00a0 Organize The Second Doctoral Symposium on Technology: Process, Mechanical and Electrical Engineering DST\u201902-2022 26 &amp; 27 October [&hellip;]<\/p>\n","protected":false},"author":1,"featured_media":0,"parent":0,"menu_order":0,"comment_status":"closed","ping_status":"closed","template":"","meta":{"_uag_custom_page_level_css":"","site-sidebar-layout":"default","site-content-layout":"","ast-site-content-layout":"default","site-content-style":"default","site-sidebar-style":"default","ast-global-header-display":"","ast-banner-title-visibility":"","ast-main-header-display":"","ast-hfb-above-header-display":"","ast-hfb-below-header-display":"","ast-hfb-mobile-header-display":"","site-post-title":"","ast-breadcrumbs-content":"","ast-featured-img":"","footer-sml-layout":"","ast-disable-related-posts":"","theme-transparent-header-meta":"","adv-header-id-meta":"","stick-header-meta":"","header-above-stick-meta":"","header-main-stick-meta":"","header-below-stick-meta":"","astra-migrate-meta-layouts":"default","ast-page-background-enabled":"default","ast-page-background-meta":{"desktop":{"background-color":"var(--ast-global-color-5)","background-image":"","background-repeat":"repeat","background-position":"center center","background-size":"auto","background-attachment":"scroll","background-type":"","background-media":"","overlay-type":"","overlay-color":"","overlay-opacity":"","overlay-gradient":""},"tablet":{"background-color":"","background-image":"","background-repeat":"repeat","background-position":"center center","background-size":"auto","background-attachment":"scroll","background-type":"","background-media":"","overlay-type":"","overlay-color":"","overlay-opacity":"","overlay-gradient":""},"mobile":{"background-color":"","background-image":"","background-repeat":"repeat","background-position":"center center","background-size":"auto","background-attachment":"scroll","background-type":"","background-media":"","overlay-type":"","overlay-color":"","overlay-opacity":"","overlay-gradient":""}},"ast-content-background-meta":{"desktop":{"background-color":"var(--ast-global-color-4)","background-image":"","background-repeat":"repeat","background-position":"center center","background-size":"auto","background-attachment":"scroll","background-type":"","background-media":"","overlay-type":"","overlay-color":"","overlay-opacity":"","overlay-gradient":""},"tablet":{"background-color":"var(--ast-global-color-4)","background-image":"","background-repeat":"repeat","background-position":"center center","background-size":"auto","background-attachment":"scroll","background-type":"","background-media":"","overlay-type":"","overlay-color":"","overlay-opacity":"","overlay-gradient":""},"mobile":{"background-color":"var(--ast-global-color-4)","background-image":"","background-repeat":"repeat","background-position":"center center","background-size":"auto","background-attachment":"scroll","background-type":"","background-media":"","overlay-type":"","overlay-color":"","overlay-opacity":"","overlay-gradient":""}},"footnotes":""},"class_list":["post-6137","page","type-page","status-publish","hentry"],"uagb_featured_image_src":{"full":false,"thumbnail":false,"medium":false,"medium_large":false,"large":false,"1536x1536":false,"2048x2048":false},"uagb_author_info":{"display_name":"zouatenia mhamed","author_link":"https:\/\/ft.univ-chlef.dz\/?author=1"},"uagb_comment_info":0,"uagb_excerpt":"FACULTY OF TECHNOLOGY\u00a0 Organize The Second Doctoral Symposium on Technology: Process, Mechanical and Electrical Engineering DST\u201902-2022 26 &amp; 27 October [&hellip;]","_links":{"self":[{"href":"https:\/\/ft.univ-chlef.dz\/index.php?rest_route=\/wp\/v2\/pages\/6137","targetHints":{"allow":["GET"]}}],"collection":[{"href":"https:\/\/ft.univ-chlef.dz\/index.php?rest_route=\/wp\/v2\/pages"}],"about":[{"href":"https:\/\/ft.univ-chlef.dz\/index.php?rest_route=\/wp\/v2\/types\/page"}],"author":[{"embeddable":true,"href":"https:\/\/ft.univ-chlef.dz\/index.php?rest_route=\/wp\/v2\/users\/1"}],"replies":[{"embeddable":true,"href":"https:\/\/ft.univ-chlef.dz\/index.php?rest_route=%2Fwp%2Fv2%2Fcomments&post=6137"}],"version-history":[{"count":0,"href":"https:\/\/ft.univ-chlef.dz\/index.php?rest_route=\/wp\/v2\/pages\/6137\/revisions"}],"wp:attachment":[{"href":"https:\/\/ft.univ-chlef.dz\/index.php?rest_route=%2Fwp%2Fv2%2Fmedia&parent=6137"}],"curies":[{"name":"wp","href":"https:\/\/api.w.org\/{rel}","templated":true}]}}