{"id":6683,"date":"2023-01-15T16:46:19","date_gmt":"2023-01-15T13:46:19","guid":{"rendered":"https:\/\/www.univ-chlef.dz\/ft\/?page_id=6683"},"modified":"2023-01-15T16:47:01","modified_gmt":"2023-01-15T13:47:01","slug":"concours-de-doctorat-troisieme-cycle-lmd-2022-2023-faculte-de-technologie","status":"publish","type":"page","link":"https:\/\/ft.univ-chlef.dz\/?page_id=6683","title":{"rendered":"CONCOURS DE DOCTORAT TROISI\u00c8ME CYCLE LMD \u2013 2022\/2023 \u2013 FACULTE DE TECHNOLOGIE"},"content":{"rendered":"<h1 class=\"name post-title entry-title\"><span style=\"text-decoration: underline;\"><span style=\"font-size: 14pt; color: #ff0000;\"><strong>Liste des candidats retenus apr\u00e8s recours pour le concours doctorat:<\/strong><\/span><\/span><\/h1>\n<div class=\"entry\">\n<ul>\n<li><span style=\"font-size: 14pt; color: #0000ff;\"><a style=\"color: #0000ff;\" href=\"https:\/\/ft.univ-chlef.dz\/wp-content\/uploads\/2023\/01\/ELN-Candidats-retenus-pour-le-concours-de-doctorat-Automatique-apres-recours.docx\"><strong>Fili\u00e8re: Automatique \u2013 Sp\u00e9cialit\u00e9: Automatique et Informatique Industrielle<\/strong><\/a><\/span><\/li>\n<li><span style=\"font-size: 14pt; color: #0000ff;\"><a style=\"color: #0000ff;\" href=\"https:\/\/ft.univ-chlef.dz\/wp-content\/uploads\/2023\/01\/ELT-Candidats-retenus_ELT_AVR-apres-recours.docx\"><strong>Fili\u00e8re: Electrotechnique \u2013 Sp\u00e9cialit\u00e9s: R\u00e9seaux Electriques &amp; Commandes Electriques<\/strong><\/a><\/span><\/li>\n<li><span style=\"font-size: 14pt; color: #0000ff;\"><a style=\"color: #0000ff;\" href=\"https:\/\/ft.univ-chlef.dz\/wp-content\/uploads\/2023\/01\/GM-Candidats-retenus-pour-le-concours-de-doctorat-Genie-Mecanique-Apres-recours.doc\"><strong>Fili\u00e8re: G\u00e9nie M\u00e9canique \u2013 Sp\u00e9cialit\u00e9: Construction M\u00e9canique &amp; \u00c9nerg\u00e9tique<\/strong><\/a><\/span><\/li>\n<\/ul>\n<div class=\"entry\">\n<p style=\"text-align: center;\"><a href=\"https:\/\/ft.univ-chlef.dz\/wp-content\/uploads\/2022\/12\/Univ-chlef_placard-doctorat-2022_2023.pdf\"><span style=\"text-decoration: underline;\"><span style=\"font-size: 14pt; color: #0000ff;\"><strong>\u00a0\u062a\u062d\u0645\u064a\u0644 \u062c\u062f\u0648\u0644 \u062a\u0648\u0627\u0631\u064a\u062e \u0645\u0633\u0627\u0628\u0642\u0629 \u0627\u0644\u062f\u0643\u062a\u0648\u0631\u0627\u0647 2023\/2022<\/strong><\/span><\/span><\/a><\/p>\n<p dir=\"rtl\"><strong><span style=\"font-size: 14pt;\"><span style=\"text-decoration: underline;\"><span style=\"color: #ff0000; text-decoration: underline;\">\u0645\u0644\u0627\u062d\u0638\u0629:<\/span><\/span> \u0627\u0644\u0645\u0633\u0627\u0628\u0642\u0629 \u062a\u062c\u0631\u0649 \u0628\u0642\u0637\u0628 \u0627\u0644\u062d\u0633\u0646\u064a\u0629 \u062d\u0633\u0628 \u0627\u0644\u0645\u0648\u0642\u0639 \u0627\u0644\u0645\u0628\u064a\u0646 \u0623\u0633\u0641\u0644\u0647.<\/span><\/strong><\/p>\n<p><span style=\"text-decoration: underline;\"><span style=\"color: #ff0000; font-size: 14pt;\"><strong>Location on google maps:\u00a0<\/strong><\/span><\/span><\/p>\n<p><strong>Veuillez en premier lieu venir au:<\/strong><\/p>\n<ol>\n<li><strong>Rondpoint Boca\u00e2-Chlef\u00a0<\/strong><strong>(<\/strong><strong><a href=\"https:\/\/goo.gl\/maps\/dvrpTLBsxVMqZrR1A\" target=\"_blank\" rel=\"noopener\" data-saferedirecturl=\"https:\/\/www.google.com\/url?q=https:\/\/goo.gl\/maps\/dvrpTLBsxVMqZrR1A&amp;source=gmail&amp;ust=1666687799284000&amp;usg=AOvVaw2H4q-oOb_6MOcqan5CPz4d\">https:\/\/goo.gl\/maps\/<wbr \/>dvrpTLBsxVMqZrR1A<\/a>)<\/strong><\/li>\n<li><strong>Suivre l\u2019itin\u00e9raire suivant :\u00a0<a href=\"https:\/\/goo.gl\/maps\/sTRpPYwHPr3JxZsn8\" target=\"_blank\" rel=\"noopener\" data-saferedirecturl=\"https:\/\/www.google.com\/url?q=https:\/\/goo.gl\/maps\/sTRpPYwHPr3JxZsn8&amp;source=gmail&amp;ust=1666687799284000&amp;usg=AOvVaw2Ob4GxMIhetIt_axOIS0Ya\">https:\/\/goo.gl\/maps\/<wbr \/>sTRpPYwHPr3JxZsn8<\/a><\/strong><\/li>\n<\/ol>\n<p><strong>QR code:<\/strong><\/p>\n<p><img loading=\"lazy\" decoding=\"async\" class=\"wp-image-6154 aligncenter\" src=\"https:\/\/ft.univ-chlef.dz\/wp-content\/uploads\/2022\/09\/code-qr-fac-techno.png\" sizes=\"auto, (max-width: 159px) 100vw, 159px\" srcset=\"https:\/\/ft.univ-chlef.dz\/wp-content\/uploads\/2022\/09\/code-qr-fac-techno.png 300w, https:\/\/ft.univ-chlef.dz\/wp-content\/uploads\/2022\/09\/code-qr-fac-techno-150x150.png 150w, https:\/\/ft.univ-chlef.dz\/wp-content\/uploads\/2022\/09\/code-qr-fac-techno-70x70.png 70w\" alt=\"\" width=\"159\" height=\"159\" \/><\/p>\n<p>&nbsp;<\/p>\n<\/div>\n<p dir=\"rtl\">\n<\/div>\n","protected":false},"excerpt":{"rendered":"<p>Liste des candidats retenus apr\u00e8s recours pour le concours doctorat: Fili\u00e8re: Automatique \u2013 Sp\u00e9cialit\u00e9: Automatique et Informatique Industrielle Fili\u00e8re: Electrotechnique [&hellip;]<\/p>\n","protected":false},"author":1,"featured_media":0,"parent":0,"menu_order":0,"comment_status":"closed","ping_status":"closed","template":"","meta":{"_uag_custom_page_level_css":"","site-sidebar-layout":"default","site-content-layout":"","ast-site-content-layout":"default","site-content-style":"default","site-sidebar-style":"default","ast-global-header-display":"","ast-banner-title-visibility":"","ast-main-header-display":"","ast-hfb-above-header-display":"","ast-hfb-below-header-display":"","ast-hfb-mobile-header-display":"","site-post-title":"","ast-breadcrumbs-content":"","ast-featured-img":"","footer-sml-layout":"","ast-disable-related-posts":"","theme-transparent-header-meta":"","adv-header-id-meta":"","stick-header-meta":"","header-above-stick-meta":"","header-main-stick-meta":"","header-below-stick-meta":"","astra-migrate-meta-layouts":"default","ast-page-background-enabled":"default","ast-page-background-meta":{"desktop":{"background-color":"var(--ast-global-color-5)","background-image":"","background-repeat":"repeat","background-position":"center center","background-size":"auto","background-attachment":"scroll","background-type":"","background-media":"","overlay-type":"","overlay-color":"","overlay-opacity":"","overlay-gradient":""},"tablet":{"background-color":"","background-image":"","background-repeat":"repeat","background-position":"center center","background-size":"auto","background-attachment":"scroll","background-type":"","background-media":"","overlay-type":"","overlay-color":"","overlay-opacity":"","overlay-gradient":""},"mobile":{"background-color":"","background-image":"","background-repeat":"repeat","background-position":"center center","background-size":"auto","background-attachment":"scroll","background-type":"","background-media":"","overlay-type":"","overlay-color":"","overlay-opacity":"","overlay-gradient":""}},"ast-content-background-meta":{"desktop":{"background-color":"var(--ast-global-color-4)","background-image":"","background-repeat":"repeat","background-position":"center center","background-size":"auto","background-attachment":"scroll","background-type":"","background-media":"","overlay-type":"","overlay-color":"","overlay-opacity":"","overlay-gradient":""},"tablet":{"background-color":"var(--ast-global-color-4)","background-image":"","background-repeat":"repeat","background-position":"center center","background-size":"auto","background-attachment":"scroll","background-type":"","background-media":"","overlay-type":"","overlay-color":"","overlay-opacity":"","overlay-gradient":""},"mobile":{"background-color":"var(--ast-global-color-4)","background-image":"","background-repeat":"repeat","background-position":"center center","background-size":"auto","background-attachment":"scroll","background-type":"","background-media":"","overlay-type":"","overlay-color":"","overlay-opacity":"","overlay-gradient":""}},"footnotes":""},"class_list":["post-6683","page","type-page","status-publish","hentry"],"uagb_featured_image_src":{"full":false,"thumbnail":false,"medium":false,"medium_large":false,"large":false,"1536x1536":false,"2048x2048":false},"uagb_author_info":{"display_name":"zouatenia mhamed","author_link":"https:\/\/ft.univ-chlef.dz\/?author=1"},"uagb_comment_info":0,"uagb_excerpt":"Liste des candidats retenus apr\u00e8s recours pour le concours doctorat: Fili\u00e8re: Automatique \u2013 Sp\u00e9cialit\u00e9: Automatique et Informatique Industrielle Fili\u00e8re: Electrotechnique [&hellip;]","_links":{"self":[{"href":"https:\/\/ft.univ-chlef.dz\/index.php?rest_route=\/wp\/v2\/pages\/6683","targetHints":{"allow":["GET"]}}],"collection":[{"href":"https:\/\/ft.univ-chlef.dz\/index.php?rest_route=\/wp\/v2\/pages"}],"about":[{"href":"https:\/\/ft.univ-chlef.dz\/index.php?rest_route=\/wp\/v2\/types\/page"}],"author":[{"embeddable":true,"href":"https:\/\/ft.univ-chlef.dz\/index.php?rest_route=\/wp\/v2\/users\/1"}],"replies":[{"embeddable":true,"href":"https:\/\/ft.univ-chlef.dz\/index.php?rest_route=%2Fwp%2Fv2%2Fcomments&post=6683"}],"version-history":[{"count":0,"href":"https:\/\/ft.univ-chlef.dz\/index.php?rest_route=\/wp\/v2\/pages\/6683\/revisions"}],"wp:attachment":[{"href":"https:\/\/ft.univ-chlef.dz\/index.php?rest_route=%2Fwp%2Fv2%2Fmedia&parent=6683"}],"curies":[{"name":"wp","href":"https:\/\/api.w.org\/{rel}","templated":true}]}}