{"id":8778,"date":"2024-12-01T15:08:50","date_gmt":"2024-12-01T12:08:50","guid":{"rendered":"https:\/\/www.univ-chlef.dz\/ft\/?page_id=8778"},"modified":"2024-12-01T16:39:20","modified_gmt":"2024-12-01T13:39:20","slug":"polycopies-du-cours-technologie-des-machines-thermiques-ethydraulique-uef-3-1-1","status":"publish","type":"page","link":"https:\/\/ft.univ-chlef.dz\/?page_id=8778","title":{"rendered":"Polycopi\u00e9s du cours: Technologie des machines thermiques et hydraulique (UEF 3.1.1)"},"content":{"rendered":"<ul>\n<li>\n<h4><strong><span style=\"color: #000000;\"><span style=\"font-size: 14pt;\"><span style=\"text-decoration: underline;\"><span style=\"color: #ff0000; text-decoration: underline;\">R\u00e9dig\u00e9 par<\/span><\/span> : <span class=\"fontstyle0\">Dr. Amar ZERROUT<\/span><br \/>\n<\/span><\/span><\/strong><\/h4>\n<\/li>\n<li>\n<h4><strong><span style=\"color: #000000;\"><span style=\"font-size: 14pt;\"><span style=\"text-decoration: underline;\"><span style=\"color: #ff0000; text-decoration: underline;\">E-mail<\/span><\/span> : <\/span><\/span><span style=\"color: #3366ff;\">a.zerrout@univ-chlef.dz<\/span><\/strong><\/h4>\n<\/li>\n<li>\n<h4><strong><span style=\"color: #000000;\"><span style=\"font-size: 14pt;\"><span style=\"text-decoration: underline;\"><span style=\"color: #ff0000; text-decoration: underline;\">Destin\u00e9 pour Etudiants niveau<\/span><\/span> : <span class=\"fontstyle1\">Licence 3 \u00a0<span class=\"fontstyle0\">Maintenance Industrielle<\/span><br \/>\n<\/span><\/span><\/span><\/strong><\/h4>\n<ul>\n<li style=\"list-style-type: none;\">\n<ul>\n<li>\n<h4><strong><span style=\"color: #000000;\"><span style=\"font-size: 14pt;\">T\u00e9l\u00e9charger le polycopi\u00e9 <\/span><\/span><span style=\"color: #0000ff;\"><a style=\"color: #0000ff;\" href=\"https:\/\/ft.univ-chlef.dz\/wp-content\/uploads\/2024\/12\/Polycopie-de-cours-technologie-des-machines-thermiques.pdf\"><span style=\"font-size: 14pt;\">ici<\/span><\/a><\/span><\/strong><\/h4>\n<\/li>\n<\/ul>\n<\/li>\n<\/ul>\n<\/li>\n<\/ul>\n","protected":false},"excerpt":{"rendered":"<p>R\u00e9dig\u00e9 par : Dr. Amar ZERROUT E-mail : a.zerrout@univ-chlef.dz Destin\u00e9 pour Etudiants niveau : Licence 3 \u00a0Maintenance Industrielle T\u00e9l\u00e9charger le [&hellip;]<\/p>\n","protected":false},"author":1,"featured_media":0,"parent":0,"menu_order":0,"comment_status":"closed","ping_status":"closed","template":"","meta":{"_uag_custom_page_level_css":"","site-sidebar-layout":"default","site-content-layout":"","ast-site-content-layout":"default","site-content-style":"default","site-sidebar-style":"default","ast-global-header-display":"","ast-banner-title-visibility":"","ast-main-header-display":"","ast-hfb-above-header-display":"","ast-hfb-below-header-display":"","ast-hfb-mobile-header-display":"","site-post-title":"","ast-breadcrumbs-content":"","ast-featured-img":"","footer-sml-layout":"","ast-disable-related-posts":"","theme-transparent-header-meta":"","adv-header-id-meta":"","stick-header-meta":"","header-above-stick-meta":"","header-main-stick-meta":"","header-below-stick-meta":"","astra-migrate-meta-layouts":"default","ast-page-background-enabled":"default","ast-page-background-meta":{"desktop":{"background-color":"var(--ast-global-color-5)","background-image":"","background-repeat":"repeat","background-position":"center center","background-size":"auto","background-attachment":"scroll","background-type":"","background-media":"","overlay-type":"","overlay-color":"","overlay-opacity":"","overlay-gradient":""},"tablet":{"background-color":"","background-image":"","background-repeat":"repeat","background-position":"center center","background-size":"auto","background-attachment":"scroll","background-type":"","background-media":"","overlay-type":"","overlay-color":"","overlay-opacity":"","overlay-gradient":""},"mobile":{"background-color":"","background-image":"","background-repeat":"repeat","background-position":"center center","background-size":"auto","background-attachment":"scroll","background-type":"","background-media":"","overlay-type":"","overlay-color":"","overlay-opacity":"","overlay-gradient":""}},"ast-content-background-meta":{"desktop":{"background-color":"var(--ast-global-color-4)","background-image":"","background-repeat":"repeat","background-position":"center center","background-size":"auto","background-attachment":"scroll","background-type":"","background-media":"","overlay-type":"","overlay-color":"","overlay-opacity":"","overlay-gradient":""},"tablet":{"background-color":"var(--ast-global-color-4)","background-image":"","background-repeat":"repeat","background-position":"center center","background-size":"auto","background-attachment":"scroll","background-type":"","background-media":"","overlay-type":"","overlay-color":"","overlay-opacity":"","overlay-gradient":""},"mobile":{"background-color":"var(--ast-global-color-4)","background-image":"","background-repeat":"repeat","background-position":"center center","background-size":"auto","background-attachment":"scroll","background-type":"","background-media":"","overlay-type":"","overlay-color":"","overlay-opacity":"","overlay-gradient":""}},"footnotes":""},"class_list":["post-8778","page","type-page","status-publish","hentry"],"uagb_featured_image_src":{"full":false,"thumbnail":false,"medium":false,"medium_large":false,"large":false,"1536x1536":false,"2048x2048":false},"uagb_author_info":{"display_name":"zouatenia mhamed","author_link":"https:\/\/ft.univ-chlef.dz\/?author=1"},"uagb_comment_info":0,"uagb_excerpt":"R\u00e9dig\u00e9 par : Dr. Amar ZERROUT E-mail : a.zerrout@univ-chlef.dz Destin\u00e9 pour Etudiants niveau : Licence 3 \u00a0Maintenance Industrielle T\u00e9l\u00e9charger le [&hellip;]","_links":{"self":[{"href":"https:\/\/ft.univ-chlef.dz\/index.php?rest_route=\/wp\/v2\/pages\/8778","targetHints":{"allow":["GET"]}}],"collection":[{"href":"https:\/\/ft.univ-chlef.dz\/index.php?rest_route=\/wp\/v2\/pages"}],"about":[{"href":"https:\/\/ft.univ-chlef.dz\/index.php?rest_route=\/wp\/v2\/types\/page"}],"author":[{"embeddable":true,"href":"https:\/\/ft.univ-chlef.dz\/index.php?rest_route=\/wp\/v2\/users\/1"}],"replies":[{"embeddable":true,"href":"https:\/\/ft.univ-chlef.dz\/index.php?rest_route=%2Fwp%2Fv2%2Fcomments&post=8778"}],"version-history":[{"count":0,"href":"https:\/\/ft.univ-chlef.dz\/index.php?rest_route=\/wp\/v2\/pages\/8778\/revisions"}],"wp:attachment":[{"href":"https:\/\/ft.univ-chlef.dz\/index.php?rest_route=%2Fwp%2Fv2%2Fmedia&parent=8778"}],"curies":[{"name":"wp","href":"https:\/\/api.w.org\/{rel}","templated":true}]}}