{"id":8806,"date":"2024-12-01T16:50:51","date_gmt":"2024-12-01T13:50:51","guid":{"rendered":"https:\/\/www.univ-chlef.dz\/ft\/?page_id=8806"},"modified":"2024-12-29T12:53:02","modified_gmt":"2024-12-29T09:53:02","slug":"polycopie-de-machines-electriques-cours-et-exercices","status":"publish","type":"page","link":"https:\/\/ft.univ-chlef.dz\/?page_id=8806","title":{"rendered":"Polycopi\u00e9 de Machines \u00c9lectriques\u00a0 (Cours et Exercices)"},"content":{"rendered":"<ul>\n<li>\n<h4><strong><span style=\"color: #ff0000;\">R\u00e9dig\u00e9 par :<\/span> Dr. BOUNADJA Elhadj<\/strong><\/h4>\n<\/li>\n<li>\n<h4><strong><span style=\"color: #ff0000;\">E-mail :<\/span> <span style=\"color: #3366ff;\"><a style=\"color: #3366ff;\" href=\"mailto:e.bounadja@univ-chlef.dz\">e.bounadja@univ-chlef.dz<\/a><\/span><\/strong><\/h4>\n<\/li>\n<li>\n<h4><strong><span style=\"color: #ff0000;\">Destin\u00e9 aux \u00e9tudiants niveau:<\/span> Licence 3<\/strong><\/h4>\n<ul>\n<li style=\"list-style-type: none;\">\n<ul>\n<li>\n<h4><strong><span style=\"color: #ff0000;\">Fili\u00e8re:<\/span> \u00c9lectrom\u00e9canique<\/strong><\/h4>\n<\/li>\n<\/ul>\n<\/li>\n<\/ul>\n<\/li>\n<\/ul>\n<h4><strong>T\u00e9l\u00e9charger le polycopi\u00e9 <span style=\"color: #0000ff;\"><a style=\"color: #0000ff;\" href=\"https:\/\/ft.univ-chlef.dz\/wp-content\/uploads\/2024\/12\/Poly1.pdf\">ici<\/a><\/span><\/strong><\/h4>\n","protected":false},"excerpt":{"rendered":"<p>R\u00e9dig\u00e9 par : Dr. BOUNADJA Elhadj E-mail : e.bounadja@univ-chlef.dz Destin\u00e9 aux \u00e9tudiants niveau: Licence 3 Fili\u00e8re: \u00c9lectrom\u00e9canique T\u00e9l\u00e9charger le polycopi\u00e9 [&hellip;]<\/p>\n","protected":false},"author":1,"featured_media":0,"parent":0,"menu_order":0,"comment_status":"closed","ping_status":"closed","template":"","meta":{"_uag_custom_page_level_css":"","site-sidebar-layout":"default","site-content-layout":"","ast-site-content-layout":"default","site-content-style":"default","site-sidebar-style":"default","ast-global-header-display":"","ast-banner-title-visibility":"","ast-main-header-display":"","ast-hfb-above-header-display":"","ast-hfb-below-header-display":"","ast-hfb-mobile-header-display":"","site-post-title":"","ast-breadcrumbs-content":"","ast-featured-img":"","footer-sml-layout":"","ast-disable-related-posts":"","theme-transparent-header-meta":"","adv-header-id-meta":"","stick-header-meta":"","header-above-stick-meta":"","header-main-stick-meta":"","header-below-stick-meta":"","astra-migrate-meta-layouts":"default","ast-page-background-enabled":"default","ast-page-background-meta":{"desktop":{"background-color":"var(--ast-global-color-5)","background-image":"","background-repeat":"repeat","background-position":"center center","background-size":"auto","background-attachment":"scroll","background-type":"","background-media":"","overlay-type":"","overlay-color":"","overlay-opacity":"","overlay-gradient":""},"tablet":{"background-color":"","background-image":"","background-repeat":"repeat","background-position":"center center","background-size":"auto","background-attachment":"scroll","background-type":"","background-media":"","overlay-type":"","overlay-color":"","overlay-opacity":"","overlay-gradient":""},"mobile":{"background-color":"","background-image":"","background-repeat":"repeat","background-position":"center center","background-size":"auto","background-attachment":"scroll","background-type":"","background-media":"","overlay-type":"","overlay-color":"","overlay-opacity":"","overlay-gradient":""}},"ast-content-background-meta":{"desktop":{"background-color":"var(--ast-global-color-4)","background-image":"","background-repeat":"repeat","background-position":"center center","background-size":"auto","background-attachment":"scroll","background-type":"","background-media":"","overlay-type":"","overlay-color":"","overlay-opacity":"","overlay-gradient":""},"tablet":{"background-color":"var(--ast-global-color-4)","background-image":"","background-repeat":"repeat","background-position":"center center","background-size":"auto","background-attachment":"scroll","background-type":"","background-media":"","overlay-type":"","overlay-color":"","overlay-opacity":"","overlay-gradient":""},"mobile":{"background-color":"var(--ast-global-color-4)","background-image":"","background-repeat":"repeat","background-position":"center center","background-size":"auto","background-attachment":"scroll","background-type":"","background-media":"","overlay-type":"","overlay-color":"","overlay-opacity":"","overlay-gradient":""}},"footnotes":""},"class_list":["post-8806","page","type-page","status-publish","hentry"],"uagb_featured_image_src":{"full":false,"thumbnail":false,"medium":false,"medium_large":false,"large":false,"1536x1536":false,"2048x2048":false},"uagb_author_info":{"display_name":"zouatenia mhamed","author_link":"https:\/\/ft.univ-chlef.dz\/?author=1"},"uagb_comment_info":0,"uagb_excerpt":"R\u00e9dig\u00e9 par : Dr. BOUNADJA Elhadj E-mail : e.bounadja@univ-chlef.dz Destin\u00e9 aux \u00e9tudiants niveau: Licence 3 Fili\u00e8re: \u00c9lectrom\u00e9canique T\u00e9l\u00e9charger le polycopi\u00e9 [&hellip;]","_links":{"self":[{"href":"https:\/\/ft.univ-chlef.dz\/index.php?rest_route=\/wp\/v2\/pages\/8806","targetHints":{"allow":["GET"]}}],"collection":[{"href":"https:\/\/ft.univ-chlef.dz\/index.php?rest_route=\/wp\/v2\/pages"}],"about":[{"href":"https:\/\/ft.univ-chlef.dz\/index.php?rest_route=\/wp\/v2\/types\/page"}],"author":[{"embeddable":true,"href":"https:\/\/ft.univ-chlef.dz\/index.php?rest_route=\/wp\/v2\/users\/1"}],"replies":[{"embeddable":true,"href":"https:\/\/ft.univ-chlef.dz\/index.php?rest_route=%2Fwp%2Fv2%2Fcomments&post=8806"}],"version-history":[{"count":0,"href":"https:\/\/ft.univ-chlef.dz\/index.php?rest_route=\/wp\/v2\/pages\/8806\/revisions"}],"wp:attachment":[{"href":"https:\/\/ft.univ-chlef.dz\/index.php?rest_route=%2Fwp%2Fv2%2Fmedia&parent=8806"}],"curies":[{"name":"wp","href":"https:\/\/api.w.org\/{rel}","templated":true}]}}