{"id":8852,"date":"2024-12-04T17:07:09","date_gmt":"2024-12-04T14:07:09","guid":{"rendered":"https:\/\/www.univ-chlef.dz\/ft\/?page_id=8852"},"modified":"2025-12-07T15:27:28","modified_gmt":"2025-12-07T12:27:28","slug":"8852-2","status":"publish","type":"page","link":"https:\/\/ft.univ-chlef.dz\/?page_id=8852","title":{"rendered":"Cours en ligne"},"content":{"rendered":"<h1><strong><span style=\"color: #000000; font-size: 14pt; font-family: georgia, palatino, serif;\">1- D\u00e9partement de Tronc Commun en Technologie<\/span><\/strong><\/h1>\n<ul>\n<li style=\"list-style-type: none;\">\n<ul>\n<li>\n<h3><strong><span style=\"color: #0000ff;\"><a style=\"color: #0000ff;\" href=\"https:\/\/ft.univ-chlef.dz\/?p=4522\"><span style=\"color: #0000ff;\">Support du cours <span style=\"font-size: large;\">Fran\u00e7ais 1: Techniques\u00a0d&rsquo;expression et de r\u00e9daction<\/span><\/span><\/a><\/span><\/strong><\/h3>\n<\/li>\n<li>\n<h3><span style=\"color: #0000ff;\"><a style=\"color: #0000ff;\" href=\"https:\/\/ft.univ-chlef.dz\/?page_id=8946\"><span style=\"font-family: georgia, palatino, serif; font-size: 14pt;\"><strong>\u0645\u062d\u0627\u0636\u0631\u0627\u062a \u0645\u0642\u064a\u0627\u0633 \u0623\u062f\u0627\u0628 \u0648 \u0623\u062e\u0644\u0627\u0642\u064a\u0627\u062a \u0627\u0644\u0645\u0647\u0646\u0629\u00a0 <span class=\"fontstyle0\">Dimension \u00e9thique et d\u00e9ontologique<\/span> (2024\/2025)<\/strong><\/span><\/a><\/span><\/h3>\n<\/li>\n<\/ul>\n<\/li>\n<\/ul>\n<h3><span style=\"color: #008000; font-family: georgia, palatino, serif; font-size: 14pt;\"><strong>\u0645\u062d\u0627\u0636\u0631\u0627\u062a \u0645\u0642\u064a\u0627\u0633 \u0623\u062f\u0627\u0628 \u0648 \u0623\u062e\u0644\u0627\u0642\u064a\u0627\u062a \u0627\u0644\u0645\u0647\u0646\u0629\u00a0 <span class=\"fontstyle0\">Dimension \u00e9thique et d\u00e9ontologique<\/span> (2025\/2026)<\/strong><\/span><\/h3>\n<ul>\n<li style=\"list-style-type: none;\">\n<ul>\n<li style=\"list-style-type: none;\">\n<ul>\n<li style=\"list-style-type: none;\">\n<ul>\n<li style=\"text-align: left;\">\n<h3><strong><span style=\"color: #3366ff;\"><a style=\"color: #3366ff;\" href=\"https:\/\/moodle.univ-chlef.dz\/ar\/course\/view.php?id=6438\"><span style=\"font-family: georgia, palatino, serif; font-size: 14pt;\">Pour les ing\u00e9nieur TM (GM, GP et ELT)\u00a0<\/span><\/a><\/span><\/strong><\/h3>\n<\/li>\n<li>\n<h3><strong><span style=\"color: #3366ff;\"><a style=\"color: #3366ff;\" href=\"https:\/\/moodle.univ-chlef.dz\/ar\/course\/view.php?id=6452\">Pour les Ing\u00e9nieur ST<\/a><\/span><\/strong><\/h3>\n<\/li>\n<li>\n<h3><strong><span style=\"color: #ff0000;\">Pour Tronc Commun en Technologie <u>LMD:<\/u><\/span><\/strong><\/h3>\n<ul>\n<li style=\"list-style-type: none;\">\n<ul>\n<li>\n<h3><strong><span style=\"color: #0000ff;\"><a style=\"color: #0000ff;\" href=\"https:\/\/ft.univ-chlef.dz\/wp-content\/uploads\/2025\/11\/\u0627\u0644\u0645\u062d\u0648\u0631-\u0627\u0644\u0627\u0648\u0644-\u0643\u0627\u0645\u0644.pdf\">\u0627\u0644\u0645\u062d\u0648\u0631 \u0627\u0644\u0623\u0648\u0644<\/a>: \u0627\u0644\u0645\u0641\u0627\u0647\u064a\u0645 \u0627\u0644\u0623\u0633\u0627\u0633\u064a\u0629 \u0644\u0645\u0642\u064a\u0627\u0633 \u0623\u062f\u0627\u0628 \u0648 \u0623\u062e\u0644\u0627\u0642\u064a\u0627\u062a \u0627\u0644\u0645\u0647\u0646\u0629<\/span><\/strong><\/h3>\n<\/li>\n<li>\n<h3><strong><span style=\"color: #0000ff;\"><a style=\"color: #0000ff;\" href=\"https:\/\/ft.univ-chlef.dz\/wp-content\/uploads\/2025\/11\/\u0627\u0644\u0645\u062d\u0648\u0631-\u0627\u0644\u062b\u0627\u0646\u064a-\u0643\u0627\u0645\u0644.pdf\">\u0627\u0644\u0645\u062d\u0648\u0631 \u0627\u0644\u062b\u0627\u0646\u064a<\/a>: \u0627\u0644\u062d\u0631\u0645 \u0627\u0644\u062c\u0627\u0645\u0639\u064a<\/span><\/strong><\/h3>\n<\/li>\n<li>\n<h3><strong><span style=\"color: #0000ff;\"><a style=\"color: #0000ff;\" href=\"https:\/\/ft.univ-chlef.dz\/wp-content\/uploads\/2025\/11\/\u0627\u0644\u0645\u062d\u0648\u0631-\u0627\u0644\u062b\u0627\u0644\u062b-\u0643\u0627\u0645\u0644.pdf\">\u0627\u0644\u0645\u062d\u0648\u0631 \u0627\u0644\u062b\u0627\u0644\u062b<\/a>: \u0627\u0644\u0642\u064a\u0645 \u0627\u0644\u062c\u0627\u0645\u0639\u064a\u0629<\/span><\/strong><\/h3>\n<\/li>\n<li>\n<h3><strong><span style=\"color: #0000ff;\"><a style=\"color: #0000ff;\" href=\"https:\/\/ft.univ-chlef.dz\/wp-content\/uploads\/2025\/11\/\u0627\u0644\u0645\u062d\u0648\u0631-\u0627\u0644\u0631\u0627\u0628\u0639-\u0643\u0627\u0645\u0644.pdf\">\u0627\u0644\u0645\u062d\u0648\u0631 \u0627\u0644\u0631\u0627\u0628\u0639<\/a>: \u062d\u0642\u0648\u0642 \u0648 \u0648\u0627\u062c\u0628\u0627\u062a \u0627\u0644\u0637\u0627\u0644\u0628 \u0627\u0644\u062c\u0627\u0645\u0639\u064a<\/span><\/strong><\/h3>\n<\/li>\n<li>\n<h3><strong><span style=\"color: #0000ff;\"><a style=\"color: #0000ff;\" href=\"https:\/\/ft.univ-chlef.dz\/wp-content\/uploads\/2025\/11\/\u0627\u0644\u0645\u062d\u0648\u0631-\u0627\u0644\u062e\u0627\u0645\u0633-\u0643\u0627\u0645\u0644.pdf\">\u0627\u0644\u0645\u062d\u0648\u0631 \u0627\u0644\u062e\u0627\u0645\u0633<\/a>: \u0627\u0644\u0639\u0644\u0627\u0642\u0627\u062a \u0627\u0644\u062c\u0627\u0645\u0639\u064a\u0629<\/span><\/strong><\/h3>\n<\/li>\n<li>\n<h3><strong><span style=\"color: #0000ff;\"><a style=\"color: #0000ff;\" href=\"https:\/\/ft.univ-chlef.dz\/wp-content\/uploads\/2025\/11\/\u0627\u0644\u0645\u062d\u0648\u0631-\u0627\u0644\u0633\u0627\u062f\u0633-\u0643\u0627\u0645\u0644.pdf\">\u0627\u0644\u0645\u062d\u0648\u0631 \u0627\u0644\u0633\u0627\u062f\u0633<\/a>: \u0627\u0644\u0645\u0645\u0627\u0631\u0633\u0627\u062a \u062f\u0627\u062e\u0644 \u0627\u0644\u062c\u0627\u0645\u0639\u0629<\/span><\/strong><\/h3>\n<\/li>\n<\/ul>\n<\/li>\n<\/ul>\n<\/li>\n<\/ul>\n<\/li>\n<\/ul>\n<\/li>\n<\/ul>\n<\/li>\n<\/ul>\n<ul>\n<li style=\"list-style-type: none;\">\n<ul>\n<li><span style=\"color: #0000ff; font-family: georgia, palatino, serif; font-size: 14pt;\"><strong><a style=\"color: #0000ff;\" href=\"https:\/\/moodle.univ-chlef.dz\/fr\/course\/view.php?id=2241\">\u062f\u0631\u0648\u0633 \u0645\u0642\u064a\u0627\u0633 \u0627\u0644\u0645\u0646\u0647\u062c\u064a\u0629<\/a><\/strong><\/span><span style=\"color: #0000ff;\"><strong><span style=\"font-size: 14pt;\"><br \/><\/span><\/strong><\/span><\/li>\n<li><strong><span style=\"color: #0000ff; font-size: 14pt;\"><a style=\"color: #0000ff;\" href=\"https:\/\/ft.univ-chlef.dz\/wp-content\/uploads\/2024\/03\/TP4-LOI-DE-BOYLE-\u2013-MARIOTTE.pdf\">TP4 LOI DE BOYLE\u2013MARIOTTE<\/a><\/span><\/strong><\/li>\n<li>\n<h3><span style=\"color: #ff0000;\">Cours Informatique 1<\/span><\/h3>\n<\/li>\n<\/ul>\n<\/li>\n<\/ul>\n<h3 style=\"padding-left: 40px;\">\u00a0<\/h3>\n<h1><span style=\"font-size: 14pt; color: #000000; font-family: georgia, palatino, serif;\"><strong>2- D\u00e9partement Electronique<\/strong><\/span><\/h1>\n<ul>\n<li style=\"list-style-type: none;\">\n<ul>\n<li style=\"list-style-type: none;\">\n<ul>\n<li><span style=\"font-size: 14pt; font-family: georgia, palatino, serif;\">Licence 2<\/span>\n<ul>\n<li><span style=\"color: #0000ff;\"><strong><a style=\"color: #0000ff;\" href=\"https:\/\/ft.univ-chlef.dz\/wp-content\/uploads\/2024\/05\/COURS-TS-L2.pdf\"><span style=\"font-size: 14pt; font-family: georgia, palatino, serif;\">COURS: THEORIE DU SIGNAL, Dr. TAHRAOUI SOUAD, Niveau : Licence 2 \u2013 Electronique &amp; T\u00e9l\u00e9communications<\/span><\/a><\/strong><\/span><\/li>\n<\/ul>\n<\/li>\n<\/ul>\n<\/li>\n<\/ul>\n<\/li>\n<\/ul>\n<ul>\n<li style=\"list-style-type: none;\">\n<ul>\n<li style=\"list-style-type: none;\">\n<ul>\n<li><span style=\"font-size: 14pt; font-family: georgia, palatino, serif;\">Licence 3<\/span>\n<ul>\n<li><span style=\"color: #0000ff;\"><strong><a style=\"color: #0000ff;\" href=\"https:\/\/ft.univ-chlef.dz\/wp-content\/uploads\/2024\/05\/TP-C-L3-AUTO.pdf\"><span style=\"font-size: 14pt;\">TP C++ Dr. TAHRAOUI Souad 2023-2024 L3 Automatique<\/span><\/a><\/strong><\/span><\/li>\n<li><a href=\"https:\/\/ft.univ-chlef.dz\/wp-content\/uploads\/2024\/01\/COURS-PROGRAMMATION-Cpp-TAHRAOUI-Souad-Chlef-final-L3-Automatique-2018_compressed.pdf\">COURS-PROGRAMMATION-Cpp- Dr. TAHRAOUI-Souad- L3 Automatique\u00a0<\/a><\/li>\n<\/ul>\n<\/li>\n<li><span style=\"font-size: 14pt; font-family: georgia, palatino, serif;\">Master 1: <\/span>\n<ul>\n<li><span style=\"font-size: 14pt; font-family: georgia, palatino, serif;\"><span style=\"color: #0000ff;\"><strong><a style=\"color: #0000ff;\" href=\"https:\/\/ft.univ-chlef.dz\/wp-content\/uploads\/2024\/05\/TP-TS-M1-AUTO.pdf\">Travaux pratiques en traitement du signal : M1 automatique et informatique industrielle, <span id=\"page3R_mcid8\" class=\"markedContent\"><span dir=\"ltr\" role=\"presentation\"><span id=\"page3R_mcid11\" class=\"markedContent\"><span id=\"page3R_mcid24\" class=\"markedContent\">TAHRAOUI SOUAAD Ma\u00eetre de Conf\u00e9rences A<\/span><\/span><\/span><\/span><\/a><\/strong><\/span><br \/><\/span><\/li>\n<li>\n<h4><a href=\"https:\/\/ft.univ-chlef.dz\/wp-content\/uploads\/2024\/06\/polycopie.pdf\"><strong><span style=\"color: #0000ff;\">Support de cours: Syst\u00e8mes Asservis Num\u00e9rique(SAN): <span class=\"fontstyle0\">Master 1 \u00c9lectronique des syst\u00e8mes Embarqu\u00e9, Dr. SAADAT Boulanouar\u00a0<\/span><\/span><\/strong><\/a><\/h4>\n<\/li>\n<\/ul>\n<\/li>\n<li><span style=\"font-size: 14pt; font-family: georgia, palatino, serif;\">Master 2<\/span>\n<ul>\n<li><span style=\"color: #0000ff; font-size: 14pt; font-family: georgia, palatino, serif;\"><a style=\"color: #0000ff;\" href=\"https:\/\/ft.univ-chlef.dz\/wp-content\/uploads\/2023\/03\/POLYCOPE-FPGA-M2-AUT2-1.pdf\"><span class=\"fontstyle0\">FPGA et programmation VHDL (M2 &#8211; Automatique)<\/span><\/a><\/span><\/li>\n<li><span style=\"color: #0000ff;\"><strong><a style=\"color: #0000ff;\" href=\"https:\/\/ft.univ-chlef.dz\/wp-content\/uploads\/2024\/05\/COURS-DLD-M2-AUTO-2022-2023.pdf\"><span style=\"font-size: 14pt; font-family: georgia, palatino, serif;\"><span id=\"page3R_mcid7\" class=\"markedContent\"><span dir=\"ltr\" role=\"presentation\">Cours: <\/span><\/span><\/span><span style=\"font-size: 14pt; font-family: georgia, palatino, serif;\"><span id=\"page3R_mcid8\" class=\"markedContent\"><span dir=\"ltr\" role=\"presentation\">D\u00e9tection et Localisation des D\u00e9fauts &#8211; <span id=\"page3R_mcid11\" class=\"markedContent\">Master 2: Automatique et Informatique Industrielle, <span id=\"page3R_mcid24\" class=\"markedContent\">TAHRAOUI SOUAAD Ma\u00eetre de Conf\u00e9rences A<\/span><\/span><\/span><\/span><\/span><\/a><\/strong><\/span><\/li>\n<\/ul>\n<\/li>\n<\/ul>\n<\/li>\n<\/ul>\n<\/li>\n<\/ul>\n<h4 style=\"padding-left: 40px;\"><span style=\"color: #0000ff;\"><strong><a style=\"color: #0000ff;\" href=\"https:\/\/ft.univ-chlef.dz\/?page_id=2612\">Autres cours d&rsquo;Electronique<\/a><\/strong><\/span><\/h4>\n<hr \/>\n<h1><span style=\"font-size: 14pt; color: #000000; font-family: georgia, palatino, serif;\"><strong>3- D\u00e9partement Electrotechnique<\/strong><\/span><\/h1>\n<ul>\n<li style=\"list-style-type: none;\">\n<ul>\n<li style=\"list-style-type: none;\">\n<ul>\n<li><span style=\"font-size: 14pt; font-family: georgia, palatino, serif;\">Licence 2<\/span><\/li>\n<li><span style=\"font-size: 14pt; font-family: georgia, palatino, serif;\">Licence 3<\/span>\n<ul>\n<li>\n<h4><span style=\"color: #0000ff; font-size: 14pt; font-family: georgia, palatino, serif;\"><a style=\"color: #0000ff;\" href=\"https:\/\/ft.univ-chlef.dz\/wp-content\/uploads\/2023\/10\/Polycope-TP-VFF.pdf\">Polycopi\u00e9 des Travaux Pratiques Sch\u00e9mas et Appareillages \u00e9lectriques \u2013 L3 \u00a0(ELT et ELM) &#8211; Dr. AISSA BOKHTACHE Aicha<\/a><\/span><\/h4>\n<\/li>\n<li>\n<h4><span style=\"color: #0000ff; font-family: georgia, palatino, serif;\"><a style=\"color: #0000ff;\" href=\"https:\/\/ft.univ-chlef.dz\/wp-content\/uploads\/2023\/10\/Polyope-SA-VF02.pdf\"><span style=\"font-size: 14pt;\">Polycopi\u00e9 du module sch\u00e9ma et appareillage<br \/>\u00e9lectrique \u00a0&#8211; Dr. AISSA BOKHTACHE Aicha<\/span><\/a><\/span><\/h4>\n<\/li>\n<li>\n<h4><strong><span style=\"color: #0000ff;\"><a style=\"color: #0000ff;\" href=\"https:\/\/ft.univ-chlef.dz\/?page_id=8806\">Polycopi\u00e9 de Machines \u00c9lectriques\u00a0 (Cours et Exercices) &#8211; Dr. BOUNADJA Elhadj<\/a><\/span><\/strong><\/h4>\n<\/li>\n<li>\n<h3><a href=\"https:\/\/ft.univ-chlef.dz\/?page_id=10102\"><span style=\"color: #0000ff;\"><strong>Travaux Dirig\u00e9 Mat\u00e9riaux et Introduction \u00e0 La Haute Tension &#8211; Dr. MOSTEFAOUI Mohamed<\/strong><\/span><\/a><\/h3>\n<\/li>\n<\/ul>\n<\/li>\n<li><span style=\"font-size: 14pt; font-family: georgia, palatino, serif;\">Master\u00a0 1<\/span>\n<ul>\n<li>\n<h4><a href=\"https:\/\/ft.univ-chlef.dz\/?page_id=8789\"><span style=\"color: #0000ff;\">Polycopi\u00e9 de Machines \u00c9lectriques Approfondies (Cours et Exercices) &#8211; Dr BOUNADJA Elhadj<\/span><\/a><\/h4>\n<h4>\u00a0<\/h4>\n<\/li>\n<\/ul>\n<\/li>\n<li><span style=\"font-size: 14pt; font-family: georgia, palatino, serif;\">Master\u00a0 2<\/span><\/li>\n<\/ul>\n<\/li>\n<\/ul>\n<\/li>\n<\/ul>\n<ul>\n<li style=\"list-style-type: none;\">\n<ul>\n<li style=\"list-style-type: none;\">\n<ul>\n<li style=\"list-style-type: none;\">\n<ul>\n<li><span style=\"font-size: 14pt; font-family: georgia, palatino, serif;\"><a href=\"https:\/\/ft.univ-chlef.dz\/?page_id=5769\"><span style=\"color: #0000ff;\"><strong>Cours: Identification et diagnostic des machines \u00e9lectriques\u00a0 &#8211; Master 2 Machines Electriques<\/strong><\/span><\/a><\/span><\/li>\n<li>\n<h3><a href=\"https:\/\/ft.univ-chlef.dz\/?page_id=10085\"><strong><span style=\"color: #0000ff;\"><span style=\"color: #0000ff;\">Polycopie : Maintenance et suret\u00e9 de fonctionnement cours + TD &#8211; <\/span><\/span><\/strong><span style=\"color: #0000ff;\"><strong>Dr. MOSTEFAOUI Mohamed<\/strong><\/span><\/a><\/h3>\n<h3>\u00a0<\/h3>\n<\/li>\n<\/ul>\n<\/li>\n<\/ul>\n<\/li>\n<\/ul>\n<\/li>\n<\/ul>\n<h4 style=\"padding-left: 40px;\"><strong><span style=\"color: #0000ff;\"><a style=\"color: #0000ff;\" href=\"https:\/\/ft.univ-chlef.dz\/?page_id=2641\">Autres cours d&rsquo;Electrotechnique<\/a><\/span><\/strong><\/h4>\n<hr \/>\n<p><span style=\"color: #000000; font-size: 14pt; font-family: georgia, palatino, serif;\"><strong>4- D\u00e9partement G\u00e9nie des proc\u00e9d\u00e9s<\/strong><\/span><\/p>\n<ul>\n<li style=\"list-style-type: none;\">\n<ul>\n<li style=\"list-style-type: none;\">\n<ul>\n<li><span style=\"font-size: 14pt; font-family: georgia, palatino, serif;\">Licence 2:<\/span>\n<ul>\n<li style=\"list-style-type: none;\">\n<ul>\n<li>\n<h4><strong><span style=\"color: #0000ff;\"><a style=\"color: #0000ff;\" href=\"https:\/\/ft.univ-chlef.dz\/?page_id=8829\">Fluid Mechanics Lab Manual (UEM 2.2) &#8211; Dr. BARAKA Oussama<\/a><\/span><\/strong><\/h4>\n<\/li>\n<\/ul>\n<\/li>\n<\/ul>\n<\/li>\n<li><span style=\"color: #000000; font-family: georgia, palatino, serif; font-size: 14pt;\">Licence 3:<\/span>\n<ul>\n<li style=\"list-style-type: none;\">\n<ul>\n<li>\n<h4><strong><span style=\"color: #0000ff;\"><a style=\"color: #0000ff;\" href=\"https:\/\/ft.univ-chlef.dz\/?page_id=8823\">Cours proc\u00e9d\u00e9s cryog\u00e9niques (UED 3.2) &#8211; Dr. BARAKA Oussama<\/a><\/span><\/strong><\/h4>\n<\/li>\n<\/ul>\n<\/li>\n<\/ul>\n<\/li>\n<li><span style=\"font-size: 14pt; font-family: georgia, palatino, serif;\">Master 1<\/span><\/li>\n<li><span style=\"font-size: 14pt; font-family: georgia, palatino, serif;\">Master 2<\/span><\/li>\n<\/ul>\n<\/li>\n<\/ul>\n<\/li>\n<\/ul>\n<h4 style=\"padding-left: 40px;\"><strong><span style=\"color: #0000ff; font-size: 14pt; font-family: georgia, palatino, serif;\"><a style=\"color: #0000ff;\" href=\"https:\/\/ft.univ-chlef.dz\/?page_id=6631\">Les cours d&rsquo;anglais Technique<\/a><\/span><\/strong><\/h4>\n<h4 style=\"padding-left: 40px;\"><span style=\"color: #0000ff;\"><a style=\"color: #0000ff;\" href=\"https:\/\/ft.univ-chlef.dz\/?page_id=2569\"><strong>Autres cours de G\u00e9nie des proc\u00e9d\u00e9s<\/strong><\/a><\/span><\/h4>\n<hr \/>\n<p><span style=\"font-size: 14pt; color: #000000; font-family: georgia, palatino, serif;\"><strong>5- D\u00e9partement G\u00e9nie M\u00e9canique<\/strong><\/span><\/p>\n<ul>\n<li style=\"list-style-type: none;\">\n<ul>\n<li style=\"list-style-type: none;\">\n<ul>\n<li><span style=\"font-size: 14pt; font-family: georgia, palatino, serif;\">Licence 2<\/span>\n<ul>\n<li style=\"list-style-type: none;\">\n<ul>\n<li>\n<h4><strong><span style=\"color: #0000ff;\">Polycopi\u00e9 du <a style=\"color: #0000ff;\" href=\"https:\/\/ft.univ-chlef.dz\/?page_id=8764\"><span class=\"fontstyle0\">cours <\/span><span class=\"fontstyle1\">Logique combinatoire et s\u00e9quentielle <span class=\"fontstyle0\">(UED <\/span><span class=\"fontstyle2\">2.2.1)<\/span>&#8211; Licence 2 <span class=\"fontstyle0\">Electrom\u00e9canique<\/span> &#8211; Dr Amar ZERROUT<\/span><\/a><\/span><\/strong><\/h4>\n<\/li>\n<\/ul>\n<\/li>\n<\/ul>\n<\/li>\n<li><span style=\"font-size: 14pt; font-family: georgia, palatino, serif;\">Licence 3<\/span>\n<ul>\n<li style=\"list-style-type: none;\">\n<ul>\n<li>\n<h4><strong><span style=\"color: #0000ff;\">Polycopi\u00e9 du <\/span><\/strong><strong><span style=\"color: #0000ff;\"><a style=\"color: #0000ff;\" href=\"https:\/\/ft.univ-chlef.dz\/?page_id=8778\"><span class=\"fontstyle0\">cours: Technologie des machines thermiques et hydraulique (UEF <\/span><span class=\"fontstyle2\">3.1.1)-Licence 3 <span class=\"fontstyle0\">Maintenance Industrielle<\/span> &#8211; Dr Amar ZERROUT<\/span><\/a><\/span><\/strong><\/h4>\n<\/li>\n<\/ul>\n<\/li>\n<\/ul>\n<\/li>\n<li><span style=\"font-size: 14pt; font-family: georgia, palatino, serif;\">Master 1<br \/><\/span><\/li>\n<li><span style=\"font-size: 14pt; font-family: georgia, palatino, serif;\">Master 2<\/span><\/li>\n<\/ul>\n<\/li>\n<\/ul>\n<\/li>\n<\/ul>\n<p style=\"padding-left: 40px;\"><span style=\"color: #0000ff; font-size: 14pt; font-family: georgia, palatino, serif;\"><strong><a style=\"color: #0000ff;\" href=\"https:\/\/ft.univ-chlef.dz\/?page_id=6631\">Les cours d&rsquo;anglais Technique<\/a><\/strong><\/span><\/p>\n<h4 style=\"padding-left: 40px;\"><span style=\"color: #0000ff;\"><strong><a style=\"color: #0000ff;\" href=\"https:\/\/ft.univ-chlef.dz\/?page_id=2571\">Autres cours de G\u00e9nie M\u00e9canique<\/a><\/strong><\/span><\/h4>\n<h3><a href=\"https:\/\/ft.univ-chlef.dz\/?page_id=837\"><span style=\"color: #0000ff;\"><strong>Autres cours\u00a0<\/strong><\/span><\/a><\/h3>\n\n\n<hr class=\"wp-block-separator has-alpha-channel-opacity is-style-wide\"\/>\n","protected":false},"excerpt":{"rendered":"<p>1- D\u00e9partement de Tronc Commun en Technologie Support du cours Fran\u00e7ais 1: Techniques\u00a0d&rsquo;expression et de r\u00e9daction \u0645\u062d\u0627\u0636\u0631\u0627\u062a \u0645\u0642\u064a\u0627\u0633 \u0623\u062f\u0627\u0628 \u0648 [&hellip;]<\/p>\n","protected":false},"author":1,"featured_media":0,"parent":0,"menu_order":0,"comment_status":"closed","ping_status":"closed","template":"","meta":{"_uag_custom_page_level_css":"","site-sidebar-layout":"default","site-content-layout":"","ast-site-content-layout":"default","site-content-style":"default","site-sidebar-style":"default","ast-global-header-display":"","ast-banner-title-visibility":"","ast-main-header-display":"","ast-hfb-above-header-display":"","ast-hfb-below-header-display":"","ast-hfb-mobile-header-display":"","site-post-title":"","ast-breadcrumbs-content":"","ast-featured-img":"","footer-sml-layout":"","ast-disable-related-posts":"","theme-transparent-header-meta":"","adv-header-id-meta":"","stick-header-meta":"","header-above-stick-meta":"","header-main-stick-meta":"","header-below-stick-meta":"","astra-migrate-meta-layouts":"default","ast-page-background-enabled":"default","ast-page-background-meta":{"desktop":{"background-color":"var(--ast-global-color-5)","background-image":"","background-repeat":"repeat","background-position":"center center","background-size":"auto","background-attachment":"scroll","background-type":"","background-media":"","overlay-type":"","overlay-color":"","overlay-opacity":"","overlay-gradient":""},"tablet":{"background-color":"","background-image":"","background-repeat":"repeat","background-position":"center center","background-size":"auto","background-attachment":"scroll","background-type":"","background-media":"","overlay-type":"","overlay-color":"","overlay-opacity":"","overlay-gradient":""},"mobile":{"background-color":"","background-image":"","background-repeat":"repeat","background-position":"center center","background-size":"auto","background-attachment":"scroll","background-type":"","background-media":"","overlay-type":"","overlay-color":"","overlay-opacity":"","overlay-gradient":""}},"ast-content-background-meta":{"desktop":{"background-color":"var(--ast-global-color-4)","background-image":"","background-repeat":"repeat","background-position":"center center","background-size":"auto","background-attachment":"scroll","background-type":"","background-media":"","overlay-type":"","overlay-color":"","overlay-opacity":"","overlay-gradient":""},"tablet":{"background-color":"var(--ast-global-color-4)","background-image":"","background-repeat":"repeat","background-position":"center center","background-size":"auto","background-attachment":"scroll","background-type":"","background-media":"","overlay-type":"","overlay-color":"","overlay-opacity":"","overlay-gradient":""},"mobile":{"background-color":"var(--ast-global-color-4)","background-image":"","background-repeat":"repeat","background-position":"center center","background-size":"auto","background-attachment":"scroll","background-type":"","background-media":"","overlay-type":"","overlay-color":"","overlay-opacity":"","overlay-gradient":""}},"footnotes":""},"class_list":["post-8852","page","type-page","status-publish","hentry"],"uagb_featured_image_src":{"full":false,"thumbnail":false,"medium":false,"medium_large":false,"large":false,"1536x1536":false,"2048x2048":false},"uagb_author_info":{"display_name":"zouatenia mhamed","author_link":"https:\/\/ft.univ-chlef.dz\/?author=1"},"uagb_comment_info":0,"uagb_excerpt":"1- D\u00e9partement de Tronc Commun en Technologie Support du cours Fran\u00e7ais 1: Techniques\u00a0d&rsquo;expression et de r\u00e9daction \u0645\u062d\u0627\u0636\u0631\u0627\u062a \u0645\u0642\u064a\u0627\u0633 \u0623\u062f\u0627\u0628 \u0648 [&hellip;]","_links":{"self":[{"href":"https:\/\/ft.univ-chlef.dz\/index.php?rest_route=\/wp\/v2\/pages\/8852","targetHints":{"allow":["GET"]}}],"collection":[{"href":"https:\/\/ft.univ-chlef.dz\/index.php?rest_route=\/wp\/v2\/pages"}],"about":[{"href":"https:\/\/ft.univ-chlef.dz\/index.php?rest_route=\/wp\/v2\/types\/page"}],"author":[{"embeddable":true,"href":"https:\/\/ft.univ-chlef.dz\/index.php?rest_route=\/wp\/v2\/users\/1"}],"replies":[{"embeddable":true,"href":"https:\/\/ft.univ-chlef.dz\/index.php?rest_route=%2Fwp%2Fv2%2Fcomments&post=8852"}],"version-history":[{"count":0,"href":"https:\/\/ft.univ-chlef.dz\/index.php?rest_route=\/wp\/v2\/pages\/8852\/revisions"}],"wp:attachment":[{"href":"https:\/\/ft.univ-chlef.dz\/index.php?rest_route=%2Fwp%2Fv2%2Fmedia&parent=8852"}],"curies":[{"name":"wp","href":"https:\/\/api.w.org\/{rel}","templated":true}]}}